{"id":17397,"date":"2025-09-16T16:56:38","date_gmt":"2025-09-16T14:56:38","guid":{"rendered":"https:\/\/boreait.com\/fr\/?post_type=product&#038;p=17397"},"modified":"2025-09-16T16:58:32","modified_gmt":"2025-09-16T14:58:32","slug":"cable-pour-emplacement-pour-carte-micro-sd-dell-latitude-7212-rugged-extreme-0801-6dl3e00","status":"publish","type":"product","link":"https:\/\/boreait.com\/fr\/produit\/cable-pour-emplacement-pour-carte-micro-sd-dell-latitude-7212-rugged-extreme-0801-6dl3e00\/","title":{"rendered":"C\u00e2ble pour emplacement pour carte Micro SD Dell Latitude 7212 Rugged Extreme 0801-6DL3E00"},"content":{"rendered":"<p class=\"\" data-start=\"908\" data-end=\"1400\">Le <strong data-start=\"912\" data-end=\"974\">c\u00e2ble de logement de carte micro SD Dell Latitude 7212 Rugged Extreme<\/strong> (num\u00e9ro de pi\u00e8ce <strong data-start=\"988\" data-end=\"1004\">0801-6DL3E00<\/strong>) est une pi\u00e8ce de rechange essentielle pour la s\u00e9rie <strong data-start=\"1047\" data-end=\"1084\">Dell Latitude 7212 Rugged Extreme<\/strong>, sp\u00e9cialement con\u00e7ue pour restaurer la fonctionnalit\u00e9 de votre logement de carte micro SD. Que vous r\u00e9pariez un port endommag\u00e9 ou que vous mettiez \u00e0 niveau votre c\u00e2ble existant, cette pi\u00e8ce Dell d&rsquo;origine garantit un transfert de donn\u00e9es fiable et fluide, ce qui en fait le choix id\u00e9al pour ceux qui cherchent \u00e0 restaurer les performances de leur ordinateur portable.<\/p>\n<h3 class=\"\" data-start=\"1402\" data-end=\"1419\">Principales caract\u00e9ristiques\u00a0:<\/h3>\n<ul data-start=\"1420\" data-end=\"1767\">\n<li class=\"\" data-start=\"1420\" data-end=\"1483\">\n<p class=\"\" data-start=\"1422\" data-end=\"1483\"><strong data-start=\"1422\" data-end=\"1475\">Compatible avec les mod\u00e8les Dell Latitude 7212 Rugged Extreme<\/strong>.<\/p>\n<\/li>\n<li class=\"\" data-start=\"1484\" data-end=\"1516\">\n<p class=\"\" data-start=\"1486\" data-end=\"1516\"><strong data-start=\"1486\" data-end=\"1501\">R\u00e9f\u00e9rence<\/strong>\u00a0: 0801-6DL3E00.<\/p>\n<\/li>\n<li class=\"\" data-start=\"1517\" data-end=\"1589\">\n<p class=\"\" data-start=\"1519\" data-end=\"1589\"><strong data-start=\"1519\" data-end=\"1552\">Pi\u00e8ce de rechange Dell d&rsquo;origine<\/strong> pour une qualit\u00e9 et une durabilit\u00e9 sup\u00e9rieures.<\/p>\n<\/li>\n<li class=\"\" data-start=\"1590\" data-end=\"1684\">\n<p class=\"\" data-start=\"1592\" data-end=\"1684\">Id\u00e9al pour <strong data-start=\"1604\" data-end=\"1630\">r\u00e9parer ou remplacer<\/strong> un C\u00e2ble d&#8217;emplacement pour carte micro SD d\u00e9fectueux ou endommag\u00e9.<\/p>\n<\/li>\n<li class=\"\" data-start=\"1685\" data-end=\"1764\">\n<p class=\"\" data-start=\"1687\" data-end=\"1764\">Performances fiables et durables pour un acc\u00e8s fluide \u00e0 vos donn\u00e9es.<\/p>\n<\/li>\n<\/ul>\n<p class=\"\" data-start=\"1768\" data-end=\"2028\">Cette pi\u00e8ce de haute qualit\u00e9 est garantie par son authenticit\u00e9, vous offrant la tranquillit\u00e9 d&rsquo;esprit dont vous avez besoin lors du remplacement du c\u00e2ble d&#8217;emplacement pour carte micro SD de votre ordinateur portable. La liste inclut des photos r\u00e9elles de la pi\u00e8ce que vous recevrez, garantissant transparence et confiance lors de votre achat.<\/p>\n<h3 class=\"\" data-start=\"2030\" data-end=\"2094\">Pourquoi choisir ce c\u00e2ble pour lecteur de carte Micro SD pour Dell Latitude 7212\u00a0?<\/h3>\n<ul data-start=\"2095\" data-end=\"2547\">\n<li class=\"\" data-start=\"2095\" data-end=\"2273\">\n<p class=\"\" data-start=\"2097\" data-end=\"2273\"><strong data-start=\"2097\" data-end=\"2118\">Pi\u00e8ce Dell d&rsquo;origine<\/strong>\u00a0: Contrairement aux alternatives g\u00e9n\u00e9riques, ce c\u00e2ble est sp\u00e9cialement con\u00e7u et fabriqu\u00e9 pour votre ordinateur portable, garantissant ainsi sa conformit\u00e9 aux normes \u00e9lev\u00e9es des produits Dell.<\/p>\n<\/li>\n<li class=\"\" data-start=\"2274\" data-end=\"2417\">\n<p class=\"\" data-start=\"2276\" data-end=\"2417\"><strong data-start=\"2276\" data-end=\"2305\">Construction de haute qualit\u00e9<\/strong>\u00a0: Con\u00e7u pour durer avec des mat\u00e9riaux r\u00e9sistants, ce c\u00e2ble garantit des performances fiables, m\u00eame dans des conditions difficiles.<\/p>\n<\/li>\n<li class=\"\" data-start=\"2418\" data-end=\"2547\">\n<p class=\"\" data-start=\"2420\" data-end=\"2547\"><strong data-start=\"2420\" data-end=\"2442\">Livraison internationale<\/strong>\u00a0: Au service de nos clients en Europe et dans le monde entier, nous assurons une livraison rapide et s\u00e9curis\u00e9e pour r\u00e9pondre \u00e0 vos besoins.<\/p>\n<\/li>\n<\/ul>\n<p class=\"\" data-start=\"2549\" data-end=\"2737\">Pour toute assistance ou instruction suppl\u00e9mentaire concernant l&rsquo;installation de cette pi\u00e8ce, veuillez nous contacter. N&rsquo;h\u00e9sitez pas \u00e0 nous contacter. Nous sommes l\u00e0 pour vous aider et faire en sorte que votre ordinateur portable retrouve son \u00e9tat de fonctionnement d&rsquo;origine\u00a0!<\/p>\n","protected":false},"excerpt":{"rendered":"<p>Ce c\u00e2ble authentique pour lecteur de carte micro SD Dell Latitude 7212 Rugged Extreme (r\u00e9f\u00e9rence <strong data-start=\"411\" data-end=\"427\">0801-6DL3E00<\/strong>) est id\u00e9al pour remplacer le lecteur de carte micro SD de votre ordinateur portable. Fabriqu\u00e9 avec des mat\u00e9riaux de haute qualit\u00e9, il garantit un fonctionnement fiable de votre appareil et un acc\u00e8s fluide aux donn\u00e9es. Id\u00e9al pour les r\u00e9parations ou les mises \u00e0 niveau, ce c\u00e2ble est indispensable pour restaurer ou am\u00e9liorer les performances de votre ordinateur portable. <em data-start=\"738\" data-end=\"793\">Remarque\u00a0: les photos repr\u00e9sentent la pi\u00e8ce exacte que vous recevrez.<\/em> Si vous avez besoin d&rsquo;aide pour l&rsquo;installation, n&rsquo;h\u00e9sitez pas \u00e0 nous contacter\u00a0!<\/p>\n","protected":false},"featured_media":17462,"template":"","meta":[],"product_brand":[],"product_cat":[63],"product_tag":[],"class_list":{"0":"post-17397","1":"product","2":"type-product","3":"status-publish","4":"has-post-thumbnail","6":"product_cat-motherboards-board-parts","8":"first","9":"instock","10":"taxable","11":"shipping-taxable","12":"purchasable","13":"product-type-simple"},"_links":{"self":[{"href":"https:\/\/boreait.com\/fr\/wp-json\/wp\/v2\/product\/17397","targetHints":{"allow":["GET"]}}],"collection":[{"href":"https:\/\/boreait.com\/fr\/wp-json\/wp\/v2\/product"}],"about":[{"href":"https:\/\/boreait.com\/fr\/wp-json\/wp\/v2\/types\/product"}],"wp:featuredmedia":[{"embeddable":true,"href":"https:\/\/boreait.com\/fr\/wp-json\/wp\/v2\/media\/17462"}],"wp:attachment":[{"href":"https:\/\/boreait.com\/fr\/wp-json\/wp\/v2\/media?parent=17397"}],"wp:term":[{"taxonomy":"product_brand","embeddable":true,"href":"https:\/\/boreait.com\/fr\/wp-json\/wp\/v2\/product_brand?post=17397"},{"taxonomy":"product_cat","embeddable":true,"href":"https:\/\/boreait.com\/fr\/wp-json\/wp\/v2\/product_cat?post=17397"},{"taxonomy":"product_tag","embeddable":true,"href":"https:\/\/boreait.com\/fr\/wp-json\/wp\/v2\/product_tag?post=17397"}],"curies":[{"name":"wp","href":"https:\/\/api.w.org\/{rel}","templated":true}]}}