{"id":17386,"date":"2025-09-16T16:56:15","date_gmt":"2025-09-16T14:56:15","guid":{"rendered":"https:\/\/boreait.com\/fr\/?post_type=product&#038;p=17386"},"modified":"2025-09-16T16:58:12","modified_gmt":"2025-09-16T14:58:12","slug":"bouton-dalimentation-robuste-avec-cable-pour-ordinateur-portable-latitude-7212-piece-de-rechange-dorigine","status":"publish","type":"product","link":"https:\/\/boreait.com\/fr\/produit\/bouton-dalimentation-robuste-avec-cable-pour-ordinateur-portable-latitude-7212-piece-de-rechange-dorigine\/","title":{"rendered":"Bouton d&rsquo;alimentation robuste avec c\u00e2ble pour ordinateur portable Latitude 7212 \u2013 Pi\u00e8ce de rechange d&rsquo;origine"},"content":{"rendered":"<p class=\"\" data-start=\"748\" data-end=\"1162\">Remplacez un bouton d&rsquo;alimentation us\u00e9 ou d\u00e9fectueux par le <strong data-start=\"807\" data-end=\"855\">bouton d&rsquo;alimentation robuste avec c\u00e2ble pour tablette Latitude 7212<\/strong>. Cette pi\u00e8ce de rechange Dell d&rsquo;origine et de haute qualit\u00e9 est sp\u00e9cialement con\u00e7ue pour la <strong data-start=\"939\" data-end=\"975\">tablette robuste Dell Latitude 7212<\/strong>, garantissant des performances fiables et une utilisation durable. Le kit comprend le bouton d&rsquo;alimentation et son c\u00e2ble, ce qui simplifie l&rsquo;installation pour les personnes familiaris\u00e9es avec la r\u00e9paration de tablettes.<\/p>\n<h3 class=\"\" data-start=\"1164\" data-end=\"1185\">Caract\u00e9ristiques du produit\u00a0:<\/h3>\n<ul data-start=\"1186\" data-end=\"1651\">\n<li class=\"\" data-start=\"1186\" data-end=\"1270\">\n<p class=\"\" data-start=\"1188\" data-end=\"1270\"><strong data-start=\"1188\" data-end=\"1205\">Compatibilit\u00e9<\/strong>\u00a0: Sp\u00e9cialement con\u00e7u pour la <strong data-start=\"1233\" data-end=\"1269\">tablette robuste Dell Latitude 7212<\/strong>.<\/p>\n<\/li>\n<li class=\"\" data-start=\"1271\" data-end=\"1351\">\n<p class=\"\" data-start=\"1273\" data-end=\"1351\"><strong data-start=\"1273\" data-end=\"1294\">Pi\u00e8ce Dell d&rsquo;origine<\/strong>\u00a0: Pi\u00e8ce de rechange OEM de haute qualit\u00e9 pour une int\u00e9gration fluide.<\/p>\n<\/li>\n<li class=\"\" data-start=\"1352\" data-end=\"1455\">\n<p class=\"\" data-start=\"1354\" data-end=\"1455\"><strong data-start=\"1354\" data-end=\"1368\">Durabilit\u00e9<\/strong>\u00a0: Id\u00e9ale pour les environnements difficiles, elle pr\u00e9serve la robustesse et les fonctionnalit\u00e9s de la tablette.<\/p>\n<\/li>\n<li class=\"\" data-start=\"1456\" data-end=\"1568\">\n<p class=\"\" data-start=\"1458\" data-end=\"1568\"><strong data-start=\"1458\" data-end=\"1478\">Pr\u00eat \u00e0 Installation\u00a0: Bouton d&rsquo;alimentation et c\u00e2ble inclus. Photos de la pi\u00e8ce que vous recevrez.<\/p>\n<\/li>\n<li class=\"\" data-start=\"1569\" data-end=\"1651\">\n<p class=\"\" data-start=\"1571\" data-end=\"1651\"><strong data-start=\"1571\" data-end=\"1592\">Installation facile<\/strong>\u00a0: Id\u00e9al pour les r\u00e9parations \u00e0 faire soi-m\u00eame. Besoin d&rsquo;aide\u00a0? Contactez-nous\u00a0!<\/p>\n<\/li>\n<\/ul>\n<p class=\"\" data-start=\"1653\" data-end=\"2009\">Ce <strong data-start=\"1658\" data-end=\"1706\">bouton d&rsquo;alimentation robuste avec c\u00e2ble pour Latitude 7212<\/strong> est la solution id\u00e9ale pour restaurer toutes les fonctionnalit\u00e9s de votre tablette robuste. Que vous remplaciez un bouton d\u00e9fectueux ou que vous souhaitiez effectuer une mise \u00e0 niveau, vous pouvez compter sur cette pi\u00e8ce pour r\u00e9pondre aux normes de qualit\u00e9 \u00e9lev\u00e9es de votre appareil. Si vous avez des questions ou avez besoin d&rsquo;aide lors de l&rsquo;installation, n&rsquo;h\u00e9sitez pas \u00e0 nous contacter\u00a0!<\/p>\n","protected":false},"excerpt":{"rendered":"<p>Ce bouton d&rsquo;alimentation robuste avec c\u00e2ble pour tablette Dell Latitude 7212 est une pi\u00e8ce de rechange indispensable. Con\u00e7u pour durer, il garantit un fonctionnement optimal de votre appareil. Ce produit comprend le bouton d&rsquo;alimentation et son c\u00e2ble, pr\u00eats \u00e0 \u00eatre install\u00e9s facilement. Pour toute assistance, n&rsquo;h\u00e9sitez pas \u00e0 nous contacter. Les photos montrent la pi\u00e8ce exacte que vous recevrez.<\/p>\n","protected":false},"featured_media":17450,"template":"","meta":[],"product_brand":[],"product_cat":[63],"product_tag":[],"class_list":{"0":"post-17386","1":"product","2":"type-product","3":"status-publish","4":"has-post-thumbnail","6":"product_cat-motherboards-board-parts","8":"first","9":"instock","10":"taxable","11":"shipping-taxable","12":"purchasable","13":"product-type-simple"},"_links":{"self":[{"href":"https:\/\/boreait.com\/fr\/wp-json\/wp\/v2\/product\/17386","targetHints":{"allow":["GET"]}}],"collection":[{"href":"https:\/\/boreait.com\/fr\/wp-json\/wp\/v2\/product"}],"about":[{"href":"https:\/\/boreait.com\/fr\/wp-json\/wp\/v2\/types\/product"}],"wp:featuredmedia":[{"embeddable":true,"href":"https:\/\/boreait.com\/fr\/wp-json\/wp\/v2\/media\/17450"}],"wp:attachment":[{"href":"https:\/\/boreait.com\/fr\/wp-json\/wp\/v2\/media?parent=17386"}],"wp:term":[{"taxonomy":"product_brand","embeddable":true,"href":"https:\/\/boreait.com\/fr\/wp-json\/wp\/v2\/product_brand?post=17386"},{"taxonomy":"product_cat","embeddable":true,"href":"https:\/\/boreait.com\/fr\/wp-json\/wp\/v2\/product_cat?post=17386"},{"taxonomy":"product_tag","embeddable":true,"href":"https:\/\/boreait.com\/fr\/wp-json\/wp\/v2\/product_tag?post=17386"}],"curies":[{"name":"wp","href":"https:\/\/api.w.org\/{rel}","templated":true}]}}