{"id":17385,"date":"2025-09-16T16:56:15","date_gmt":"2025-09-16T14:56:15","guid":{"rendered":"https:\/\/boreait.com\/fr\/?post_type=product&#038;p=17385"},"modified":"2025-09-16T16:58:09","modified_gmt":"2025-09-16T14:58:09","slug":"cache-webcam-arriere-robuste-pour-latitude-7212","status":"publish","type":"product","link":"https:\/\/boreait.com\/fr\/produit\/cache-webcam-arriere-robuste-pour-latitude-7212\/","title":{"rendered":"Cache webcam arri\u00e8re robuste pour Latitude 7212"},"content":{"rendered":"<p class=\"\" data-start=\"758\" data-end=\"1108\">Prot\u00e9gez votre confidentialit\u00e9 et votre s\u00e9curit\u00e9 avec le <strong data-start=\"800\" data-end=\"849\">Protecteur de webcam arri\u00e8re robuste pour Latitude 7212<\/strong>, une pi\u00e8ce de rechange d&rsquo;origine de haute qualit\u00e9 con\u00e7ue pour l&rsquo;ordinateur portable robuste <strong data-start=\"909\" data-end=\"931\">Dell Latitude 7212<\/strong>. Ce cache de webcam est con\u00e7u pour durer et prot\u00e9ger efficacement votre appareil contre les acc\u00e8s ind\u00e9sirables \u00e0 la cam\u00e9ra, tout en pr\u00e9servant ses performances robustes.<\/p>\n<p class=\"\" data-start=\"1110\" data-end=\"1406\">Que vous utilisiez votre Latitude 7212 pour le travail, les voyages ou les activit\u00e9s de plein air, ce cache de webcam prot\u00e8ge votre cam\u00e9ra en toute s\u00e9curit\u00e9 lorsqu&rsquo;elle n&rsquo;est pas utilis\u00e9e. Facile \u00e0 installer et con\u00e7u pour s&rsquo;adapter parfaitement \u00e0 votre appareil, il s&rsquo;int\u00e9grera parfaitement \u00e0 votre appareil sans aucun probl\u00e8me.<\/p>\n<p class=\"\" data-start=\"1408\" data-end=\"1425\"><strong data-start=\"1408\" data-end=\"1425\">Principales caract\u00e9ristiques\u00a0:<\/strong><\/p>\n<ul data-start=\"1426\" data-end=\"1726\">\n<li class=\"\" data-start=\"1426\" data-end=\"1480\">\n<p class=\"\" data-start=\"1428\" data-end=\"1480\"><strong data-start=\"1428\" data-end=\"1442\">Compatible<\/strong> avec l&rsquo;ordinateur portable robuste Dell Latitude 7212.<\/p>\n<\/li>\n<li class=\"\" data-start=\"1481\" data-end=\"1533\">\n<p class=\"\" data-start=\"1483\" data-end=\"1533\"><strong data-start=\"1483\" data-end=\"1494\">Durable<\/strong> et con\u00e7u pour r\u00e9sister aux conditions difficiles<\/p>\n<\/li>\n<li class=\"\" data-start=\"1534\" data-end=\"1579\">\n<p class=\"\" data-start=\"1536\" data-end=\"1579\"><strong data-start=\"1536\" data-end=\"1551\">Ajustement parfait<\/strong> pour une installation transparente<\/p>\n<\/li>\n<li class=\"\" data-start=\"1580\" data-end=\"1630\">\n<p class=\"\" data-start=\"1582\" data-end=\"1630\"><strong data-start=\"1582\" data-end=\"1604\">Protection de la vie priv\u00e9e<\/strong> Ne pas utiliser la cam\u00e9ra<\/p>\n<\/li>\n<li class=\"\" data-start=\"1631\" data-end=\"1671\">\n<p class=\"\" data-start=\"1633\" data-end=\"1671\"><strong data-start=\"1633\" data-end=\"1661\">Pi\u00e8ce de rechange d&rsquo;origine<\/strong> Dell<\/p>\n<\/li>\n<li class=\"\" data-start=\"1672\" data-end=\"1726\">\n<p class=\"\" data-start=\"1674\" data-end=\"1726\"><strong data-start=\"1674\" data-end=\"1689\">Des photos r\u00e9elles<\/strong> de la pi\u00e8ce sont pr\u00e9sent\u00e9es dans la liste.<\/p>\n<\/li>\n<\/ul>\n<p class=\"\" data-start=\"1728\" data-end=\"1971\">Ce cache webcam est id\u00e9al pour remplacer une webcam us\u00e9e. Si vous souhaitez remplacer une pi\u00e8ce ou renforcer la protection de votre appareil, n&rsquo;h\u00e9sitez pas \u00e0 nous contacter pour toute question ou assistance concernant l&rsquo;installation. Nous serons ravis de vous aider.<\/p>\n<p class=\"\" data-start=\"1973\" data-end=\"2137\">Prot\u00e9gez votre ordinateur portable avec le <strong data-start=\"2014\" data-end=\"2063\">Protecteur de webcam arri\u00e8re robuste pour Latitude 7212<\/strong>, un accessoire indispensable pour tous ceux qui accordent de l&rsquo;importance \u00e0 la confidentialit\u00e9 et \u00e0 la durabilit\u00e9.<\/p>\n","protected":false},"excerpt":{"rendered":"<p>Prot\u00e9gez votre vie priv\u00e9e et am\u00e9liorez la durabilit\u00e9 de votre appareil avec ce cache-webcam arri\u00e8re robuste pour Latitude 7212. Con\u00e7u sp\u00e9cifiquement pour le Dell Latitude 7212, ce cache-webcam offre une solution robuste et fiable pour prot\u00e9ger votre cam\u00e9ra. Facile \u00e0 installer et con\u00e7u pour durer, il constitue la pi\u00e8ce de rechange id\u00e9ale pour votre ordinateur portable robuste. Photos r\u00e9elles du produit incluses.<\/p>\n","protected":false},"featured_media":17449,"template":"","meta":[],"product_brand":[],"product_cat":[52],"product_tag":[],"class_list":{"0":"post-17385","1":"product","2":"type-product","3":"status-publish","4":"has-post-thumbnail","6":"product_cat-laptop-housing","8":"first","9":"instock","10":"taxable","11":"shipping-taxable","12":"purchasable","13":"product-type-simple"},"_links":{"self":[{"href":"https:\/\/boreait.com\/fr\/wp-json\/wp\/v2\/product\/17385","targetHints":{"allow":["GET"]}}],"collection":[{"href":"https:\/\/boreait.com\/fr\/wp-json\/wp\/v2\/product"}],"about":[{"href":"https:\/\/boreait.com\/fr\/wp-json\/wp\/v2\/types\/product"}],"wp:featuredmedia":[{"embeddable":true,"href":"https:\/\/boreait.com\/fr\/wp-json\/wp\/v2\/media\/17449"}],"wp:attachment":[{"href":"https:\/\/boreait.com\/fr\/wp-json\/wp\/v2\/media?parent=17385"}],"wp:term":[{"taxonomy":"product_brand","embeddable":true,"href":"https:\/\/boreait.com\/fr\/wp-json\/wp\/v2\/product_brand?post=17385"},{"taxonomy":"product_cat","embeddable":true,"href":"https:\/\/boreait.com\/fr\/wp-json\/wp\/v2\/product_cat?post=17385"},{"taxonomy":"product_tag","embeddable":true,"href":"https:\/\/boreait.com\/fr\/wp-json\/wp\/v2\/product_tag?post=17385"}],"curies":[{"name":"wp","href":"https:\/\/api.w.org\/{rel}","templated":true}]}}