{"id":17376,"date":"2025-09-16T16:55:51","date_gmt":"2025-09-16T14:55:51","guid":{"rendered":"https:\/\/boreait.com\/fr\/?post_type=product&#038;p=17376"},"modified":"2025-09-16T16:57:53","modified_gmt":"2025-09-16T14:57:53","slug":"cache-de-port-e-s-extreme-pour-ordinateur-portable-latitude-7212-rugged-piece-de-rechange-dell-dorigine","status":"publish","type":"product","link":"https:\/\/boreait.com\/fr\/produit\/cache-de-port-e-s-extreme-pour-ordinateur-portable-latitude-7212-rugged-piece-de-rechange-dell-dorigine\/","title":{"rendered":"Cache de port E\/S Extreme pour ordinateur portable Latitude 7212 Rugged\u00a0\u2013 Pi\u00e8ce de rechange Dell d&rsquo;origine"},"content":{"rendered":"<p class=\"\" data-start=\"741\" data-end=\"1007\">Assurez-vous que votre ordinateur portable <strong data-start=\"753\" data-end=\"790\">Dell Latitude 7212 Rugged Extreme<\/strong> reste enti\u00e8rement prot\u00e9g\u00e9 gr\u00e2ce \u00e0 ce <strong data-start=\"832\" data-end=\"858\">cache de port E\/S d&rsquo;origine<\/strong>. Cette pi\u00e8ce de rechange durable est con\u00e7ue pour prot\u00e9ger les ports d&rsquo;entr\u00e9e\/sortie de votre ordinateur portable des \u00e9l\u00e9ments environnementaux tels que la salet\u00e9, la poussi\u00e8re et l&rsquo;humidit\u00e9.<\/p>\n<p class=\"\" data-start=\"1009\" data-end=\"1378\">Le <strong data-start=\"1013\" data-end=\"1060\">cache de port E\/S du Latitude 7212 Rugged Extreme<\/strong> est fabriqu\u00e9 \u00e0 partir de mat\u00e9riaux de haute qualit\u00e9, garantissant sa r\u00e9sistance aux conditions difficiles souvent rencontr\u00e9es dans les environnements industriels et ext\u00e9rieurs. Que vous utilisiez votre ordinateur portable sur le terrain, \u00e0 des fins militaires ou dans un environnement difficile, cette housse contribuera \u00e0 pr\u00e9server sa long\u00e9vit\u00e9 et ses fonctionnalit\u00e9s.<\/p>\n<p class=\"\" data-start=\"1380\" data-end=\"1400\"><strong data-start=\"1380\" data-end=\"1400\">D\u00e9tails du produit\u00a0:<\/strong><\/p>\n<ul data-start=\"1401\" data-end=\"1665\">\n<li class=\"\" data-start=\"1401\" data-end=\"1457\">\n<p class=\"\" data-start=\"1403\" data-end=\"1457\"><strong data-start=\"1403\" data-end=\"1412\">Mod\u00e8le<\/strong>\u00a0: Cache-port E\/S Latitude 7212 Rugged Extreme<\/p>\n<\/li>\n<li class=\"\" data-start=\"1458\" data-end=\"1535\">\n<p class=\"\" data-start=\"1460\" data-end=\"1535\"><strong data-start=\"1460\" data-end=\"1477\">Compatibilit\u00e9<\/strong>\u00a0: Compatible avec le Dell Latitude 7212 Rugged Extreme Series<\/p>\n<\/li>\n<li class=\"\" data-start=\"1536\" data-end=\"1617\">\n<p class=\"\" data-start=\"1538\" data-end=\"1617\"><strong data-start=\"1538\" data-end=\"1550\">Mat\u00e9riau<\/strong>\u00a0: Construction en plastique durable con\u00e7ue pour une protection longue dur\u00e9e<\/p>\n<\/li>\n<li class=\"\" data-start=\"1618\" data-end=\"1665\">\n<p class=\"\" data-start=\"1620\" data-end=\"1665\"><strong data-start=\"1620\" data-end=\"1633\">\u00c9tat<\/strong>\u00a0: Neuf et pr\u00eat \u00e0 installer.<\/p>\n<\/li>\n<\/ul>\n<p class=\"\" data-start=\"1667\" data-end=\"1840\">Ce <strong data-start=\"1672\" data-end=\"1695\">cache-ports E\/S Dell<\/strong> offre un ajustement parfait et prot\u00e8ge les ports de votre appareil, garantissant ainsi la protection de votre ordinateur portable, m\u00eame dans les environnements les plus difficiles.<\/p>\n<p class=\"\" data-start=\"1842\" data-end=\"1862\"><strong data-start=\"1842\" data-end=\"1862\">Remarques importantes\u00a0:<\/strong><\/p>\n<ul data-start=\"1863\" data-end=\"2079\">\n<li class=\"\" data-start=\"1863\" data-end=\"1968\">\n<p class=\"\" data-start=\"1865\" data-end=\"1968\">Aucune instruction d&rsquo;installation n&rsquo;est fournie, mais si vous avez besoin d&rsquo;aide, n&rsquo;h\u00e9sitez pas \u00e0 nous contacter \u00e0 tout moment.<\/p>\n<\/li>\n<li class=\"\" data-start=\"1969\" data-end=\"2079\">\n<p class=\"\" data-start=\"1971\" data-end=\"2079\">Les photos de cette annonce repr\u00e9sentent le produit r\u00e9el que vous recevrez, vous garantissant ainsi un produit parfaitement adapt\u00e9 \u00e0 vos besoins.<\/p>\n<\/li>\n<\/ul>\n<p class=\"\" data-start=\"2081\" data-end=\"2349\">Que vous soyez un professionnel \u00e0 la recherche de pi\u00e8ces d\u00e9tach\u00e9es robustes et fiables pour votre ordinateur portable ou un utilisateur souhaitant remplacer une coque perdue ou endommag\u00e9e, cette pi\u00e8ce de rechange d&rsquo;origine garantit la protection de votre ordinateur portable. Commandez d\u00e8s aujourd&rsquo;hui pour garder votre <strong data-start=\"2297\" data-end=\"2319\">Dell Latitude 7212<\/strong> en parfait \u00e9tat de fonctionnement\u00a0!<\/p>\n","protected":false},"excerpt":{"rendered":"<p>Ce cache de port E\/S d&rsquo;origine pour Dell Latitude 7212 Rugged Extreme est une pi\u00e8ce de rechange de haute qualit\u00e9 con\u00e7ue pour prot\u00e9ger les ports E\/S de votre appareil de la poussi\u00e8re, de l&rsquo;humidit\u00e9 et des dommages. Compatible avec la s\u00e9rie Dell Latitude 7212 Rugged Extreme, il garantit la s\u00e9curit\u00e9 de votre ordinateur portable dans les environnements difficiles. Les photos pr\u00e9sent\u00e9es dans l&rsquo;annonce repr\u00e9sentent le produit r\u00e9el que vous recevrez.<\/p>\n","protected":false},"featured_media":17439,"template":"","meta":[],"product_brand":[],"product_cat":[52],"product_tag":[],"class_list":{"0":"post-17376","1":"product","2":"type-product","3":"status-publish","4":"has-post-thumbnail","6":"product_cat-laptop-housing","8":"first","9":"instock","10":"taxable","11":"shipping-taxable","12":"purchasable","13":"product-type-simple"},"_links":{"self":[{"href":"https:\/\/boreait.com\/fr\/wp-json\/wp\/v2\/product\/17376","targetHints":{"allow":["GET"]}}],"collection":[{"href":"https:\/\/boreait.com\/fr\/wp-json\/wp\/v2\/product"}],"about":[{"href":"https:\/\/boreait.com\/fr\/wp-json\/wp\/v2\/types\/product"}],"wp:featuredmedia":[{"embeddable":true,"href":"https:\/\/boreait.com\/fr\/wp-json\/wp\/v2\/media\/17439"}],"wp:attachment":[{"href":"https:\/\/boreait.com\/fr\/wp-json\/wp\/v2\/media?parent=17376"}],"wp:term":[{"taxonomy":"product_brand","embeddable":true,"href":"https:\/\/boreait.com\/fr\/wp-json\/wp\/v2\/product_brand?post=17376"},{"taxonomy":"product_cat","embeddable":true,"href":"https:\/\/boreait.com\/fr\/wp-json\/wp\/v2\/product_cat?post=17376"},{"taxonomy":"product_tag","embeddable":true,"href":"https:\/\/boreait.com\/fr\/wp-json\/wp\/v2\/product_tag?post=17376"}],"curies":[{"name":"wp","href":"https:\/\/api.w.org\/{rel}","templated":true}]}}