{"id":17375,"date":"2025-09-16T16:55:51","date_gmt":"2025-09-16T14:55:51","guid":{"rendered":"https:\/\/boreait.com\/fr\/?post_type=product&#038;p=17375"},"modified":"2025-09-16T16:57:51","modified_gmt":"2025-09-16T14:57:51","slug":"cache-de-remplacement-du-port-de-charge-cc-du-dell-latitude-7212-rugged-extreme-pieces-dorigine-pour-ordinateur-portable","status":"publish","type":"product","link":"https:\/\/boreait.com\/fr\/produit\/cache-de-remplacement-du-port-de-charge-cc-du-dell-latitude-7212-rugged-extreme-pieces-dorigine-pour-ordinateur-portable\/","title":{"rendered":"Cache de remplacement du port de charge CC du Dell Latitude 7212 Rugged Extreme | Pi\u00e8ces d&rsquo;origine pour ordinateur portable"},"content":{"rendered":"<p class=\"\" data-start=\"619\" data-end=\"973\">Assurez-vous que votre ordinateur portable Dell Latitude 7212 Rugged Extreme reste prot\u00e9g\u00e9 avec ce couvercle de port de charge d&rsquo;alimentation CC de remplacement authentique. Con\u00e7ue pour un ajustement parfait, cette coque assure la s\u00e9curit\u00e9 du port de charge et le prot\u00e8ge de la poussi\u00e8re, de la salet\u00e9 et de l&rsquo;humidit\u00e9, un atout essentiel pour pr\u00e9server les performances de votre ordinateur portable, notamment dans les environnements difficiles.<\/p>\n<p class=\"\" data-start=\"975\" data-end=\"992\"><strong data-start=\"975\" data-end=\"992\">Principales caract\u00e9ristiques\u00a0:<\/strong><\/p>\n<ul data-start=\"993\" data-end=\"1633\">\n<li class=\"\" data-start=\"993\" data-end=\"1123\">\n<p class=\"\" data-start=\"995\" data-end=\"1123\"><strong data-start=\"995\" data-end=\"1012\">Compatibilit\u00e9<\/strong>\u00a0: Exclusivement pour l&rsquo;ordinateur portable Dell Latitude 7212 Rugged Extreme, elle garantit un ajustement parfait et une protection fiable.<\/p>\n<\/li>\n<li class=\"\" data-start=\"1124\" data-end=\"1247\">\n<p class=\"\" data-start=\"1126\" data-end=\"1247\"><strong data-start=\"1126\" data-end=\"1140\">Durabilit\u00e9<\/strong>\u00a0: Con\u00e7u pour r\u00e9sister aux conditions difficiles, il est id\u00e9al pour les professionnels travaillant dans des environnements difficiles.<\/p>\n<\/li>\n<li class=\"\" data-start=\"1248\" data-end=\"1383\">\n<p class=\"\" data-start=\"1250\" data-end=\"1383\"><strong data-start=\"1250\" data-end=\"1278\">Pi\u00e8ce de rechange d&rsquo;origine<\/strong>\u00a0: Ce cache est une pi\u00e8ce Dell d&rsquo;origine, offrant la m\u00eame qualit\u00e9 et la m\u00eame fiabilit\u00e9 que le composant d&rsquo;origine.<\/p>\n<\/li>\n<li class=\"\" data-start=\"1384\" data-end=\"1509\">\n<p class=\"\" data-start=\"1386\" data-end=\"1509\"><strong data-start=\"1386\" data-end=\"1409\">Photos r\u00e9elles du produit<\/strong>\u00a0: Les photos de la liste repr\u00e9sentent la pi\u00e8ce que vous recevrez, garantissant une transparence totale.<\/p>\n<\/li>\n<li class=\"\" data-start=\"1510\" data-end=\"1633\">\n<p class=\"\" data-start=\"1512\" data-end=\"1633\"><strong data-start=\"1512\" data-end=\"1532\">Remplacement facile<\/strong>\u00a0: Bien que les instructions ne soient pas incluses, n&rsquo;h\u00e9sitez pas \u00e0 nous contacter si vous avez besoin d&rsquo;aide.<\/p>\n<\/li>\n<\/ul>\n<p class=\"\" data-start=\"1635\" data-end=\"1957\">Ce cache pour port de charge CC contribuera \u00e0 pr\u00e9server la long\u00e9vit\u00e9 et la fonctionnalit\u00e9 de votre appareil. Que vous travailliez dans le b\u00e2timent, sur le terrain ou dans tout autre environnement exigeant, cette housse offrira la protection dont votre ordinateur portable a besoin. Pour toute question ou besoin d&rsquo;aide, n&rsquo;h\u00e9sitez pas \u00e0 nous contacter\u00a0!<\/p>\n","protected":false},"excerpt":{"rendered":"<p>Ce cache de port de charge CC d&rsquo;origine est sp\u00e9cialement con\u00e7u pour l&rsquo;ordinateur portable Dell Latitude 7212 Rugged Extreme. Il s&rsquo;agit de la pi\u00e8ce de rechange id\u00e9ale pour garantir une protection s\u00fbre et fiable du port de charge. Id\u00e9al pour pr\u00e9server la durabilit\u00e9 et la fonctionnalit\u00e9 de votre appareil dans les environnements difficiles.<\/p>\n","protected":false},"featured_media":17438,"template":"","meta":[],"product_brand":[],"product_cat":[52],"product_tag":[],"class_list":{"0":"post-17375","1":"product","2":"type-product","3":"status-publish","4":"has-post-thumbnail","6":"product_cat-laptop-housing","8":"first","9":"instock","10":"taxable","11":"shipping-taxable","12":"purchasable","13":"product-type-simple"},"_links":{"self":[{"href":"https:\/\/boreait.com\/fr\/wp-json\/wp\/v2\/product\/17375","targetHints":{"allow":["GET"]}}],"collection":[{"href":"https:\/\/boreait.com\/fr\/wp-json\/wp\/v2\/product"}],"about":[{"href":"https:\/\/boreait.com\/fr\/wp-json\/wp\/v2\/types\/product"}],"wp:featuredmedia":[{"embeddable":true,"href":"https:\/\/boreait.com\/fr\/wp-json\/wp\/v2\/media\/17438"}],"wp:attachment":[{"href":"https:\/\/boreait.com\/fr\/wp-json\/wp\/v2\/media?parent=17375"}],"wp:term":[{"taxonomy":"product_brand","embeddable":true,"href":"https:\/\/boreait.com\/fr\/wp-json\/wp\/v2\/product_brand?post=17375"},{"taxonomy":"product_cat","embeddable":true,"href":"https:\/\/boreait.com\/fr\/wp-json\/wp\/v2\/product_cat?post=17375"},{"taxonomy":"product_tag","embeddable":true,"href":"https:\/\/boreait.com\/fr\/wp-json\/wp\/v2\/product_tag?post=17375"}],"curies":[{"name":"wp","href":"https:\/\/api.w.org\/{rel}","templated":true}]}}