{"id":17363,"date":"2025-09-16T16:55:22","date_gmt":"2025-09-16T14:55:22","guid":{"rendered":"https:\/\/boreait.com\/fr\/?post_type=product&#038;p=17363"},"modified":"2025-10-01T08:37:33","modified_gmt":"2025-10-01T06:37:33","slug":"stylet-passif-authentique-pour-tablette-dell-latitude-7212-rugged-extreme-piece-dorigine-pour-ordinateur-portable","status":"publish","type":"product","link":"https:\/\/boreait.com\/fr\/produit\/stylet-passif-authentique-pour-tablette-dell-latitude-7212-rugged-extreme-piece-dorigine-pour-ordinateur-portable\/","title":{"rendered":"Stylet passif authentique pour tablette Dell Latitude 7212 Rugged Extreme \u2013 Pi\u00e8ce d&rsquo;origine pour ordinateur portable"},"content":{"rendered":"<p class=\"\" data-start=\"681\" data-end=\"954\">Am\u00e9liorez les fonctionnalit\u00e9s de votre <strong data-start=\"715\" data-end=\"759\">tablette Dell Latitude 7212 Rugged Extreme<\/strong> avec ce <strong data-start=\"770\" data-end=\"806\">stylet passif Dell d&rsquo;origine<\/strong>. Sp\u00e9cialement con\u00e7u pour les environnements difficiles, ce stylet offre une saisie pr\u00e9cise et sans pression pour une navigation, une prise de notes et un dessin fluides.<\/p>\n<p class=\"\" data-start=\"956\" data-end=\"977\">\u2705 <strong data-start=\"958\" data-end=\"975\">Principales caract\u00e9ristiques\u00a0:<\/strong><\/p>\n<ul data-start=\"978\" data-end=\"1300\">\n<li class=\"\" data-start=\"978\" data-end=\"1059\">\n<p class=\"\" data-start=\"980\" data-end=\"1059\"><strong data-start=\"980\" data-end=\"1008\">Produit OEM Dell d&rsquo;origine<\/strong> \u2013 Compatibilit\u00e9 et fiabilit\u00e9 parfaites garanties.<\/p>\n<\/li>\n<li class=\"\" data-start=\"1060\" data-end=\"1135\">\n<p class=\"\" data-start=\"1062\" data-end=\"1135\"><strong data-start=\"1062\" data-end=\"1087\">Conception de stylet passif<\/strong> \u2013 Pas besoin de piles, toujours pr\u00eat \u00e0 l&#8217;emploi.<\/p>\n<\/li>\n<li class=\"\" data-start=\"1136\" data-end=\"1231\">\n<p class=\"\" data-start=\"1138\" data-end=\"1231\"><strong data-start=\"1138\" data-end=\"1170\">Con\u00e7u pour les conditions extr\u00eames<\/strong> \u2013 Con\u00e7u pour les environnements difficiles, tout comme votre tablette.<\/p>\n<\/li>\n<li class=\"\" data-start=\"1232\" data-end=\"1300\">\n<p class=\"\" data-start=\"1234\" data-end=\"1300\"><strong data-start=\"1234\" data-end=\"1261\">Ergonomique et L\u00e9ger<\/strong> \u2013 Prise en main confortable pour une utilisation prolong\u00e9e.<\/p>\n<\/li>\n<\/ul>\n<p class=\"\" data-start=\"1302\" data-end=\"1550\">\ud83d\udd39 <strong data-start=\"1305\" data-end=\"1319\">\u00c9tat\u00a0:<\/strong> D&rsquo;occasion, enti\u00e8rement test\u00e9 et en excellent \u00e9tat de fonctionnement.<br data-start=\"1375\" data-end=\"1378\" \/>\ud83d\udd39 <strong data-start=\"1381\" data-end=\"1392\">Photos\u00a0:<\/strong> Les images de l&rsquo;annonce montrent l&rsquo;article que vous recevrez.<br data-start=\"1457\" data-end=\"1460\" \/>\ud83d\udd39 <strong data-start=\"1463\" data-end=\"1475\">Assistance\u00a0:<\/strong> Besoin d&rsquo;aide\u00a0? N&rsquo;h\u00e9sitez pas \u00e0 nous contacter pour toute question concernant ce produit.<\/p>\n<p class=\"\" data-start=\"1552\" data-end=\"1756\">Am\u00e9liorez votre <strong data-start=\"1565\" data-end=\"1609\">tablette Dell Latitude 7212 Rugged Extreme<\/strong> avec ce <strong data-start=\"1620\" data-end=\"1652\">stylet passif Dell d&rsquo;origine<\/strong>, con\u00e7u pour allier pr\u00e9cision, durabilit\u00e9 et simplicit\u00e9 d&rsquo;utilisation. <strong data-start=\"1705\" data-end=\"1754\">Commandez d\u00e8s maintenant et am\u00e9liorez votre exp\u00e9rience avec votre tablette\u00a0!<\/strong><\/p>\n","protected":false},"excerpt":{"rendered":"<p>Am\u00e9liorez votre <strong data-start=\"347\" data-end=\"391\">tablette Dell Latitude 7212 Rugged Extreme<\/strong> avec ce <strong data-start=\"402\" data-end=\"432\">stylet passif authentique<\/strong>. Con\u00e7u pour la pr\u00e9cision et la durabilit\u00e9, ce stylet OEM garantit une saisie fluide sans piles. Id\u00e9al pour les professionnels travaillant dans des conditions extr\u00eames.<\/p>\n","protected":false},"featured_media":17425,"template":"","meta":[],"product_brand":[],"product_cat":[52],"product_tag":[],"class_list":{"0":"post-17363","1":"product","2":"type-product","3":"status-publish","4":"has-post-thumbnail","6":"product_cat-laptop-housing","8":"first","9":"outofstock","10":"taxable","11":"shipping-taxable","12":"purchasable","13":"product-type-simple"},"_links":{"self":[{"href":"https:\/\/boreait.com\/fr\/wp-json\/wp\/v2\/product\/17363","targetHints":{"allow":["GET"]}}],"collection":[{"href":"https:\/\/boreait.com\/fr\/wp-json\/wp\/v2\/product"}],"about":[{"href":"https:\/\/boreait.com\/fr\/wp-json\/wp\/v2\/types\/product"}],"wp:featuredmedia":[{"embeddable":true,"href":"https:\/\/boreait.com\/fr\/wp-json\/wp\/v2\/media\/17425"}],"wp:attachment":[{"href":"https:\/\/boreait.com\/fr\/wp-json\/wp\/v2\/media?parent=17363"}],"wp:term":[{"taxonomy":"product_brand","embeddable":true,"href":"https:\/\/boreait.com\/fr\/wp-json\/wp\/v2\/product_brand?post=17363"},{"taxonomy":"product_cat","embeddable":true,"href":"https:\/\/boreait.com\/fr\/wp-json\/wp\/v2\/product_cat?post=17363"},{"taxonomy":"product_tag","embeddable":true,"href":"https:\/\/boreait.com\/fr\/wp-json\/wp\/v2\/product_tag?post=17363"}],"curies":[{"name":"wp","href":"https:\/\/api.w.org\/{rel}","templated":true}]}}