{"id":17355,"date":"2025-09-16T16:54:55","date_gmt":"2025-09-16T14:54:55","guid":{"rendered":"https:\/\/boreait.com\/fr\/?post_type=product&#038;p=17355"},"modified":"2025-09-16T16:57:18","modified_gmt":"2025-09-16T14:57:18","slug":"cache-led-robuste-pour-objectif-de-camera-arriere-dell-latitude-7212-7202-piece-dorigine-pour-ordinateur-portable","status":"publish","type":"product","link":"https:\/\/boreait.com\/fr\/produit\/cache-led-robuste-pour-objectif-de-camera-arriere-dell-latitude-7212-7202-piece-dorigine-pour-ordinateur-portable\/","title":{"rendered":"Cache LED robuste pour objectif de cam\u00e9ra arri\u00e8re Dell Latitude 7212\/7202 \u2013 Pi\u00e8ce d&rsquo;origine pour ordinateur portable"},"content":{"rendered":"<p class=\"\" data-start=\"519\" data-end=\"785\">Am\u00e9liorez ou r\u00e9parez votre ordinateur portable <strong data-start=\"542\" data-end=\"578\">Dell Latitude 7212 et 7202 Rugged<\/strong> avec ce <strong data-start=\"596\" data-end=\"641\">cache LED en verre pour objectif de cam\u00e9ra arri\u00e8re d&rsquo;origine<\/strong>. Con\u00e7ue pour une <strong data-start=\"656\" data-end=\"678\">durabilit\u00e9 maximale<\/strong>, cette pi\u00e8ce de rechange garantit la protection et le fonctionnement optimal de la cam\u00e9ra arri\u00e8re de votre ordinateur portable.<\/p>\n<p class=\"\" data-start=\"787\" data-end=\"1259\"><strong data-start=\"787\" data-end=\"804\">Principales caract\u00e9ristiques\u00a0:<\/strong><br data-start=\"804\" data-end=\"807\" \/>\u2714 <strong data-start=\"809\" data-end=\"830\">Pi\u00e8ce Dell d&rsquo;origine<\/strong> \u2013 Con\u00e7ue sp\u00e9cifiquement pour les <strong data-start=\"859\" data-end=\"890\">Latitude 7212 et 7202 mod\u00e8les Rugged.<br data-start=\"898\" data-end=\"901\" \/>\u2714 <strong data-start=\"903\" data-end=\"931\">Protection ultra-transparente<\/strong> \u2013 Prot\u00e8ge l&rsquo;objectif de votre cam\u00e9ra arri\u00e8re des rayures, de la poussi\u00e8re et des dommages.<br data-start=\"1000\" data-end=\"1003\" \/>\u2714 <strong data-start=\"1005\" data-end=\"1020\">Ajustement parfait<\/strong> \u2013 Garantit une installation transparente sans modifications.<br data-start=\"1075\" data-end=\"1078\" \/>\u2714 <strong data-start=\"1080\" data-end=\"1109\">Construction de haute qualit\u00e9<\/strong> \u2013 Con\u00e7u pour r\u00e9sister aux environnements difficiles, tout comme votre ordinateur portable Rugged.<br data-start=\"1180\" data-end=\"1183\" \/>\u2714 <strong data-start=\"1185\" data-end=\"1200\">Photos r\u00e9elles<\/strong> \u2013 L&rsquo;article pr\u00e9sent\u00e9 sur les photos est exactement celui que vous recevrez\u00a0!<\/p>\n<p class=\"\" data-start=\"1261\" data-end=\"1281\"><strong data-start=\"1261\" data-end=\"1279\">Compatibilit\u00e9\u00a0:<\/strong><\/p>\n<ul data-start=\"1282\" data-end=\"1349\">\n<li class=\"\" data-start=\"1282\" data-end=\"1315\">\n<p class=\"\" data-start=\"1284\" data-end=\"1315\"><strong data-start=\"1284\" data-end=\"1313\">Dell Latitude 7212 Rugged<\/strong><\/p>\n<\/li>\n<li class=\"\" data-start=\"1316\" data-end=\"1349\">\n<p class=\"\" data-start=\"1318\" data-end=\"1349\"><strong data-start=\"1318\" data-end=\"1347\">Dell Latitude 7202 Rugged<\/strong><\/p>\n<\/li>\n<\/ul>\n<p class=\"\" data-start=\"1351\" data-end=\"1372\">\ud83d\udccc <strong data-start=\"1354\" data-end=\"1370\">Remarque\u00a0:<\/strong><\/p>\n<ul data-start=\"1373\" data-end=\"1525\">\n<li class=\"\" data-start=\"1373\" data-end=\"1468\">\n<p class=\"\" data-start=\"1375\" data-end=\"1468\"><strong data-start=\"1375\" data-end=\"1417\">Pas d&rsquo;instructions d&rsquo;installation incluses.<\/strong> Si vous avez besoin d&rsquo;aide, n&rsquo;h\u00e9sitez pas \u00e0 nous contacter. nous.<\/p>\n<\/li>\n<li class=\"\" data-start=\"1469\" data-end=\"1525\">\n<p class=\"\" data-start=\"1471\" data-end=\"1525\"><strong data-start=\"1471\" data-end=\"1490\">Les photos sont r\u00e9elles<\/strong>\u00a0; vous obtenez exactement ce qui est repr\u00e9sent\u00e9.<\/p>\n<\/li>\n<\/ul>\n<p class=\"\" data-start=\"1527\" data-end=\"1617\">\ud83d\udd39 <strong data-start=\"1530\" data-end=\"1562\">Livraison internationale disponible<\/strong>\u00a0\u2013 Livraison rapide et s\u00e9curis\u00e9e en Europe et au-del\u00e0\u00a0!<\/p>\n","protected":false},"excerpt":{"rendered":"<p>Cache LED d&rsquo;objectif de cam\u00e9ra arri\u00e8re d&rsquo;origine pour ordinateurs portables Dell Latitude 7212 et 7202 Rugged. Pi\u00e8ce de rechange id\u00e9ale pour restaurer la clart\u00e9 et la protection de l&rsquo;appareil photo. Photos authentiques\u00a0: ce que vous voyez est ce que vous obtenez\u00a0!<\/p>\n","protected":false},"featured_media":17420,"template":"","meta":[],"product_brand":[],"product_cat":[52],"product_tag":[],"class_list":{"0":"post-17355","1":"product","2":"type-product","3":"status-publish","4":"has-post-thumbnail","6":"product_cat-laptop-housing","8":"first","9":"instock","10":"taxable","11":"shipping-taxable","12":"purchasable","13":"product-type-simple"},"_links":{"self":[{"href":"https:\/\/boreait.com\/fr\/wp-json\/wp\/v2\/product\/17355","targetHints":{"allow":["GET"]}}],"collection":[{"href":"https:\/\/boreait.com\/fr\/wp-json\/wp\/v2\/product"}],"about":[{"href":"https:\/\/boreait.com\/fr\/wp-json\/wp\/v2\/types\/product"}],"wp:featuredmedia":[{"embeddable":true,"href":"https:\/\/boreait.com\/fr\/wp-json\/wp\/v2\/media\/17420"}],"wp:attachment":[{"href":"https:\/\/boreait.com\/fr\/wp-json\/wp\/v2\/media?parent=17355"}],"wp:term":[{"taxonomy":"product_brand","embeddable":true,"href":"https:\/\/boreait.com\/fr\/wp-json\/wp\/v2\/product_brand?post=17355"},{"taxonomy":"product_cat","embeddable":true,"href":"https:\/\/boreait.com\/fr\/wp-json\/wp\/v2\/product_cat?post=17355"},{"taxonomy":"product_tag","embeddable":true,"href":"https:\/\/boreait.com\/fr\/wp-json\/wp\/v2\/product_tag?post=17355"}],"curies":[{"name":"wp","href":"https:\/\/api.w.org\/{rel}","templated":true}]}}