{"id":17300,"date":"2025-09-16T16:53:18","date_gmt":"2025-09-16T14:53:18","guid":{"rendered":"https:\/\/boreait.com\/fr\/?post_type=product&#038;p=17300"},"modified":"2025-09-16T16:55:26","modified_gmt":"2025-09-16T14:55:26","slug":"carte-de-jonction-pour-ordinateur-portable-dell-latitude-14-rugged-extreme-7404-piece-dorigine","status":"publish","type":"product","link":"https:\/\/boreait.com\/fr\/produit\/carte-de-jonction-pour-ordinateur-portable-dell-latitude-14-rugged-extreme-7404-piece-dorigine\/","title":{"rendered":"Carte de jonction pour ordinateur portable Dell Latitude 14 Rugged Extreme (7404) \u2013 Pi\u00e8ce d&rsquo;origine"},"content":{"rendered":"<p class=\"\" data-start=\"570\" data-end=\"854\">Assurez une connectivit\u00e9 transparente et des performances fiables avec cette <strong data-start=\"634\" data-end=\"699\">carte de jonction Dell Latitude 14 Rugged Extreme (7404) authentique<\/strong>. Con\u00e7ue sp\u00e9cifiquement pour le <strong data-start=\"731\" data-end=\"771\">Dell Latitude 14 Rugged Extreme 7404<\/strong>, cette pi\u00e8ce permet de maintenir des connexions internes correctes pour un fonctionnement optimal.<\/p>\n<p class=\"\" data-start=\"856\" data-end=\"1303\">\ud83d\udd39 <strong data-start=\"859\" data-end=\"876\">Principales caract\u00e9ristiques\u00a0:<\/strong><br data-start=\"876\" data-end=\"879\" \/>\u2714 <strong data-start=\"881\" data-end=\"902\">Pi\u00e8ce Dell d&rsquo;origine<\/strong> \u2013 Fiabilit\u00e9 et compatibilit\u00e9 parfaite garanties<br data-start=\"950\" data-end=\"953\" \/>\u2714 <strong data-start=\"955\" data-end=\"1005\">Con\u00e7ue pour le Latitude 14 Rugged Extreme (7404)<\/strong> \u2013 Con\u00e7ue pour la durabilit\u00e9 et les performances<br data-start=\"1049\" data-end=\"1052\" \/>\u2714 <strong data-start=\"1054\" data-end=\"1093\">Essentiel pour la connectivit\u00e9 interne<\/strong> \u2013 Permet une communication fluide entre les composants de l&rsquo;ordinateur portable.<br data-start=\"1157\" data-end=\"1160\" \/>\u2714 <strong data-start=\"1162\" data-end=\"1177\">Qualit\u00e9 OEM<\/strong> \u2013 Test\u00e9e et v\u00e9rifi\u00e9e pour des performances durables.<br data-start=\"1228\" data-end=\"1231\" \/>\u2714 <strong data-start=\"1233\" data-end=\"1254\">Installation facile<\/strong> \u2013 Remplacement direct de votre carte m\u00e8re existante.<\/p>\n<p class=\"\" data-start=\"1305\" data-end=\"1328\">\ud83d\udca1 <strong data-start=\"1308\" data-end=\"1326\">Compatibilit\u00e9\u00a0:<\/strong><\/p>\n<ul data-start=\"1329\" data-end=\"1463\">\n<li class=\"\" data-start=\"1329\" data-end=\"1401\">\n<p class=\"\" data-start=\"1331\" data-end=\"1401\">Sp\u00e9cialement con\u00e7u pour le <strong data-start=\"1357\" data-end=\"1399\">Dell Latitude 14 Rugged Extreme (7404)<\/strong><\/p>\n<\/li>\n<li class=\"\" data-start=\"1402\" data-end=\"1463\">\n<p class=\"\" data-start=\"1404\" data-end=\"1463\">V\u00e9rifiez le mod\u00e8le et la r\u00e9f\u00e9rence de votre ordinateur portable avant d&rsquo;acheter.<\/p>\n<\/li>\n<\/ul>\n<p class=\"\" data-start=\"1465\" data-end=\"1568\">\ud83d\udcf8 <strong data-start=\"1468\" data-end=\"1484\">Photos r\u00e9elles\u00a0:<\/strong> Les photos de cette annonce montrent l&rsquo;article exact que vous recevrez\u00a0; aucune surprise\u00a0!<\/p>\n<p class=\"\" data-start=\"1570\" data-end=\"1690\">\u2753 <strong data-start=\"1572\" data-end=\"1586\">Besoin d&rsquo;aide\u00a0?<\/strong> Bien que nous ne fournissions pas d&rsquo;instructions d&rsquo;installation, n&rsquo;h\u00e9sitez pas \u00e0 <strong data-start=\"1650\" data-end=\"1664\">nous contacter par message<\/strong> si vous avez besoin d&rsquo;aide.<\/p>\n<p class=\"\" data-start=\"1692\" data-end=\"1812\">\ud83d\udce6 <strong data-start=\"1695\" data-end=\"1723\">Livraison rapide dans le monde entier\u00a0!<\/strong> Optimisez les performances de votre ordinateur portable avec cette <strong data-start=\"1778\" data-end=\"1809\">carte de jonction Dell d&rsquo;origine<\/strong>.<\/p>\n","protected":false},"excerpt":{"rendered":"<p>Remplacez ou mettez \u00e0 niveau votre <strong data-start=\"350\" data-end=\"407\">carte de jonction Dell Latitude 14 Rugged Extreme (7404)<\/strong> avec cette <strong data-start=\"418\" data-end=\"438\">pi\u00e8ce d&rsquo;origine OEM<\/strong>. <strong data-start=\"440\" data-end=\"487\">Photos r\u00e9elles\u00a0: ce que vous voyez est ce que vous obtenez\u00a0!<\/strong><\/p>\n","protected":false},"featured_media":17367,"template":"","meta":[],"product_brand":[],"product_cat":[63],"product_tag":[53],"class_list":{"0":"post-17300","1":"product","2":"type-product","3":"status-publish","4":"has-post-thumbnail","6":"product_cat-motherboards-board-parts","7":"product_tag-dell","9":"first","10":"instock","11":"taxable","12":"shipping-taxable","13":"purchasable","14":"product-type-simple"},"_links":{"self":[{"href":"https:\/\/boreait.com\/fr\/wp-json\/wp\/v2\/product\/17300","targetHints":{"allow":["GET"]}}],"collection":[{"href":"https:\/\/boreait.com\/fr\/wp-json\/wp\/v2\/product"}],"about":[{"href":"https:\/\/boreait.com\/fr\/wp-json\/wp\/v2\/types\/product"}],"wp:featuredmedia":[{"embeddable":true,"href":"https:\/\/boreait.com\/fr\/wp-json\/wp\/v2\/media\/17367"}],"wp:attachment":[{"href":"https:\/\/boreait.com\/fr\/wp-json\/wp\/v2\/media?parent=17300"}],"wp:term":[{"taxonomy":"product_brand","embeddable":true,"href":"https:\/\/boreait.com\/fr\/wp-json\/wp\/v2\/product_brand?post=17300"},{"taxonomy":"product_cat","embeddable":true,"href":"https:\/\/boreait.com\/fr\/wp-json\/wp\/v2\/product_cat?post=17300"},{"taxonomy":"product_tag","embeddable":true,"href":"https:\/\/boreait.com\/fr\/wp-json\/wp\/v2\/product_tag?post=17300"}],"curies":[{"name":"wp","href":"https:\/\/api.w.org\/{rel}","templated":true}]}}