{"id":17299,"date":"2025-09-16T16:53:18","date_gmt":"2025-09-16T14:53:18","guid":{"rendered":"https:\/\/boreait.com\/fr\/?post_type=product&#038;p=17299"},"modified":"2025-09-16T16:55:19","modified_gmt":"2025-09-16T14:55:19","slug":"cache-inferieur-pour-dell-latitude-rugged-12-extreme-7204-7h8qny1-piece-dorigine","status":"publish","type":"product","link":"https:\/\/boreait.com\/fr\/produit\/cache-inferieur-pour-dell-latitude-rugged-12-extreme-7204-7h8qny1-piece-dorigine\/","title":{"rendered":"Cache inf\u00e9rieur pour Dell Latitude Rugged 12 Extreme 7204 (7H8QNY1) \u2013 Pi\u00e8ce d&rsquo;origine"},"content":{"rendered":"<p class=\"\" data-start=\"600\" data-end=\"847\">Donnez \u00e0 votre <strong data-start=\"610\" data-end=\"652\">Dell Latitude Rugged 12 Extreme (7204)<\/strong> un nouveau look et une protection avec ce <strong data-start=\"691\" data-end=\"725\">couvercle inf\u00e9rieur authentique (7H8QNY1)<\/strong>. Con\u00e7ue pour durer, cette <strong data-start=\"757\" data-end=\"779\">pi\u00e8ce d&rsquo;ordinateur portable robuste<\/strong> assure un ajustement parfait et contribue \u00e0 pr\u00e9server la robustesse de votre appareil.<\/p>\n<p class=\"\" data-start=\"849\" data-end=\"1260\">\ud83d\udd39 <strong data-start=\"852\" data-end=\"869\">Caract\u00e9ristiques principales\u00a0:<\/strong><br data-start=\"869\" data-end=\"872\" \/>\u2714 <strong data-start=\"874\" data-end=\"895\">Pi\u00e8ce Dell d&rsquo;origine<\/strong> \u2013 100\u00a0% d&rsquo;origine pour des performances fiables<br data-start=\"936\" data-end=\"939\" \/>\u2714 <strong data-start=\"941\" data-end=\"959\">Mod\u00e8le\u00a0: 7H8QNY1<\/strong> \u2013 Sp\u00e9cialement con\u00e7u pour le <strong data-start=\"992\" data-end=\"1029\">Latitude Rugged 12 Extr\u00eame (7204)<\/strong><br data-start=\"1029\" data-end=\"1032\" \/>\u2714 <strong data-start=\"1034\" data-end=\"1060\">Durable et Construction robuste<\/strong> \u2013 Prot\u00e8ge les composants internes des dommages<br data-start=\"1103\" data-end=\"1106\" \/>\u2714 <strong data-start=\"1108\" data-end=\"1123\">Ajustement parfait<\/strong> \u2013 Con\u00e7u pour s&rsquo;adapter \u00e0 la structure robuste de l&rsquo;ordinateur portable<br data-start=\"1171\" data-end=\"1174\" \/>\u2714 <strong data-start=\"1176\" data-end=\"1197\">Installation facile<\/strong> \u2013 Remplacement direct d&rsquo;un cache inf\u00e9rieur endommag\u00e9 ou manquant<\/p>\n<p class=\"\" data-start=\"1262\" data-end=\"1285\">\ud83d\udca1 <strong data-start=\"1265\" data-end=\"1283\">Compatibilit\u00e9\u00a0:<\/strong><\/p>\n<ul data-start=\"1286\" data-end=\"1410\">\n<li class=\"\" data-start=\"1286\" data-end=\"1355\">\n<p class=\"\" data-start=\"1288\" data-end=\"1355\">Compatible avec la <strong data-start=\"1304\" data-end=\"1353\">s\u00e9rie Dell Latitude Rugged 12 Extreme (7204)<\/strong><\/p>\n<\/li>\n<li class=\"\" data-start=\"1356\" data-end=\"1410\">\n<p class=\"\" data-start=\"1358\" data-end=\"1410\">V\u00e9rifiez le mod\u00e8le de votre ordinateur portable avant d&rsquo;acheter.<\/p>\n<\/li>\n<\/ul>\n<p class=\"\" data-start=\"1412\" data-end=\"1517\">\ud83d\udcf8 <strong data-start=\"1415\" data-end=\"1431\">Photos r\u00e9elles\u00a0:<\/strong> Les images de cette annonce montrent le <strong data-start=\"1468\" data-end=\"1499\">Pi\u00e8ce exacte que vous recevrez<\/strong> \u2013 aucune mauvaise surprise\u00a0!<\/p>\n<p class=\"\" data-start=\"1519\" data-end=\"1667\">\u2753 <strong data-start=\"1521\" data-end=\"1535\">Besoin d&rsquo;aide\u00a0?<\/strong> Nous ne fournissons pas d&rsquo;instructions d&rsquo;installation, mais n&rsquo;h\u00e9sitez pas \u00e0 <strong data-start=\"1597\" data-end=\"1611\">nous contacter<\/strong> si vous avez besoin d&rsquo;aide avant ou apr\u00e8s votre achat.<\/p>\n<p class=\"\" data-start=\"1669\" data-end=\"1788\">\ud83d\udce6 <strong data-start=\"1672\" data-end=\"1700\">Livraison rapide dans le monde entier\u00a0!<\/strong> Retrouvez votre <strong data-start=\"1710\" data-end=\"1732\">Latitude 12 Rugged<\/strong> en parfait \u00e9tat gr\u00e2ce \u00e0 ce <strong data-start=\"1765\" data-end=\"1785\">Couvercle inf\u00e9rieur OEM<\/strong>.<\/p>\n","protected":false},"excerpt":{"rendered":"<p>Restaurez votre <strong data-start=\"331\" data-end=\"373\">Dell Latitude Rugged 12 Extreme (7204)<\/strong> avec ce <strong data-start=\"384\" data-end=\"419\">cache inf\u00e9rieur d&rsquo;origine (7H8QNY1)<\/strong>. Durable et parfaitement con\u00e7u pour un maintien parfait. <strong data-start=\"470\" data-end=\"517\">Photos r\u00e9elles\u00a0: ce que vous voyez est ce que vous obtenez\u00a0!<\/strong><\/p>\n","protected":false},"featured_media":17361,"template":"","meta":[],"product_brand":[],"product_cat":[52],"product_tag":[53],"class_list":{"0":"post-17299","1":"product","2":"type-product","3":"status-publish","4":"has-post-thumbnail","6":"product_cat-laptop-housing","7":"product_tag-dell","9":"first","10":"instock","11":"taxable","12":"shipping-taxable","13":"purchasable","14":"product-type-simple"},"_links":{"self":[{"href":"https:\/\/boreait.com\/fr\/wp-json\/wp\/v2\/product\/17299","targetHints":{"allow":["GET"]}}],"collection":[{"href":"https:\/\/boreait.com\/fr\/wp-json\/wp\/v2\/product"}],"about":[{"href":"https:\/\/boreait.com\/fr\/wp-json\/wp\/v2\/types\/product"}],"wp:featuredmedia":[{"embeddable":true,"href":"https:\/\/boreait.com\/fr\/wp-json\/wp\/v2\/media\/17361"}],"wp:attachment":[{"href":"https:\/\/boreait.com\/fr\/wp-json\/wp\/v2\/media?parent=17299"}],"wp:term":[{"taxonomy":"product_brand","embeddable":true,"href":"https:\/\/boreait.com\/fr\/wp-json\/wp\/v2\/product_brand?post=17299"},{"taxonomy":"product_cat","embeddable":true,"href":"https:\/\/boreait.com\/fr\/wp-json\/wp\/v2\/product_cat?post=17299"},{"taxonomy":"product_tag","embeddable":true,"href":"https:\/\/boreait.com\/fr\/wp-json\/wp\/v2\/product_tag?post=17299"}],"curies":[{"name":"wp","href":"https:\/\/api.w.org\/{rel}","templated":true}]}}