{"id":17273,"date":"2025-09-16T16:52:27","date_gmt":"2025-09-16T14:52:27","guid":{"rendered":"https:\/\/boreait.com\/fr\/?post_type=product&#038;p=17273"},"modified":"2025-09-16T16:54:39","modified_gmt":"2025-09-16T14:54:39","slug":"cable-flexible-c_lid_c-robuste-dell-7214-0801-2gw4000-piece-doccasion-oem","status":"publish","type":"product","link":"https:\/\/boreait.com\/fr\/produit\/cable-flexible-c_lid_c-robuste-dell-7214-0801-2gw4000-piece-doccasion-oem\/","title":{"rendered":"C\u00e2ble flexible C_LID_C robuste Dell 7214 0801-2GW4000, pi\u00e8ce d&rsquo;occasion OEM"},"content":{"rendered":"<p class=\"\" data-start=\"408\" data-end=\"648\">Il s&rsquo;agit d&rsquo;un <strong data-start=\"418\" data-end=\"454\">c\u00e2ble flexible OEM Dell C_LID_C d&rsquo;occasion<\/strong>, num\u00e9ro de pi\u00e8ce <strong data-start=\"468\" data-end=\"484\">0801-2GW4000<\/strong>, retir\u00e9 d&rsquo;un <strong data-start=\"518\" data-end=\"555\">Dell Latitude 7214 Rugged Extreme<\/strong> enti\u00e8rement fonctionnel. Il est essentiel au bon fonctionnement de l&rsquo;\u00e9cran ou du couvercle et est id\u00e9al pour les r\u00e9parations ou les remplacements.<\/p>\n<p class=\"\" data-start=\"650\" data-end=\"674\">\u2705 <strong data-start=\"652\" data-end=\"672\">Compatible avec\u00a0:<\/strong><\/p>\n<ul data-start=\"675\" data-end=\"710\">\n<li class=\"\" data-start=\"675\" data-end=\"710\">\n<p class=\"\" data-start=\"677\" data-end=\"710\">Dell Latitude 7214 Rugged Extreme<\/p>\n<\/li>\n<\/ul>\n<p class=\"\" data-start=\"712\" data-end=\"732\">\u2705 <strong data-start=\"714\" data-end=\"730\">R\u00e9f\u00e9rence\u00a0:<\/strong><\/p>\n<ul data-start=\"733\" data-end=\"747\">\n<li class=\"\" data-start=\"733\" data-end=\"747\">\n<p class=\"\" data-start=\"735\" data-end=\"747\">0801-2GW4000<\/p>\n<\/li>\n<\/ul>\n<p class=\"\" data-start=\"749\" data-end=\"768\">\u2705 <strong data-start=\"751\" data-end=\"766\">Points forts\u00a0:<\/strong><\/p>\n<ul data-start=\"769\" data-end=\"978\">\n<li class=\"\" data-start=\"769\" data-end=\"798\">\n<p class=\"\" data-start=\"771\" data-end=\"798\">Pi\u00e8ce d&rsquo;origine pour ordinateur portable Dell<\/p>\n<\/li>\n<li class=\"\" data-start=\"799\" data-end=\"843\">\n<p class=\"\" data-start=\"801\" data-end=\"843\">D&rsquo;occasion et test\u00e9 \u2013 100 % fonctionnel<\/p>\n<\/li>\n<li class=\"\" data-start=\"844\" data-end=\"894\">\n<p class=\"\" data-start=\"846\" data-end=\"894\">Garantit une connectivit\u00e9 optimale du signal et de l&rsquo;\u00e9cran<\/p>\n<\/li>\n<li class=\"\" data-start=\"895\" data-end=\"948\">\n<p class=\"\" data-start=\"897\" data-end=\"948\">Id\u00e9al pour les ateliers de r\u00e9paration professionnels ou les bricoleurs<\/p>\n<\/li>\n<li class=\"\" data-start=\"949\" data-end=\"978\">\n<p class=\"\" data-start=\"951\" data-end=\"978\">Exp\u00e9dition rapide depuis Europe<\/p>\n<\/li>\n<\/ul>\n<p class=\"\" data-start=\"980\" data-end=\"1092\">Restaurez toutes les fonctionnalit\u00e9s de votre ordinateur portable Dell gr\u00e2ce \u00e0 des <strong data-start=\"1021\" data-end=\"1042\">pi\u00e8ces d&rsquo;origine pour ordinateur portable Dell<\/strong>. Contactez-nous en cas de doute sur la compatibilit\u00e9\u00a0!<\/p>\n","protected":false},"excerpt":{"rendered":"<p>C\u00e2ble flexible OEM C_LID_C d&rsquo;occasion (r\u00e9f\u00e9rence 0801-2GW4000) pour Dell Latitude 7214 Rugged Extreme. Pi\u00e8ce d&rsquo;ordinateur portable Dell enti\u00e8rement test\u00e9e pour des r\u00e9parations fiables.<\/p>\n","protected":false},"featured_media":17343,"template":"","meta":[],"product_brand":[],"product_cat":[56],"product_tag":[53],"class_list":{"0":"post-17273","1":"product","2":"type-product","3":"status-publish","4":"has-post-thumbnail","6":"product_cat-cables","7":"product_tag-dell","9":"first","10":"instock","11":"taxable","12":"shipping-taxable","13":"purchasable","14":"product-type-simple"},"_links":{"self":[{"href":"https:\/\/boreait.com\/fr\/wp-json\/wp\/v2\/product\/17273","targetHints":{"allow":["GET"]}}],"collection":[{"href":"https:\/\/boreait.com\/fr\/wp-json\/wp\/v2\/product"}],"about":[{"href":"https:\/\/boreait.com\/fr\/wp-json\/wp\/v2\/types\/product"}],"wp:featuredmedia":[{"embeddable":true,"href":"https:\/\/boreait.com\/fr\/wp-json\/wp\/v2\/media\/17343"}],"wp:attachment":[{"href":"https:\/\/boreait.com\/fr\/wp-json\/wp\/v2\/media?parent=17273"}],"wp:term":[{"taxonomy":"product_brand","embeddable":true,"href":"https:\/\/boreait.com\/fr\/wp-json\/wp\/v2\/product_brand?post=17273"},{"taxonomy":"product_cat","embeddable":true,"href":"https:\/\/boreait.com\/fr\/wp-json\/wp\/v2\/product_cat?post=17273"},{"taxonomy":"product_tag","embeddable":true,"href":"https:\/\/boreait.com\/fr\/wp-json\/wp\/v2\/product_tag?post=17273"}],"curies":[{"name":"wp","href":"https:\/\/api.w.org\/{rel}","templated":true}]}}