{"id":17222,"date":"2025-09-16T16:50:43","date_gmt":"2025-09-16T14:50:43","guid":{"rendered":"https:\/\/boreait.com\/fr\/?post_type=product&#038;p=17222"},"modified":"2025-09-16T16:53:15","modified_gmt":"2025-09-16T14:53:15","slug":"ecran-lcd-tactile-dell-7204-116-ivb02-9nd4g-oem-doccasion-et-teste","status":"publish","type":"product","link":"https:\/\/boreait.com\/fr\/produit\/ecran-lcd-tactile-dell-7204-116-ivb02-9nd4g-oem-doccasion-et-teste\/","title":{"rendered":"\u00c9cran LCD tactile Dell 7204 11,6&Prime; IVB02 9ND4G OEM d&rsquo;occasion et test\u00e9"},"content":{"rendered":"<p class=\"\" data-start=\"413\" data-end=\"657\">Il s&rsquo;agit d&rsquo;un <strong data-start=\"423\" data-end=\"467\">\u00e9cran LCD tactile OEM d&rsquo;occasion de 11,6 pouces<\/strong> pour le <strong data-start=\"476\" data-end=\"516\">Dell Latitude 12 Rugged Extreme 7204<\/strong>. Les r\u00e9f\u00e9rences sont <strong data-start=\"539\" data-end=\"548\">IVB02<\/strong> et <strong data-start=\"553\" data-end=\"562\">9ND4G<\/strong>. Cette pi\u00e8ce d&rsquo;origine pour ordinateur portable Dell est enti\u00e8rement test\u00e9e et id\u00e9ale pour le remplacement ou la r\u00e9paration d&rsquo;\u00e9cran.<\/p>\n<p class=\"\" data-start=\"659\" data-end=\"684\">\u2705 <strong data-start=\"661\" data-end=\"682\">Mod\u00e8le compatible\u00a0:<\/strong><\/p>\n<ul data-start=\"685\" data-end=\"723\">\n<li class=\"\" data-start=\"685\" data-end=\"723\">\n<p class=\"\" data-start=\"687\" data-end=\"723\">Dell Latitude 12 Rugged Extreme 7204<\/p>\n<\/li>\n<\/ul>\n<p class=\"\" data-start=\"725\" data-end=\"746\">\u2705 <strong data-start=\"727\" data-end=\"744\">R\u00e9f\u00e9rences\u00a0:<\/strong><\/p>\n<ul data-start=\"747\" data-end=\"764\">\n<li class=\"\" data-start=\"747\" data-end=\"756\">\n<p class=\"\" data-start=\"749\" data-end=\"756\">IVB02<\/p>\n<\/li>\n<li class=\"\" data-start=\"757\" data-end=\"764\">\n<p class=\"\" data-start=\"759\" data-end=\"764\">9ND4G<\/p>\n<\/li>\n<\/ul>\n<p class=\"\" data-start=\"766\" data-end=\"787\">\u2705 <strong data-start=\"768\" data-end=\"785\">Principales caract\u00e9ristiques\u00a0:<\/strong><\/p>\n<ul data-start=\"788\" data-end=\"960\">\n<li class=\"\" data-start=\"788\" data-end=\"821\">\n<p class=\"\" data-start=\"790\" data-end=\"821\">\u00c9cran LCD tactile 11,6&Prime;<\/p>\n<\/li>\n<li class=\"\" data-start=\"822\" data-end=\"845\">\n<p class=\"\" data-start=\"824\" data-end=\"845\">Qualit\u00e9 et compatibilit\u00e9 OEM<\/p>\n<\/li>\n<li class=\"\" data-start=\"846\" data-end=\"898\">\n<p class=\"\" data-start=\"848\" data-end=\"898\">D&rsquo;occasion, test\u00e9 et en excellent \u00e9tat de fonctionnement<\/p>\n<\/li>\n<li class=\"\" data-start=\"899\" data-end=\"960\">\n<p class=\"\" data-start=\"901\" data-end=\"960\">Pi\u00e8ce de rechange id\u00e9ale pour un appareil cass\u00e9 ou non fonctionnel \u00c9crans<\/p>\n<\/li>\n<\/ul>\n<p class=\"\" data-start=\"962\" data-end=\"1091\">Pi\u00e8ces d\u00e9tach\u00e9es pour ordinateurs portables Dell fiables et de haute qualit\u00e9, exp\u00e9di\u00e9es rapidement depuis l&rsquo;Europe. Besoin d&rsquo;aide pour confirmer la compatibilit\u00e9\u00a0? Contactez-nous \u00e0 tout moment.<\/p>\n","protected":false},"excerpt":{"rendered":"<p>\u00c9cran LCD tactile OEM 11,6&Prime; d&rsquo;occasion pour Dell Latitude 12 Rugged Extreme 7204. R\u00e9f\u00e9rences\u00a0: IVB02\/9ND4G. Pi\u00e8ce d&rsquo;ordinateur portable Dell enti\u00e8rement test\u00e9e.<\/p>\n","protected":false},"featured_media":17294,"template":"","meta":[],"product_brand":[],"product_cat":[99,57],"product_tag":[53],"class_list":{"0":"post-17222","1":"product","2":"type-product","3":"status-publish","4":"has-post-thumbnail","6":"product_cat-11-6","7":"product_cat-laptop-screens-lcd-panels","8":"product_tag-dell","10":"first","11":"instock","12":"taxable","13":"shipping-taxable","14":"purchasable","15":"product-type-simple"},"_links":{"self":[{"href":"https:\/\/boreait.com\/fr\/wp-json\/wp\/v2\/product\/17222","targetHints":{"allow":["GET"]}}],"collection":[{"href":"https:\/\/boreait.com\/fr\/wp-json\/wp\/v2\/product"}],"about":[{"href":"https:\/\/boreait.com\/fr\/wp-json\/wp\/v2\/types\/product"}],"wp:featuredmedia":[{"embeddable":true,"href":"https:\/\/boreait.com\/fr\/wp-json\/wp\/v2\/media\/17294"}],"wp:attachment":[{"href":"https:\/\/boreait.com\/fr\/wp-json\/wp\/v2\/media?parent=17222"}],"wp:term":[{"taxonomy":"product_brand","embeddable":true,"href":"https:\/\/boreait.com\/fr\/wp-json\/wp\/v2\/product_brand?post=17222"},{"taxonomy":"product_cat","embeddable":true,"href":"https:\/\/boreait.com\/fr\/wp-json\/wp\/v2\/product_cat?post=17222"},{"taxonomy":"product_tag","embeddable":true,"href":"https:\/\/boreait.com\/fr\/wp-json\/wp\/v2\/product_tag?post=17222"}],"curies":[{"name":"wp","href":"https:\/\/api.w.org\/{rel}","templated":true}]}}