{"id":17152,"date":"2025-09-16T16:48:33","date_gmt":"2025-09-16T14:48:33","guid":{"rendered":"https:\/\/boreait.com\/fr\/?post_type=product&#038;p=17152"},"modified":"2025-09-16T16:50:25","modified_gmt":"2025-09-16T14:50:25","slug":"carte-mere-dell-pcmcia-604x3-doccasion-pour-ordinateur-portable-latitude-7204-rugged-ex-testee","status":"publish","type":"product","link":"https:\/\/boreait.com\/fr\/produit\/carte-mere-dell-pcmcia-604x3-doccasion-pour-ordinateur-portable-latitude-7204-rugged-ex-testee\/","title":{"rendered":"Carte m\u00e8re Dell PCMCIA 604X3 d&rsquo;occasion pour ordinateur portable Latitude 7204 Rugged Ex \u2013 Test\u00e9e"},"content":{"rendered":"<p class=\"\" data-start=\"355\" data-end=\"607\">Il s&rsquo;agit d&rsquo;une <strong data-start=\"365\" data-end=\"410\">carte d&rsquo;extension PCMCIA Dell d&rsquo;origine d&rsquo;occasion<\/strong> pour la s\u00e9rie <strong data-start=\"419\" data-end=\"454\">Latitude 12 Rugged Extreme 7204<\/strong>.<br data-start=\"462\" data-end=\"465\" \/>Compatible avec les r\u00e9f\u00e9rences <strong data-start=\"494\" data-end=\"503\">604X3<\/strong> et <strong data-start=\"508\" data-end=\"524\">0800-0GR2B00<\/strong>, ce composant permet l&rsquo;utilisation de p\u00e9riph\u00e9riques PCMCIA (cartes PC) dans les ordinateurs portables Dell robustes.<\/p>\n<p class=\"\" data-start=\"609\" data-end=\"631\">\ud83d\udd27 <strong data-start=\"612\" data-end=\"630\">Sp\u00e9cifications<\/strong>\u00a0:<\/p>\n<ul data-start=\"632\" data-end=\"836\">\n<li class=\"\" data-start=\"632\" data-end=\"673\">\n<p class=\"\" data-start=\"634\" data-end=\"673\"><strong data-start=\"634\" data-end=\"647\">Composant<\/strong>\u00a0: Carte d&rsquo;extension PCMCIA<\/p>\n<\/li>\n<li class=\"\" data-start=\"674\" data-end=\"725\">\n<p class=\"\" data-start=\"676\" data-end=\"725\"><strong data-start=\"676\" data-end=\"685\">Mod\u00e8le<\/strong>\u00a0: Dell Latitude 12 Rugged Extreme 7204<\/p>\n<\/li>\n<li class=\"\" data-start=\"726\" data-end=\"768\">\n<p class=\"\" data-start=\"728\" data-end=\"768\"><strong data-start=\"728\" data-end=\"744\">R\u00e9f\u00e9rences\u00a0: 604X3 \/ 0800-0GR2B00<\/p>\n<\/li>\n<li class=\"\" data-start=\"769\" data-end=\"836\">\n<p class=\"\" data-start=\"771\" data-end=\"836\"><strong data-start=\"771\" data-end=\"784\">\u00c9tat\u00a0: Occasion \u2013 Test\u00e9 par des professionnels et enti\u00e8rement op\u00e9rationnel<\/p>\n<\/li>\n<\/ul>\n<p class=\"\" data-start=\"838\" data-end=\"945\">\u2705 Composant Dell OEM<br data-start=\"858\" data-end=\"861\" \/>\u2705 Compatible avec les cartes d&rsquo;extension h\u00e9rit\u00e9es<br data-start=\"894\" data-end=\"897\" \/>\u2705 Id\u00e9al pour les r\u00e9parations ou la restauration sur site<\/p>\n<p class=\"\" data-start=\"947\" data-end=\"1065\">\ud83d\udce6 Livraison rapide depuis la Slov\u00e9nie<br data-start=\"977\" data-end=\"980\" \/>\ud83d\udcac Des questions sur la compatibilit\u00e9\u00a0? Envoyez-nous l&rsquo;\u00e9tiquette de service ou le num\u00e9ro de s\u00e9rie de votre ordinateur portable\u00a0!<\/p>\n","protected":false},"excerpt":{"rendered":"<p>Carte PCMCIA Dell d&rsquo;occasion pour Latitude 12 Rugged Extreme 7204. R\u00e9f\u00e9rences\u00a0: 604X3 \/ 0800-0GR2B00. Enti\u00e8rement test\u00e9e et fonctionnelle.<\/p>\n","protected":false},"featured_media":17213,"template":"","meta":[],"product_brand":[],"product_cat":[63],"product_tag":[],"class_list":{"0":"post-17152","1":"product","2":"type-product","3":"status-publish","4":"has-post-thumbnail","6":"product_cat-motherboards-board-parts","8":"first","9":"instock","10":"taxable","11":"shipping-taxable","12":"purchasable","13":"product-type-simple"},"_links":{"self":[{"href":"https:\/\/boreait.com\/fr\/wp-json\/wp\/v2\/product\/17152","targetHints":{"allow":["GET"]}}],"collection":[{"href":"https:\/\/boreait.com\/fr\/wp-json\/wp\/v2\/product"}],"about":[{"href":"https:\/\/boreait.com\/fr\/wp-json\/wp\/v2\/types\/product"}],"wp:featuredmedia":[{"embeddable":true,"href":"https:\/\/boreait.com\/fr\/wp-json\/wp\/v2\/media\/17213"}],"wp:attachment":[{"href":"https:\/\/boreait.com\/fr\/wp-json\/wp\/v2\/media?parent=17152"}],"wp:term":[{"taxonomy":"product_brand","embeddable":true,"href":"https:\/\/boreait.com\/fr\/wp-json\/wp\/v2\/product_brand?post=17152"},{"taxonomy":"product_cat","embeddable":true,"href":"https:\/\/boreait.com\/fr\/wp-json\/wp\/v2\/product_cat?post=17152"},{"taxonomy":"product_tag","embeddable":true,"href":"https:\/\/boreait.com\/fr\/wp-json\/wp\/v2\/product_tag?post=17152"}],"curies":[{"name":"wp","href":"https:\/\/api.w.org\/{rel}","templated":true}]}}