{"id":17133,"date":"2025-09-16T16:48:09","date_gmt":"2025-09-16T14:48:09","guid":{"rendered":"https:\/\/boreait.com\/fr\/?post_type=product&#038;p=17133"},"modified":"2026-02-08T16:12:09","modified_gmt":"2026-02-08T15:12:09","slug":"carte-de-jonction-de-clavier-dell-latitude-7214-doccasion-testee-et-fonctionnelle","status":"publish","type":"product","link":"https:\/\/boreait.com\/fr\/produit\/carte-de-jonction-de-clavier-dell-latitude-7214-doccasion-testee-et-fonctionnelle\/","title":{"rendered":"Carte de jonction de clavier Dell Latitude 7214 d&rsquo;occasion, test\u00e9e et fonctionnelle"},"content":{"rendered":"<p><strong>Carte de jonction clavier d&rsquo;occasion pour ordinateur portable Dell Latitude 7214 Rugged<\/strong><\/p>\n<p>Cette carte de jonction clavier d&rsquo;occasion a \u00e9t\u00e9 retir\u00e9e d&rsquo;un ordinateur portable Dell Latitude 7214 Rugged en \u00e9tat de marche. Elle a \u00e9t\u00e9 test\u00e9e et est enti\u00e8rement fonctionnelle. <\/p>\n<p><strong>Informations cl\u00e9s\u00a0:<\/strong><\/p>\n<ul>\n<li>\u00c9tat d&rsquo;occasion (voir photos)<\/li>\n<li>Test\u00e9 en fonctionnement avant d\u00e9montage<\/li>\n<li>Unit\u00e9 r\u00e9elle illustr\u00e9e<\/li>\n<li>Installation par un professionnel recommand\u00e9e<\/li>\n<\/ul>\n<p><strong>Compatibilit\u00e9\u00a0:<\/strong><\/p>\n<p>Compatible uniquement avec\u00a0:<\/p>\n<ul>\n<li>Dell Latitude 7214 Rugged<\/li>\n<li>Latitude 7214 Rugged Extreme<\/li>\n<\/ul>\n<p><strong>Remarques importantes\u00a0:<\/strong><\/p>\n<ul>\n<li>V\u00e9rifiez votre mod\u00e8le avant l&rsquo;achat<\/li>\n<li>Carte m\u00e8re seule (c\u00e2bles ni accessoires non inclus)<\/li>\n<li>Vendu en l&rsquo;\u00e9tat (aucun retour pour cause de compatibilit\u00e9)<\/li>\n<li>Connaissances en installation Obligatoire<\/li>\n<\/ul>\n<p><strong>Exp\u00e9dition\u00a0:<\/strong><\/p>\n<ul>\n<li>Exp\u00e9di\u00e9 depuis l&rsquo;UE sous 24\u00a0heures<\/li>\n<li>Livraison dans le monde entier disponible<\/li>\n<li>Num\u00e9ro de suivi fourni<\/li>\n<\/ul>\n<p>Contactez-nous pour toute question concernant la compatibilit\u00e9.<\/p>\n","protected":false},"excerpt":{"rendered":"<p>Carte de jonction clavier Dell Latitude 7214 Rugged d&rsquo;occasion<\/p>\n<p>\u2714 Retir\u00e9 du syst\u00e8me en \u00e9tat de marche<\/p>\n<p>\u2714 Compatible avec les mod\u00e8les Latitude 7214 Rugged<\/p>\n<p>\u2714 Image r\u00e9elle de l&rsquo;appareil sur les photos<\/p>\n<p>\u2714 Livraison rapide dans l&rsquo;UE et partout dans le monde<\/p>\n","protected":false},"featured_media":17189,"template":"","meta":[],"product_brand":[],"product_cat":[63],"product_tag":[53],"class_list":{"0":"post-17133","1":"product","2":"type-product","3":"status-publish","4":"has-post-thumbnail","6":"product_cat-motherboards-board-parts","7":"product_tag-dell","9":"first","10":"instock","11":"taxable","12":"shipping-taxable","13":"purchasable","14":"product-type-simple"},"_links":{"self":[{"href":"https:\/\/boreait.com\/fr\/wp-json\/wp\/v2\/product\/17133","targetHints":{"allow":["GET"]}}],"collection":[{"href":"https:\/\/boreait.com\/fr\/wp-json\/wp\/v2\/product"}],"about":[{"href":"https:\/\/boreait.com\/fr\/wp-json\/wp\/v2\/types\/product"}],"wp:featuredmedia":[{"embeddable":true,"href":"https:\/\/boreait.com\/fr\/wp-json\/wp\/v2\/media\/17189"}],"wp:attachment":[{"href":"https:\/\/boreait.com\/fr\/wp-json\/wp\/v2\/media?parent=17133"}],"wp:term":[{"taxonomy":"product_brand","embeddable":true,"href":"https:\/\/boreait.com\/fr\/wp-json\/wp\/v2\/product_brand?post=17133"},{"taxonomy":"product_cat","embeddable":true,"href":"https:\/\/boreait.com\/fr\/wp-json\/wp\/v2\/product_cat?post=17133"},{"taxonomy":"product_tag","embeddable":true,"href":"https:\/\/boreait.com\/fr\/wp-json\/wp\/v2\/product_tag?post=17133"}],"curies":[{"name":"wp","href":"https:\/\/api.w.org\/{rel}","templated":true}]}}