{"id":17058,"date":"2025-09-16T16:46:22","date_gmt":"2025-09-16T14:46:22","guid":{"rendered":"https:\/\/boreait.com\/fr\/?post_type=product&#038;p=17058"},"modified":"2026-02-08T16:11:33","modified_gmt":"2026-02-08T15:11:33","slug":"cache-de-carte-mere-doccasion-pour-tablette-dell-latitude-12-rugged-7212-7202-authentique","status":"publish","type":"product","link":"https:\/\/boreait.com\/fr\/produit\/cache-de-carte-mere-doccasion-pour-tablette-dell-latitude-12-rugged-7212-7202-authentique\/","title":{"rendered":"Cache de carte m\u00e8re d&rsquo;occasion pour tablette Dell Latitude 12 Rugged 7212 7202 \u2013 Authentique"},"content":{"rendered":"<p class=\"\" data-start=\"364\" data-end=\"594\">Ceci est un <strong data-start=\"374\" data-end=\"402\">cache-carte m\u00e8re d&rsquo;occasion d&rsquo;origine<\/strong> pour les <strong data-start=\"411\" data-end=\"460\">tablettes Dell Latitude 12 Rugged 7212 et 7202<\/strong>.<br data-start=\"461\" data-end=\"464\" \/>Ce cache est en bon \u00e9tat et id\u00e9al pour remplacer des pi\u00e8ces d&rsquo;origine fissur\u00e9es, endommag\u00e9es ou manquantes lors d&rsquo;une remise \u00e0 neuf ou d&rsquo;une r\u00e9paration.<\/p>\n<p class=\"\" data-start=\"596\" data-end=\"618\">\ud83d\udd27 <strong data-start=\"599\" data-end=\"617\">Caract\u00e9ristiques<\/strong>\u00a0:<\/p>\n<ul data-start=\"619\" data-end=\"836\">\n<li class=\"\" data-start=\"619\" data-end=\"665\">\n<p class=\"\" data-start=\"621\" data-end=\"665\"><strong data-start=\"621\" data-end=\"632\">Produit<\/strong>\u00a0: Protection de carte m\u00e8re interne\/externe<\/p>\n<\/li>\n<li class=\"\" data-start=\"666\" data-end=\"731\">\n<p class=\"\" data-start=\"668\" data-end=\"731\"><strong data-start=\"668\" data-end=\"685\">Compatibilit\u00e9<\/strong>\u00a0: Tablette robuste Dell Latitude 12 7212\/7202<\/p>\n<\/li>\n<li class=\"\" data-start=\"732\" data-end=\"795\">\n<p class=\"\" data-start=\"734\" data-end=\"795\"><strong data-start=\"734\" data-end=\"747\">\u00c9tat<\/strong>\u00a0: Occasion \u2013 Bon \u00e9tat, inspect\u00e9 et nettoy\u00e9<\/p>\n<\/li>\n<li class=\"\" data-start=\"796\" data-end=\"836\">\n<p class=\"\" data-start=\"798\" data-end=\"836\"><strong data-start=\"798\" data-end=\"810\">Pi\u00e8ce OEM<\/strong>\u00a0: composant Dell d&rsquo;origine<\/p>\n<\/li>\n<\/ul>\n<p class=\"\" data-start=\"838\" data-end=\"916\">\u2705 Id\u00e9al pour les appareils de terrain robustes<br data-start=\"872\" data-end=\"875\" \/>\u2705 Facile \u00e0 installer<br data-start=\"892\" data-end=\"895\" \/>\u2705 Exp\u00e9di\u00e9 depuis la Slov\u00e9nie<\/p>\n<p class=\"\" data-start=\"918\" data-end=\"1011\">\ud83d\udcac En cas de doute sur la compatibilit\u00e9 ou si vous avez besoin d&rsquo;aide pour identifier la pi\u00e8ce, n&rsquo;h\u00e9sitez pas \u00e0 nous contacter nous!<\/p>\n","protected":false},"excerpt":{"rendered":"<p>Cache carte m\u00e8re d&rsquo;origine d&rsquo;occasion pour tablette Dell Latitude 12 Rugged 7212 et 7202. Pi\u00e8ce d&rsquo;origine, id\u00e9ale pour r\u00e9paration ou remplacement.<\/p>\n","protected":false},"featured_media":17107,"template":"","meta":[],"product_brand":[],"product_cat":[52],"product_tag":[],"class_list":{"0":"post-17058","1":"product","2":"type-product","3":"status-publish","4":"has-post-thumbnail","6":"product_cat-laptop-housing","8":"first","9":"instock","10":"taxable","11":"shipping-taxable","12":"purchasable","13":"product-type-simple"},"_links":{"self":[{"href":"https:\/\/boreait.com\/fr\/wp-json\/wp\/v2\/product\/17058","targetHints":{"allow":["GET"]}}],"collection":[{"href":"https:\/\/boreait.com\/fr\/wp-json\/wp\/v2\/product"}],"about":[{"href":"https:\/\/boreait.com\/fr\/wp-json\/wp\/v2\/types\/product"}],"wp:featuredmedia":[{"embeddable":true,"href":"https:\/\/boreait.com\/fr\/wp-json\/wp\/v2\/media\/17107"}],"wp:attachment":[{"href":"https:\/\/boreait.com\/fr\/wp-json\/wp\/v2\/media?parent=17058"}],"wp:term":[{"taxonomy":"product_brand","embeddable":true,"href":"https:\/\/boreait.com\/fr\/wp-json\/wp\/v2\/product_brand?post=17058"},{"taxonomy":"product_cat","embeddable":true,"href":"https:\/\/boreait.com\/fr\/wp-json\/wp\/v2\/product_cat?post=17058"},{"taxonomy":"product_tag","embeddable":true,"href":"https:\/\/boreait.com\/fr\/wp-json\/wp\/v2\/product_tag?post=17058"}],"curies":[{"name":"wp","href":"https:\/\/api.w.org\/{rel}","templated":true}]}}