{"id":17043,"date":"2025-09-16T16:45:55","date_gmt":"2025-09-16T14:45:55","guid":{"rendered":"https:\/\/boreait.com\/fr\/?post_type=product&#038;p=17043"},"modified":"2026-02-08T16:11:16","modified_gmt":"2026-02-08T15:11:16","slug":"carte-de-connexion-ama01-78h0r-pour-ordinateur-portable-dell-latitude-7214-doccasion","status":"publish","type":"product","link":"https:\/\/boreait.com\/fr\/produit\/carte-de-connexion-ama01-78h0r-pour-ordinateur-portable-dell-latitude-7214-doccasion\/","title":{"rendered":"Carte de connexion AMA01 78H0R pour ordinateur portable Dell Latitude 7214 d&rsquo;occasion"},"content":{"rendered":"<p class=\"\" data-start=\"430\" data-end=\"685\">Il s&rsquo;agit d&rsquo;une <strong data-start=\"440\" data-end=\"479\">carte de connecteur Dell d&rsquo;origine d&rsquo;occasion<\/strong> pour l&rsquo;ordinateur portable <strong data-start=\"488\" data-end=\"512\">Latitude 7214 Rugged<\/strong>. Compatible avec plusieurs r\u00e9f\u00e9rences\u00a0: <strong data-start=\"560\" data-end=\"569\">AMA01<\/strong>, <strong data-start=\"571\" data-end=\"587\">1414-0ADV000<\/strong>, <strong data-start=\"589\" data-end=\"598\">78H0R<\/strong> et <strong data-start=\"604\" data-end=\"614\">078H0R<\/strong>. Enti\u00e8rement test\u00e9 et pr\u00eat \u00e0 remplacer les cartes de connecteur d\u00e9fectueuses ou endommag\u00e9es.<\/p>\n<p class=\"\" data-start=\"687\" data-end=\"711\">\u2705 <strong data-start=\"689\" data-end=\"709\">Compatible avec\u00a0:<\/strong><\/p>\n<ul data-start=\"712\" data-end=\"739\">\n<li class=\"\" data-start=\"712\" data-end=\"739\">\n<p class=\"\" data-start=\"714\" data-end=\"739\">Dell Latitude 7214 Rugged<\/p>\n<\/li>\n<\/ul>\n<p class=\"\" data-start=\"741\" data-end=\"762\">\u2705 <strong data-start=\"743\" data-end=\"760\">R\u00e9f\u00e9rences\u00a0:<\/strong><\/p>\n<ul data-start=\"763\" data-end=\"806\">\n<li class=\"\" data-start=\"763\" data-end=\"772\">\n<p class=\"\" data-start=\"765\" data-end=\"772\">AMA01<\/p>\n<\/li>\n<li class=\"\" data-start=\"773\" data-end=\"789\">\n<p class=\"\" data-start=\"775\" data-end=\"789\">1414-0ADV000<\/p>\n<\/li>\n<li class=\"\" data-start=\"790\" data-end=\"806\">\n<p class=\"\" data-start=\"792\" data-end=\"806\">78H0R \/ 078H0R<\/p>\n<\/li>\n<\/ul>\n<p class=\"\" data-start=\"808\" data-end=\"829\">\u2705 <strong data-start=\"810\" data-end=\"827\">Principales caract\u00e9ristiques\u00a0:<\/strong><\/p>\n<ul data-start=\"830\" data-end=\"1031\">\n<li class=\"\" data-start=\"830\" data-end=\"858\">\n<p class=\"\" data-start=\"832\" data-end=\"858\">Pi\u00e8ce d&rsquo;origine pour ordinateur portable Dell<\/p>\n<\/li>\n<li class=\"\" data-start=\"859\" data-end=\"911\">\n<p class=\"\" data-start=\"861\" data-end=\"911\">D&rsquo;occasion et test\u00e9 \u2013 en excellent \u00e9tat de fonctionnement<\/p>\n<\/li>\n<li class=\"\" data-start=\"912\" data-end=\"952\">\n<p class=\"\" data-start=\"914\" data-end=\"952\">Assure une connectivit\u00e9 interne optimale<\/p>\n<\/li>\n<li class=\"\" data-start=\"953\" data-end=\"1003\">\n<p class=\"\" data-start=\"955\" data-end=\"1003\">Id\u00e9al pour les r\u00e9parations et l&rsquo;entretien professionnels<\/p>\n<\/li>\n<li class=\"\" data-start=\"1004\" data-end=\"1031\">\n<p class=\"\" data-start=\"1006\" data-end=\"1031\">Exp\u00e9dition rapide depuis l&rsquo;Europe<\/p>\n<\/li>\n<\/ul>\n<p class=\"\" data-start=\"1033\" data-end=\"1121\">Id\u00e9al pour les techniciens et les r\u00e9parateurs professionnels \u00e0 la recherche de <strong data-start=\"1099\" data-end=\"1120\">pi\u00e8ces d\u00e9tach\u00e9es pour ordinateurs portables Dell<\/strong> fiables.<\/p>\n","protected":false},"excerpt":{"rendered":"<p>Carte de connexion Dell OEM d&rsquo;occasion pour Latitude 7214 Rugged. R\u00e9f\u00e9rences\u00a0: AMA01, 1414-0ADV000, 78H0R et 078H0R. Pi\u00e8ce d&rsquo;ordinateur portable Dell enti\u00e8rement test\u00e9e.<\/p>\n","protected":false},"featured_media":17102,"template":"","meta":[],"product_brand":[],"product_cat":[63],"product_tag":[53],"class_list":{"0":"post-17043","1":"product","2":"type-product","3":"status-publish","4":"has-post-thumbnail","6":"product_cat-motherboards-board-parts","7":"product_tag-dell","9":"first","10":"instock","11":"taxable","12":"shipping-taxable","13":"purchasable","14":"product-type-simple"},"_links":{"self":[{"href":"https:\/\/boreait.com\/fr\/wp-json\/wp\/v2\/product\/17043","targetHints":{"allow":["GET"]}}],"collection":[{"href":"https:\/\/boreait.com\/fr\/wp-json\/wp\/v2\/product"}],"about":[{"href":"https:\/\/boreait.com\/fr\/wp-json\/wp\/v2\/types\/product"}],"wp:featuredmedia":[{"embeddable":true,"href":"https:\/\/boreait.com\/fr\/wp-json\/wp\/v2\/media\/17102"}],"wp:attachment":[{"href":"https:\/\/boreait.com\/fr\/wp-json\/wp\/v2\/media?parent=17043"}],"wp:term":[{"taxonomy":"product_brand","embeddable":true,"href":"https:\/\/boreait.com\/fr\/wp-json\/wp\/v2\/product_brand?post=17043"},{"taxonomy":"product_cat","embeddable":true,"href":"https:\/\/boreait.com\/fr\/wp-json\/wp\/v2\/product_cat?post=17043"},{"taxonomy":"product_tag","embeddable":true,"href":"https:\/\/boreait.com\/fr\/wp-json\/wp\/v2\/product_tag?post=17043"}],"curies":[{"name":"wp","href":"https:\/\/api.w.org\/{rel}","templated":true}]}}