{"id":17041,"date":"2025-09-16T16:45:54","date_gmt":"2025-09-16T14:45:54","guid":{"rendered":"https:\/\/boreait.com\/fr\/?post_type=product&#038;p=17041"},"modified":"2026-02-08T16:10:57","modified_gmt":"2026-02-08T15:10:57","slug":"support-de-disque-dur-robuste-dell-latitude-7214-13nj-1ca0f11-oem-doccasion","status":"publish","type":"product","link":"https:\/\/boreait.com\/fr\/produit\/support-de-disque-dur-robuste-dell-latitude-7214-13nj-1ca0f11-oem-doccasion\/","title":{"rendered":"Support de disque dur robuste Dell Latitude 7214 13NJ-1CA0F11 OEM d&rsquo;occasion"},"content":{"rendered":"<p class=\"\" data-start=\"390\" data-end=\"656\">Ce <strong data-start=\"395\" data-end=\"424\">bo\u00eetier de disque dur OEM d&rsquo;occasion<\/strong> est compatible avec l&rsquo;ordinateur portable <strong data-start=\"448\" data-end=\"477\">Dell Latitude 7214 Rugged<\/strong>. R\u00e9f\u00e9rence <strong data-start=\"498\" data-end=\"514\">13NJ-1CA0F11<\/strong>. Con\u00e7u pour fixer solidement votre disque dur ou SSD 2,5 pouces, il est essentiel \u00e0 une installation correcte dans le bo\u00eetier robuste.<\/p>\n<p class=\"\" data-start=\"658\" data-end=\"682\">\u2705 <strong data-start=\"660\" data-end=\"680\">Compatible avec\u00a0:<\/strong><\/p>\n<ul data-start=\"683\" data-end=\"710\">\n<li class=\"\" data-start=\"683\" data-end=\"710\">\n<p class=\"\" data-start=\"685\" data-end=\"710\">Dell Latitude 7214 Rugged<\/p>\n<\/li>\n<\/ul>\n<p class=\"\" data-start=\"712\" data-end=\"732\">\u2705 <strong data-start=\"714\" data-end=\"730\">Pi\u00e8ce Num\u00e9ro\u00a0:<\/strong><\/p>\n<ul data-start=\"733\" data-end=\"747\">\n<li class=\"\" data-start=\"733\" data-end=\"747\">\n<p class=\"\" data-start=\"735\" data-end=\"747\">13NJ-1CA0F11<\/p>\n<\/li>\n<\/ul>\n<p class=\"\" data-start=\"749\" data-end=\"770\">\u2705 <strong data-start=\"751\" data-end=\"768\">Principales caract\u00e9ristiques\u00a0:<\/strong><\/p>\n<ul data-start=\"771\" data-end=\"955\">\n<li class=\"\" data-start=\"771\" data-end=\"799\">\n<p class=\"\" data-start=\"773\" data-end=\"799\">Ordinateur portable Dell authentique pi\u00e8ce<\/p>\n<\/li>\n<li class=\"\" data-start=\"800\" data-end=\"837\">\n<p class=\"\" data-start=\"802\" data-end=\"837\">Prend en charge les disques durs ou SSD standard de 2,5 pouces<\/p>\n<\/li>\n<li class=\"\" data-start=\"838\" data-end=\"885\">\n<p class=\"\" data-start=\"840\" data-end=\"885\">Remplacement id\u00e9al pour un bo\u00eetier perdu ou endommag\u00e9<\/p>\n<\/li>\n<li class=\"\" data-start=\"886\" data-end=\"907\">\n<p class=\"\" data-start=\"888\" data-end=\"907\">Installation facile<\/p>\n<\/li>\n<li class=\"\" data-start=\"908\" data-end=\"955\">\n<p class=\"\" data-start=\"910\" data-end=\"955\">D&rsquo;occasion et enti\u00e8rement fonctionnel \u2013 test\u00e9 minutieusement<\/p>\n<\/li>\n<\/ul>\n<p class=\"\" data-start=\"957\" data-end=\"1050\">Id\u00e9al pour les r\u00e9parations ou les mises \u00e0 niveau gr\u00e2ce \u00e0 des <strong data-start=\"1004\" data-end=\"1025\">pi\u00e8ces d\u00e9tach\u00e9es pour ordinateurs portables Dell<\/strong> fiables. Livraison rapide depuis l&rsquo;Europe.<\/p>\n","protected":false},"excerpt":{"rendered":"<p>Support de disque dur robuste d&rsquo;occasion pour Dell Latitude 7214 \u2013 r\u00e9f\u00e9rence 13NJ-1CA0F11. Pi\u00e8ce d&rsquo;origine pour ordinateur portable Dell, id\u00e9ale pour l&rsquo;installation d&rsquo;un disque dur ou d&rsquo;un SSD.<\/p>\n","protected":false},"featured_media":17089,"template":"","meta":[],"product_brand":[],"product_cat":[52],"product_tag":[53],"class_list":{"0":"post-17041","1":"product","2":"type-product","3":"status-publish","4":"has-post-thumbnail","6":"product_cat-laptop-housing","7":"product_tag-dell","9":"first","10":"instock","11":"taxable","12":"shipping-taxable","13":"purchasable","14":"product-type-simple"},"_links":{"self":[{"href":"https:\/\/boreait.com\/fr\/wp-json\/wp\/v2\/product\/17041","targetHints":{"allow":["GET"]}}],"collection":[{"href":"https:\/\/boreait.com\/fr\/wp-json\/wp\/v2\/product"}],"about":[{"href":"https:\/\/boreait.com\/fr\/wp-json\/wp\/v2\/types\/product"}],"wp:featuredmedia":[{"embeddable":true,"href":"https:\/\/boreait.com\/fr\/wp-json\/wp\/v2\/media\/17089"}],"wp:attachment":[{"href":"https:\/\/boreait.com\/fr\/wp-json\/wp\/v2\/media?parent=17041"}],"wp:term":[{"taxonomy":"product_brand","embeddable":true,"href":"https:\/\/boreait.com\/fr\/wp-json\/wp\/v2\/product_brand?post=17041"},{"taxonomy":"product_cat","embeddable":true,"href":"https:\/\/boreait.com\/fr\/wp-json\/wp\/v2\/product_cat?post=17041"},{"taxonomy":"product_tag","embeddable":true,"href":"https:\/\/boreait.com\/fr\/wp-json\/wp\/v2\/product_tag?post=17041"}],"curies":[{"name":"wp","href":"https:\/\/api.w.org\/{rel}","templated":true}]}}