{"id":17027,"date":"2025-09-16T16:45:30","date_gmt":"2025-09-16T14:45:30","guid":{"rendered":"https:\/\/boreait.com\/fr\/?post_type=product&#038;p=17027"},"modified":"2026-02-08T12:49:11","modified_gmt":"2026-02-08T11:49:11","slug":"cable-flexible-0801-2gw4000-pour-dell-latitude-7204-rugged-extreme-oem-c_lid_c-fpc","status":"publish","type":"product","link":"https:\/\/boreait.com\/fr\/produit\/cable-flexible-0801-2gw4000-pour-dell-latitude-7204-rugged-extreme-oem-c_lid_c-fpc\/","title":{"rendered":"C\u00e2ble flexible 0801-2GW4000 pour Dell Latitude 7204 Rugged Extreme \u2013 OEM C_LID_C FPC"},"content":{"rendered":"<p class=\"\" data-start=\"431\" data-end=\"769\">Remplacez votre c\u00e2ble flexible endommag\u00e9 ou d\u00e9fectueux par ce c\u00e2ble flexible FPC OEM C_LID_C d&rsquo;origine (num\u00e9ro de pi\u00e8ce\u00a0: <strong data-start=\"537\" data-end=\"553\">0801-2GW4000<\/strong>) con\u00e7u sp\u00e9cifiquement pour la s\u00e9rie <strong data-start=\"585\" data-end=\"622\">Dell Latitude 7204 Rugged Extreme<\/strong>. Ce remplacement de haute qualit\u00e9 garantit une connexion fiable entre les composants et permet de restaurer toutes les fonctionnalit\u00e9s de votre ordinateur portable robuste.<\/p>\n<p class=\"\" data-start=\"771\" data-end=\"898\"><strong data-start=\"771\" data-end=\"791\">Compatible avec\u00a0:<\/strong><br data-start=\"791\" data-end=\"794\" \/>\u2714\ufe0f Dell Latitude 7204 Rugged Extreme<br data-start=\"830\" data-end=\"833\" \/>\u2714\ufe0f R\u00e9f\u00e9rence\u00a0: 0801-2GW4000<br data-start=\"858\" data-end=\"861\" \/>\u2714\ufe0f Type\u00a0: C\u00e2ble flexible FPC OEM C_LID_C<\/p>\n<p class=\"\" data-start=\"900\" data-end=\"915\"><strong data-start=\"900\" data-end=\"913\">Caract\u00e9ristiques\u00a0:<\/strong><\/p>\n<ul data-start=\"916\" data-end=\"1089\">\n<li class=\"\" data-start=\"916\" data-end=\"954\">\n<p class=\"\" data-start=\"918\" data-end=\"954\">Pi\u00e8ce d&rsquo;origine OEM \u2013 100\u00a0% compatible<\/p>\n<\/li>\n<li class=\"\" data-start=\"955\" data-end=\"996\">\n<p class=\"\" data-start=\"957\" data-end=\"996\">Installation facile avec les outils appropri\u00e9s<\/p>\n<\/li>\n<li class=\"\" data-start=\"997\" data-end=\"1040\">\n<p class=\"\" data-start=\"999\" data-end=\"1040\">Durable et con\u00e7u pour les conditions extr\u00eames<\/p>\n<\/li>\n<li class=\"\" data-start=\"1041\" data-end=\"1089\">\n<p class=\"\" data-start=\"1043\" data-end=\"1089\">Id\u00e9al pour les professionnels de la r\u00e9paration et les bricoleurs<\/p>\n<\/li>\n<\/ul>\n","protected":false},"excerpt":{"rendered":"<p>Achetez le c\u00e2ble flexible OEM 0801-2GW4000 pour Dell Latitude 7204 Rugged Extreme. Restaurez votre appareil avec cette pi\u00e8ce de rechange FPC C_LID_C d&rsquo;origine.<\/p>\n","protected":false},"featured_media":17086,"template":"","meta":[],"product_brand":[],"product_cat":[56],"product_tag":[53],"class_list":{"0":"post-17027","1":"product","2":"type-product","3":"status-publish","4":"has-post-thumbnail","6":"product_cat-cables","7":"product_tag-dell","9":"first","10":"instock","11":"taxable","12":"shipping-taxable","13":"purchasable","14":"product-type-simple"},"_links":{"self":[{"href":"https:\/\/boreait.com\/fr\/wp-json\/wp\/v2\/product\/17027","targetHints":{"allow":["GET"]}}],"collection":[{"href":"https:\/\/boreait.com\/fr\/wp-json\/wp\/v2\/product"}],"about":[{"href":"https:\/\/boreait.com\/fr\/wp-json\/wp\/v2\/types\/product"}],"wp:featuredmedia":[{"embeddable":true,"href":"https:\/\/boreait.com\/fr\/wp-json\/wp\/v2\/media\/17086"}],"wp:attachment":[{"href":"https:\/\/boreait.com\/fr\/wp-json\/wp\/v2\/media?parent=17027"}],"wp:term":[{"taxonomy":"product_brand","embeddable":true,"href":"https:\/\/boreait.com\/fr\/wp-json\/wp\/v2\/product_brand?post=17027"},{"taxonomy":"product_cat","embeddable":true,"href":"https:\/\/boreait.com\/fr\/wp-json\/wp\/v2\/product_cat?post=17027"},{"taxonomy":"product_tag","embeddable":true,"href":"https:\/\/boreait.com\/fr\/wp-json\/wp\/v2\/product_tag?post=17027"}],"curies":[{"name":"wp","href":"https:\/\/api.w.org\/{rel}","templated":true}]}}