{"id":17015,"date":"2025-09-16T16:45:05","date_gmt":"2025-09-16T14:45:05","guid":{"rendered":"https:\/\/boreait.com\/fr\/?post_type=product&#038;p=17015"},"modified":"2025-09-16T16:46:55","modified_gmt":"2025-09-16T14:46:55","slug":"cache-de-port-hdmi-et-usb-pour-ordinateur-portable-latitude-rugged-e7214-piece-de-rechange-dorigine","status":"publish","type":"product","link":"https:\/\/boreait.com\/fr\/produit\/cache-de-port-hdmi-et-usb-pour-ordinateur-portable-latitude-rugged-e7214-piece-de-rechange-dorigine\/","title":{"rendered":"Cache de port HDMI et USB pour ordinateur portable Latitude Rugged E7214 \u2013 Pi\u00e8ce de rechange d&rsquo;origine"},"content":{"rendered":"<p class=\"\" data-start=\"614\" data-end=\"876\">Restaurez votre ordinateur portable <strong data-start=\"627\" data-end=\"652\">Latitude Rugged E7214<\/strong> \u00e0 son \u00e9tat d&rsquo;origine avec ce <strong data-start=\"696\" data-end=\"730\">remplacement authentique de la porte de port HDMI et USB<\/strong>. Si votre cache de port actuel est fissur\u00e9 ou manquant, cette pi\u00e8ce durable prot\u00e8ge vos ports et vous permet de retrouver un appareil comme neuf.<\/p>\n<p class=\"\" data-start=\"878\" data-end=\"1313\">\ud83d\udd39 <strong data-start=\"881\" data-end=\"898\">Caract\u00e9ristiques principales\u00a0:<\/strong><br data-start=\"898\" data-end=\"901\" \/>\u2714 <strong data-start=\"903\" data-end=\"941\">Pi\u00e8ce d&rsquo;origine pour Latitude Rugged E7214<\/strong> \u2013 Pi\u00e8ce de rechange d&rsquo;origine de haute qualit\u00e9<br data-start=\"978\" data-end=\"981\" \/>\u2714 <strong data-start=\"983\" data-end=\"998\">Ajustement parfait<\/strong> \u2013 Con\u00e7u sp\u00e9cifiquement pour le <strong data-start=\"1031\" data-end=\"1056\">Latitude E7214 Rugged<\/strong><br data-start=\"1056\" data-end=\"1059\" \/>\u2714 <strong data-start=\"1061\" data-end=\"1093\">Construction en plastique durable<\/strong> \u2013 Prot\u00e8ge vos ports HDMI et USB de la poussi\u00e8re et des dommages.<br data-start=\"1149\" data-end=\"1152\" \/>\u2714 <strong data-start=\"1154\" data-end=\"1175\">Installation facile<\/strong> \u2013 Enclenchez facilement le cache pour s\u00e9curiser vos ports.<br data-start=\"1231\" data-end=\"1234\" \/>\u2714 <strong data-start=\"1236\" data-end=\"1251\">Photos r\u00e9elles<\/strong> \u2013 Ce que vous voyez sur les images est exactement ce que vous recevrez.<\/p>\n<p class=\"\" data-start=\"1315\" data-end=\"1338\">\ud83d\udca1 <strong data-start=\"1318\" data-end=\"1336\">Compatibilit\u00e9\u00a0:<\/strong><\/p>\n<ul data-start=\"1339\" data-end=\"1475\">\n<li class=\"\" data-start=\"1339\" data-end=\"1389\">\n<p class=\"\" data-start=\"1341\" data-end=\"1389\">Compatible avec le <strong data-start=\"1357\" data-end=\"1387\">Dell Latitude Rugged E7214<\/strong><\/p>\n<\/li>\n<li class=\"\" data-start=\"1390\" data-end=\"1475\">\n<p class=\"\" data-start=\"1392\" data-end=\"1475\">Id\u00e9al pour remplacer le <strong data-start=\"1418\" \u200b\u200bdata-end=\"1444\">cache de port HDMI et USB<\/strong> qui prot\u00e8ge les p\u00e9riph\u00e9riques critiques Ports<\/p>\n<\/li>\n<\/ul>\n<p class=\"\" data-start=\"1477\" data-end=\"1614\">\ud83d\udcf8 <strong data-start=\"1480\" data-end=\"1496\">Photos r\u00e9elles\u00a0:<\/strong> Les photos pr\u00e9sent\u00e9es dans cette annonce repr\u00e9sentent le <strong data-start=\"1544\" data-end=\"1569\">Latitude Rugged E7214<\/strong> <strong data-start=\"1570\" data-end=\"1583\">port<\/strong> que vous recevrez \u2013 sans surprise\u00a0!<\/p>\n<p class=\"\" data-start=\"1616\" data-end=\"1742\">\u2753 <strong data-start=\"1618\" data-end=\"1632\">Besoin d&rsquo;aide\u00a0?<\/strong> Nous ne fournissons pas d&rsquo;instructions d&rsquo;installation d\u00e9taill\u00e9es, mais si vous avez besoin de conseils, n&rsquo;h\u00e9sitez pas \u00e0 nous <strong data-start=\"1725\" data-end=\"1739\">envoyer un message nous\u00a0!<\/p>\n<p class=\"\" data-start=\"1744\" data-end=\"1844\">\ud83d\udce6 <strong data-start=\"1747\" data-end=\"1775\">Livraison rapide dans le monde entier\u00a0!<\/strong> Retrouvez votre ordinateur portable en parfait \u00e9tat gr\u00e2ce \u00e0 cette <strong data-start=\"1820\" data-end=\"1841\">charni\u00e8re de port d&rsquo;origine<\/strong>.<\/p>\n","protected":false},"excerpt":{"rendered":"<p class=\"\" data-start=\"306\" data-end=\"533\">Remplacez votre <strong data-start=\"338\" data-end=\"364\">cache de port HDMI et USB<\/strong> endommag\u00e9 ou manquant par cette <strong data-start=\"375\" data-end=\"413\">pi\u00e8ce d&rsquo;origine Latitude Rugged E7214<\/strong>. Un ajustement parfait pour une protection optimale des ports de votre ordinateur portable. <strong data-start=\"477\" data-end=\"533\">Photos r\u00e9elles incluses\u00a0: vous obtenez exactement ce que vous voyez\u00a0!<\/strong><\/p>\n","protected":false},"featured_media":17081,"template":"","meta":[],"product_brand":[],"product_cat":[52],"product_tag":[53],"class_list":{"0":"post-17015","1":"product","2":"type-product","3":"status-publish","4":"has-post-thumbnail","6":"product_cat-laptop-housing","7":"product_tag-dell","9":"first","10":"instock","11":"taxable","12":"shipping-taxable","13":"purchasable","14":"product-type-simple"},"_links":{"self":[{"href":"https:\/\/boreait.com\/fr\/wp-json\/wp\/v2\/product\/17015","targetHints":{"allow":["GET"]}}],"collection":[{"href":"https:\/\/boreait.com\/fr\/wp-json\/wp\/v2\/product"}],"about":[{"href":"https:\/\/boreait.com\/fr\/wp-json\/wp\/v2\/types\/product"}],"wp:featuredmedia":[{"embeddable":true,"href":"https:\/\/boreait.com\/fr\/wp-json\/wp\/v2\/media\/17081"}],"wp:attachment":[{"href":"https:\/\/boreait.com\/fr\/wp-json\/wp\/v2\/media?parent=17015"}],"wp:term":[{"taxonomy":"product_brand","embeddable":true,"href":"https:\/\/boreait.com\/fr\/wp-json\/wp\/v2\/product_brand?post=17015"},{"taxonomy":"product_cat","embeddable":true,"href":"https:\/\/boreait.com\/fr\/wp-json\/wp\/v2\/product_cat?post=17015"},{"taxonomy":"product_tag","embeddable":true,"href":"https:\/\/boreait.com\/fr\/wp-json\/wp\/v2\/product_tag?post=17015"}],"curies":[{"name":"wp","href":"https:\/\/api.w.org\/{rel}","templated":true}]}}