{"id":17004,"date":"2025-09-16T16:44:38","date_gmt":"2025-09-16T14:44:38","guid":{"rendered":"https:\/\/boreait.com\/fr\/?post_type=product&#038;p=17004"},"modified":"2025-09-16T16:46:47","modified_gmt":"2025-09-16T14:46:47","slug":"clavier-retroeclaire-dell-latitude-rugged-e7214-03n36k-piece-de-rechange-dorigine-pour-ordinateur-portable","status":"publish","type":"product","link":"https:\/\/boreait.com\/fr\/produit\/clavier-retroeclaire-dell-latitude-rugged-e7214-03n36k-piece-de-rechange-dorigine-pour-ordinateur-portable\/","title":{"rendered":"Clavier r\u00e9tro\u00e9clair\u00e9 Dell Latitude Rugged E7214 (03N36K) \u2013 Pi\u00e8ce de rechange d&rsquo;origine pour ordinateur portable"},"content":{"rendered":"<p class=\"\" data-start=\"615\" data-end=\"868\">Restaurez toutes les fonctionnalit\u00e9s de votre <strong data-start=\"628\" data-end=\"658\">Dell Latitude Rugged E7214<\/strong> avec ce <strong data-start=\"695\" data-end=\"727\">clavier Dell 03N36K authentique<\/strong>. Con\u00e7u pour la <strong data-start=\"746\" data-end=\"772\">s\u00e9rie Latitude Rugged<\/strong>, ce clavier de remplacement garantit durabilit\u00e9, fiabilit\u00e9 et une exp\u00e9rience de frappe fluide.<\/p>\n<p class=\"\" data-start=\"870\" data-end=\"1191\">\ud83d\udd39 <strong data-start=\"873\" data-end=\"890\">Principales caract\u00e9ristiques\u00a0:<\/strong><br data-start=\"890\" data-end=\"893\" \/>\u2714 <strong data-start=\"895\" data-end=\"916\">Pi\u00e8ce Dell d&rsquo;origine<\/strong> \u2013 Mod\u00e8le\u00a0: <strong data-start=\"926\" data-end=\"936\">03N36K<\/strong><br data-start=\"936\" data-end=\"939\" \/>\u2714 <strong data-start=\"941\" data-end=\"987\">Compatible avec le Dell Latitude Rugged E7214<\/strong><br data-start=\"987\" data-end=\"990\" \/>\u2714 <strong data-start=\"992\" data-end=\"1019\">Conception durable et robuste<\/strong> \u2013 Con\u00e7u pour les conditions extr\u00eames<br data-start=\"1050\" data-end=\"1053\" \/>\u2714 <strong data-start=\"1055\" data-end=\"1092\">Disposition standard et touches r\u00e9actives<\/strong> \u2013 Confortable pour une utilisation quotidienne<br data-start=\"1123\" data-end=\"1126\" \/>\u2714 <strong data-start=\"1128\" data-end=\"1163\">Ajustement parfait et Installation facile \u2013 Aucune modification requise.<\/p>\n<p class=\"\" data-start=\"1193\" data-end=\"1216\">\ud83d\udca1 <strong data-start=\"1196\" data-end=\"1214\">Compatibilit\u00e9\u00a0:<\/strong><\/p>\n<ul data-start=\"1217\" data-end=\"1401\">\n<li class=\"\" data-start=\"1217\" data-end=\"1317\">\n<p class=\"\" data-start=\"1219\" data-end=\"1317\">Sp\u00e9cialement con\u00e7u pour le <strong data-start=\"1245\" data-end=\"1275\">Dell Latitude Rugged E7214<\/strong> (v\u00e9rifiez la compatibilit\u00e9 avant l&rsquo;achat).<\/p>\n<\/li>\n<li class=\"\" data-start=\"1318\" data-end=\"1401\">\n<p class=\"\" data-start=\"1320\" data-end=\"1401\"><strong data-start=\"1326\" data-end=\"1345\">Pi\u00e8ce de rechange OEM<\/strong> exacte \u2013 Aucun probl\u00e8me de pilote, fonctionne parfaitement avec votre ordinateur portable.<\/p>\n<\/li>\n<\/ul>\n<p class=\"\" data-start=\"1403\" data-end=\"1518\">\ud83d\udcf8 <strong data-start=\"1406\" data-end=\"1422\">Photos r\u00e9elles\u00a0:<\/strong> Les images de cette annonce repr\u00e9sentent le <strong data-start=\"1461\" data-end=\"1497\">clavier r\u00e9el que vous recevrez<\/strong> \u2013 aucune image d&rsquo;archive\u00a0!<\/p>\n<p class=\"\" data-start=\"1520\" data-end=\"1638\">\u2753 <strong data-start=\"1522\" data-end=\"1536\">Besoin d&rsquo;aide\u00a0?<\/strong> Nous ne fournissons pas d&rsquo;instructions d&rsquo;installation, mais n&rsquo;h\u00e9sitez pas \u00e0 nous contacter. data-start=\u00a0\u00bb1598&Prime; data-end=\u00a0\u00bb1612&Prime;>Contactez-nous<\/strong> si vous avez besoin d&rsquo;aide.<\/p>\n<p class=\"\" data-start=\"1640\" data-end=\"1766\">\ud83d\udce6 <strong data-start=\"1643\" data-end=\"1671\">Livraison rapide offerte\u00a0!<\/strong> Retrouvez le parfait fonctionnement de votre ordinateur portable gr\u00e2ce \u00e0 ce <strong data-start=\"1721\" data-end=\"1763\">clavier Dell Latitude Rugged d&rsquo;origine<\/strong>.<\/p>\n","protected":false},"excerpt":{"rendered":"<p>Remplacez votre clavier d\u00e9fectueux ou manquant par ce <strong data-start=\"365\" data-end=\"422\">clavier Dell Latitude Rugged E7214 d&rsquo;origine (03N36K)<\/strong>. Pi\u00e8ce d&rsquo;origine pour un ajustement parfait et une frappe fluide. <strong data-start=\"485\" data-end=\"532\">Photos r\u00e9elles\u00a0: ce que vous voyez est ce que vous obtenez\u00a0!<\/strong><\/p>\n","protected":false},"featured_media":17072,"template":"","meta":[],"product_brand":[],"product_cat":[71],"product_tag":[53],"class_list":{"0":"post-17004","1":"product","2":"type-product","3":"status-publish","4":"has-post-thumbnail","6":"product_cat-laptop-keyboard","7":"product_tag-dell","9":"first","10":"instock","11":"taxable","12":"shipping-taxable","13":"purchasable","14":"product-type-simple"},"_links":{"self":[{"href":"https:\/\/boreait.com\/fr\/wp-json\/wp\/v2\/product\/17004","targetHints":{"allow":["GET"]}}],"collection":[{"href":"https:\/\/boreait.com\/fr\/wp-json\/wp\/v2\/product"}],"about":[{"href":"https:\/\/boreait.com\/fr\/wp-json\/wp\/v2\/types\/product"}],"wp:featuredmedia":[{"embeddable":true,"href":"https:\/\/boreait.com\/fr\/wp-json\/wp\/v2\/media\/17072"}],"wp:attachment":[{"href":"https:\/\/boreait.com\/fr\/wp-json\/wp\/v2\/media?parent=17004"}],"wp:term":[{"taxonomy":"product_brand","embeddable":true,"href":"https:\/\/boreait.com\/fr\/wp-json\/wp\/v2\/product_brand?post=17004"},{"taxonomy":"product_cat","embeddable":true,"href":"https:\/\/boreait.com\/fr\/wp-json\/wp\/v2\/product_cat?post=17004"},{"taxonomy":"product_tag","embeddable":true,"href":"https:\/\/boreait.com\/fr\/wp-json\/wp\/v2\/product_tag?post=17004"}],"curies":[{"name":"wp","href":"https:\/\/api.w.org\/{rel}","templated":true}]}}