{"id":17003,"date":"2025-09-16T16:44:38","date_gmt":"2025-09-16T14:44:38","guid":{"rendered":"https:\/\/boreait.com\/fr\/?post_type=product&#038;p=17003"},"modified":"2025-09-16T16:46:42","modified_gmt":"2025-09-16T14:46:42","slug":"carte-mere-dell-latitude-rugged-e7214-0fy1vn-i7-6600u-piece-dorigine-pour-ordinateur-portable-testee","status":"publish","type":"product","link":"https:\/\/boreait.com\/fr\/produit\/carte-mere-dell-latitude-rugged-e7214-0fy1vn-i7-6600u-piece-dorigine-pour-ordinateur-portable-testee\/","title":{"rendered":"Carte m\u00e8re Dell Latitude Rugged E7214 0FY1VN i7-6600U \u2013 Pi\u00e8ce d&rsquo;origine pour ordinateur portable test\u00e9e"},"content":{"rendered":"<p class=\"\" data-start=\"558\" data-end=\"800\">Restaurez ou mettez \u00e0 niveau votre <strong data-start=\"582\" data-end=\"612\">Dell Latitude Rugged E7214<\/strong> avec cette <strong data-start=\"623\" data-end=\"659\">carte m\u00e8re OEM d&rsquo;origine (0FY1VN)<\/strong>. Con\u00e7ue sp\u00e9cifiquement pour la <strong data-start=\"691\" data-end=\"707\">s\u00e9rie E7214<\/strong>, cette carte m\u00e8re garantit une compatibilit\u00e9 totale, une durabilit\u00e9 robuste et des performances optimales. Processeur\u00a0: <span data-sheets-root=\"1\">i7-6600U<\/span>.<\/p>\n<p class=\"\" data-start=\"802\" data-end=\"1196\">\ud83d\udd39 <strong data-start=\"805\" data-end=\"822\">Caract\u00e9ristiques principales\u00a0:<\/strong><br data-start=\"822\" data-end=\"825\" \/>\u2714 <strong data-start=\"827\" data-end=\"848\">Pi\u00e8ce Dell d&rsquo;origine<\/strong> \u2013 <strong data-start=\"860\" data-end=\"882\">Carte m\u00e8re 0FY1VN<\/strong> d&rsquo;origine, pas de remplacement g\u00e9n\u00e9rique<br data-start=\"909\" data-end=\"912\" \/>\u2714 <strong data-start=\"914\" data-end=\"940\">Enti\u00e8rement test\u00e9 et Fonctionnement<\/strong> \u2013 Fiabilit\u00e9 et performances garanties<br data-start=\"978\" data-end=\"981\" \/>\u2714 <strong data-start=\"983\" data-end=\"1015\">Optimis\u00e9 pour les ordinateurs portables robustes<\/strong> \u2013 Con\u00e7u pour les environnements difficiles<br data-start=\"1046\" data-end=\"1049\" \/>\u2714 <strong data-start=\"1051\" data-end=\"1076\">Connectivit\u00e9 compl\u00e8te<\/strong> \u2013 Ports compatibles pour une int\u00e9gration fluide<br data-start=\"1120\" data-end=\"1123\" \/>\u2714 <strong data-start=\"1125\" data-end=\"1145\">Remplacement facile<\/strong> \u2013 Compatible avec le <strong data-start=\"1169\" data-end=\"1194\">Latitude Rugged E7214<\/strong><\/p>\n<p class=\"\" data-start=\"1198\" data-end=\"1221\">\ud83d\udca1 <strong data-start=\"1201\" data-end=\"1219\">Compatibilit\u00e9\u00a0:<\/strong><\/p>\n<ul data-start=\"1222\" data-end=\"1380\">\n<li class=\"\" data-start=\"1222\" data-end=\"1293\">\n<p class=\"\" data-start=\"1224\" data-end=\"1293\"><strong data-start=\"1224\" data-end=\"1254\">Dell Latitude Rugged E7214<\/strong> (V\u00e9rifiez votre mod\u00e8le avant d&rsquo;acheter)<\/p>\n<\/li>\n<li class=\"\" data-start=\"1294\" data-end=\"1380\">\n<p class=\"\" data-start=\"1296\" data-end=\"1380\">Con\u00e7u pour fonctionner avec <strong data-start=\"1318\" data-end=\"1343\">Ordinateurs portables robustes Dell<\/strong>, garantissant durabilit\u00e9 et stabilit\u00e9<\/p>\n<\/li>\n<\/ul>\n<p class=\"\" data-start=\"1382\" data-end=\"1490\">\ud83d\udcf8 <strong data-start=\"1385\" data-end=\"1401\">Photos r\u00e9elles\u00a0:<\/strong> Les images de cette annonce montrent la carte m\u00e8re exacte que vous recevrez\u00a0; aucune surprise\u00a0!<\/p>\n<p class=\"\" data-start=\"1492\" data-end=\"1604\">\u2753 <strong data-start=\"1494\" data-end=\"1508\">Besoin d&rsquo;aide\u00a0?<\/strong> Bien que nous ne fournissions pas d&rsquo;instructions d&rsquo;installation, n&rsquo;h\u00e9sitez pas \u00e0 <strong data-start=\"1572\" data-end=\"1586\">nous contacter par message<\/strong> pour obtenir de l&rsquo;aide.<\/p>\n<p class=\"\" data-start=\"1606\" data-end=\"1741\">\ud83d\udce6 <strong data-start=\"1609\" data-end=\"1637\">Livraison rapide dans le monde entier\u00a0!<\/strong> Retrouvez les performances optimales de votre <strong data-start=\"1647\" data-end=\"1677\">Dell Latitude Rugged E7214<\/strong> gr\u00e2ce \u00e0 cette <strong data-start=\"1712\" data-end=\"1738\">carte m\u00e8re OEM 0FY1VN<\/strong>.<\/p>\n","protected":false},"excerpt":{"rendered":"<p>Retrouvez toutes les fonctionnalit\u00e9s de votre <strong data-start=\"328\" data-end=\"358\">Dell Latitude Rugged E7214<\/strong> gr\u00e2ce \u00e0 cette <strong data-start=\"396\" data-end=\"426\">carte m\u00e8re 0FY1VN authentique<\/strong>. <strong data-start=\"428\" data-end=\"475\">Photos r\u00e9elles\u00a0: ce que vous voyez est ce que vous obtenez\u00a0!<\/strong><\/p>\n","protected":false},"featured_media":17071,"template":"","meta":[],"product_brand":[],"product_cat":[63],"product_tag":[53],"class_list":{"0":"post-17003","1":"product","2":"type-product","3":"status-publish","4":"has-post-thumbnail","6":"product_cat-motherboards-board-parts","7":"product_tag-dell","9":"first","10":"instock","11":"taxable","12":"shipping-taxable","13":"purchasable","14":"product-type-simple"},"_links":{"self":[{"href":"https:\/\/boreait.com\/fr\/wp-json\/wp\/v2\/product\/17003","targetHints":{"allow":["GET"]}}],"collection":[{"href":"https:\/\/boreait.com\/fr\/wp-json\/wp\/v2\/product"}],"about":[{"href":"https:\/\/boreait.com\/fr\/wp-json\/wp\/v2\/types\/product"}],"wp:featuredmedia":[{"embeddable":true,"href":"https:\/\/boreait.com\/fr\/wp-json\/wp\/v2\/media\/17071"}],"wp:attachment":[{"href":"https:\/\/boreait.com\/fr\/wp-json\/wp\/v2\/media?parent=17003"}],"wp:term":[{"taxonomy":"product_brand","embeddable":true,"href":"https:\/\/boreait.com\/fr\/wp-json\/wp\/v2\/product_brand?post=17003"},{"taxonomy":"product_cat","embeddable":true,"href":"https:\/\/boreait.com\/fr\/wp-json\/wp\/v2\/product_cat?post=17003"},{"taxonomy":"product_tag","embeddable":true,"href":"https:\/\/boreait.com\/fr\/wp-json\/wp\/v2\/product_tag?post=17003"}],"curies":[{"name":"wp","href":"https:\/\/api.w.org\/{rel}","templated":true}]}}