{"id":17002,"date":"2025-09-16T16:44:37","date_gmt":"2025-09-16T14:44:37","guid":{"rendered":"https:\/\/boreait.com\/fr\/?post_type=product&#038;p=17002"},"modified":"2025-09-16T16:46:38","modified_gmt":"2025-09-16T14:46:38","slug":"coque-pour-ecran-dordinateur-portable-dell-latitude-rugged-e7214","status":"publish","type":"product","link":"https:\/\/boreait.com\/fr\/produit\/coque-pour-ecran-dordinateur-portable-dell-latitude-rugged-e7214\/","title":{"rendered":"Coque pour \u00e9cran d&rsquo;ordinateur portable Dell Latitude Rugged E7214"},"content":{"rendered":"<p class=\"\" data-start=\"586\" data-end=\"872\">Redonnez \u00e0 votre ordinateur portable Dell Latitude Rugged E7214 son aspect et sa durabilit\u00e9 gr\u00e2ce \u00e0 ce <strong data-start=\"626\" data-end=\"663\">cache-\u00e9cran de remplacement d&rsquo;origine<\/strong>. Sp\u00e9cialement con\u00e7u pour la <strong data-start=\"741\" data-end=\"764\">s\u00e9rie E7214 Rugged<\/strong>, ce cache-\u00e9cran assure un ajustement parfait tout en pr\u00e9servant la durabilit\u00e9 et la robustesse de votre ordinateur portable. Tous les c\u00e2bles sont inclus\u00a0!<\/p>\n<p class=\"\" data-start=\"874\" data-end=\"1274\">\ud83d\udd39 <strong data-start=\"877\" data-end=\"894\">Principales caract\u00e9ristiques\u00a0:<\/strong><br data-start=\"894\" data-end=\"897\" \/>\u2714 <strong data-start=\"899\" data-end=\"920\">Pi\u00e8ce Dell d&rsquo;origine<\/strong> \u2013 Garantit une durabilit\u00e9 et un ajustement parfait.<br data-start=\"959\" data-end=\"962\" \/>\u2714 <strong data-start=\"964\" data-end=\"996\">Mod\u00e8le\u00a0: Latitude Rugged E7214<\/strong> \u2013 Con\u00e7u sp\u00e9cifiquement pour cette s\u00e9rie.<br data-start=\"1036\" data-end=\"1039\" \/>\u2714 <strong data-start=\"1041\" data-end=\"1073\">Prot\u00e8ge les composants internes<\/strong> \u2013 Prot\u00e8ge l&rsquo;\u00e9cran de la poussi\u00e8re et des dommages.<br data-start=\"1121\" data-end=\"1124\" \/>\u2714 <strong data-start=\"1126\" data-end=\"1143\">Conception robuste<\/strong> \u2013 Pr\u00e9serve la durabilit\u00e9 d&rsquo;origine de votre ordinateur portable.<br data-start=\"1194\" data-end=\"1197\" \/>\u2714 <strong data-start=\"1199\" data-end=\"1220\">Installation facile<\/strong> \u2013 Remplacement direct d&rsquo;un cadre endommag\u00e9 ou manquant.<\/p>\n<p class=\"\" data-start=\"1276\" data-end=\"1299\">\ud83d\udca1 <strong data-start=\"1279\" data-end=\"1297\">Compatibilit\u00e9\u00a0:<\/strong><\/p>\n<ul data-start=\"1300\" data-end=\"1378\">\n<li class=\"\" data-start=\"1300\" data-end=\"1378\">\n<p class=\"\" data-start=\"1302\" data-end=\"1378\"><strong data-start=\"1302\" data-end=\"1332\">Dell Latitude Rugged E7214<\/strong> (V\u00e9rifiez le mod\u00e8le de votre ordinateur portable avant d&rsquo;acheter)<\/p>\n<\/li>\n<\/ul>\n<p class=\"\" data-start=\"1380\" data-end=\"1515\">\ud83d\udcf8 <strong data-start=\"1383\" data-end=\"1399\">Photos r\u00e9elles\u00a0:<\/strong> Cette annonce inclut des images r\u00e9elles du cache de l&rsquo;\u00e9cran\u00a0; aucune photo d&rsquo;archive, vous permettant ainsi de savoir exactement ce que vous achetez.<\/p>\n<p class=\"\" data-start=\"1517\" data-end=\"1662\">\u2753 <strong data-start=\"1519\" data-end=\"1539\">Besoin d&rsquo;aide\u00a0?<\/strong> Bien que nous ne fournissions pas de guides d&rsquo;installation, n&rsquo;h\u00e9sitez pas \u00e0 nous <strong data-start=\"1597\" data-end=\"1611\">Contactez-nous<\/strong> si vous avez besoin d&rsquo;aide avant ou apr\u00e8s votre achat.<\/p>\n<p class=\"\" data-start=\"1664\" data-end=\"1805\">\ud83d\udce6 <strong data-start=\"1667\" data-end=\"1695\">Livraison rapide dans le monde entier\u00a0!<\/strong> Procurez-vous rapidement votre <strong data-start=\"1710\" data-end=\"1747\">coque renforc\u00e9e pour Dell Latitude E7214<\/strong> et redonnez \u00e0 votre ordinateur portable toute sa durabilit\u00e9 et son style.<\/p>\n","protected":false},"excerpt":{"rendered":"<p>Remplacez votre <strong data-start=\"339\" data-end=\"381\">cache-\u00e9cran Dell Latitude Rugged E7214<\/strong> endommag\u00e9 ou manquant par ce produit de rechange d&rsquo;origine. Con\u00e7u pour un ajustement parfait et une durabilit\u00e9 optimale. <strong data-start=\"456\" data-end=\"503\">Photos r\u00e9elles\u00a0: ce que vous voyez est ce que vous obtenez\u00a0!<\/strong><\/p>\n","protected":false},"featured_media":17070,"template":"","meta":[],"product_brand":[],"product_cat":[52],"product_tag":[],"class_list":{"0":"post-17002","1":"product","2":"type-product","3":"status-publish","4":"has-post-thumbnail","6":"product_cat-laptop-housing","8":"first","9":"instock","10":"taxable","11":"shipping-taxable","12":"purchasable","13":"product-type-simple"},"_links":{"self":[{"href":"https:\/\/boreait.com\/fr\/wp-json\/wp\/v2\/product\/17002","targetHints":{"allow":["GET"]}}],"collection":[{"href":"https:\/\/boreait.com\/fr\/wp-json\/wp\/v2\/product"}],"about":[{"href":"https:\/\/boreait.com\/fr\/wp-json\/wp\/v2\/types\/product"}],"wp:featuredmedia":[{"embeddable":true,"href":"https:\/\/boreait.com\/fr\/wp-json\/wp\/v2\/media\/17070"}],"wp:attachment":[{"href":"https:\/\/boreait.com\/fr\/wp-json\/wp\/v2\/media?parent=17002"}],"wp:term":[{"taxonomy":"product_brand","embeddable":true,"href":"https:\/\/boreait.com\/fr\/wp-json\/wp\/v2\/product_brand?post=17002"},{"taxonomy":"product_cat","embeddable":true,"href":"https:\/\/boreait.com\/fr\/wp-json\/wp\/v2\/product_cat?post=17002"},{"taxonomy":"product_tag","embeddable":true,"href":"https:\/\/boreait.com\/fr\/wp-json\/wp\/v2\/product_tag?post=17002"}],"curies":[{"name":"wp","href":"https:\/\/api.w.org\/{rel}","templated":true}]}}