{"id":16999,"date":"2025-09-16T16:44:37","date_gmt":"2025-09-16T14:44:37","guid":{"rendered":"https:\/\/boreait.com\/fr\/?post_type=product&#038;p=16999"},"modified":"2025-09-16T16:46:19","modified_gmt":"2025-09-16T14:46:19","slug":"repose-poignets-dell-latitude-rugged-7204-7214-029t6y-piece-de-rechange-dorigine-pour-ordinateur-portable","status":"publish","type":"product","link":"https:\/\/boreait.com\/fr\/produit\/repose-poignets-dell-latitude-rugged-7204-7214-029t6y-piece-de-rechange-dorigine-pour-ordinateur-portable\/","title":{"rendered":"Repose-poignets Dell Latitude Rugged 7204\/7214 (029T6Y) \u2013 Pi\u00e8ce de rechange d&rsquo;origine pour ordinateur portable"},"content":{"rendered":"<p class=\"\" data-start=\"595\" data-end=\"850\">Donnez \u00e0 votre <strong data-start=\"605\" data-end=\"635\">Dell Latitude Rugged <\/strong>7204 \/ 7214 un nouveau look et une meilleure convivialit\u00e9 avec ce <strong data-start=\"680\" data-end=\"714\">repose-poignets Dell authentique (029T6Y)<\/strong>. Con\u00e7u pour durer, ce repose-poignets robuste est con\u00e7u pour r\u00e9sister aux environnements difficiles tout en offrant une exp\u00e9rience de frappe confortable.<\/p>\n<p class=\"\" data-start=\"852\" data-end=\"1219\">\ud83d\udd39 <strong data-start=\"855\" data-end=\"872\">Principales caract\u00e9ristiques\u00a0:<\/strong><br data-start=\"872\" data-end=\"875\" \/>\u2714 <strong data-start=\"877\" data-end=\"898\">Pi\u00e8ce Dell d&rsquo;origine<\/strong> \u2013 Assure un ajustement parfait et une longue dur\u00e9e de vie<br data-start=\"934\" data-end=\"937\" \/>\u2714 <strong data-start=\"939\" data-end=\"956\">Mod\u00e8le\u00a0: 029T6Y<\/strong> \u2013 Sp\u00e9cialement con\u00e7u pour <strong data-start=\"985\" data-end=\"1010\">Latitude Rugged<\/strong> 7204\/7214<br data-start=\"1010\" data-end=\"1013\" \/>\u2714 <strong data-start=\"1015\" data-end=\"1041\">Durable et Construction robuste \u2013 Con\u00e7u pour les conditions extr\u00eames<br data-start=\"1071\" data-end=\"1074\" \/>\u2714 <strong data-start=\"1076\" data-end=\"1096\">Ouvertures pr\u00e9d\u00e9coup\u00e9es<\/strong> \u2013 Pour un acc\u00e8s facile aux ports et au pav\u00e9 tactile<br data-start=\"1140\" data-end=\"1143\" \/>\u2714 <strong data-start=\"1145\" data-end=\"1166\">Installation facile<\/strong> \u2013 Remplacement direct des repose-poignets us\u00e9s ou endommag\u00e9s<\/p>\n<p class=\"\" data-start=\"1221\" data-end=\"1244\">\ud83d\udca1 <strong data-start=\"1224\" data-end=\"1242\">Compatibilit\u00e9\u00a0:<\/strong><\/p>\n<ul data-start=\"1245\" data-end=\"1401\">\n<li class=\"\" data-start=\"1245\" data-end=\"1336\">\n<p class=\"\" data-start=\"1247\" data-end=\"1336\">Con\u00e7u pour <strong data-start=\"1260\" data-end=\"1290\">Dell Latitude Rugged<\/strong> 7204\/7214 (v\u00e9rifiez le mod\u00e8le de votre ordinateur portable avant l&rsquo;achat)<\/p>\n<\/li>\n<li class=\"\" data-start=\"1337\" data-end=\"1401\">\n<p class=\"\" data-start=\"1339\" data-end=\"1401\">Conforme \u00e0 la conception d&rsquo;origine pour une int\u00e9gration transparente<\/p>\n<\/li>\n<\/ul>\n<p class=\"\" data-start=\"1403\" data-end=\"1504\">\ud83d\udcf8 <strong data-start=\"1406\" data-end=\"1422\">Photos r\u00e9elles\u00a0:<\/strong> Les images de cette annonce montrent l&rsquo;article exact que vous recevrez\u00a0; non Des surprises\u00a0!<\/p>\n<p class=\"\" data-start=\"1506\" data-end=\"1660\">\u2753 <strong data-start=\"1508\" data-end=\"1522\">Besoin d&rsquo;aide\u00a0?<\/strong> Bien que nous ne fournissions pas d&rsquo;instructions d&rsquo;installation, n&rsquo;h\u00e9sitez pas \u00e0 <strong data-start=\"1586\" data-end=\"1600\">nous contacter<\/strong> si vous avez besoin d&rsquo;aide avant ou apr\u00e8s votre achat.<\/p>\n<p class=\"\" data-start=\"1662\" data-end=\"1759\">\ud83d\udce6 <strong data-start=\"1665\" data-end=\"1693\">Livraison rapide dans le monde entier\u00a0!<\/strong> Retrouvez votre <strong data-start=\"1703\" data-end=\"1733\">Dell Latitude Rugged<\/strong>7204\/7214 comme neuf.<\/p>\n","protected":false},"excerpt":{"rendered":"<p>Restaurez votre <strong data-start=\"323\" data-end=\"353\">Dell Latitude Rugged<\/strong>7204\/7214 avec ce <strong data-start=\"364\" data-end=\"394\">repose-poignets d&rsquo;origine (029T6Y)<\/strong>. Durable, parfaitement ajust\u00e9 et con\u00e7u pour r\u00e9sister aux conditions difficiles. <strong data-start=\"465\" data-end=\"512\">Photos r\u00e9elles\u00a0: ce que vous voyez est ce que vous obtenez\u00a0!<\/strong><\/p>\n","protected":false},"featured_media":17055,"template":"","meta":[],"product_brand":[],"product_cat":[52],"product_tag":[53],"class_list":{"0":"post-16999","1":"product","2":"type-product","3":"status-publish","4":"has-post-thumbnail","6":"product_cat-laptop-housing","7":"product_tag-dell","9":"first","10":"instock","11":"taxable","12":"shipping-taxable","13":"purchasable","14":"product-type-simple"},"_links":{"self":[{"href":"https:\/\/boreait.com\/fr\/wp-json\/wp\/v2\/product\/16999","targetHints":{"allow":["GET"]}}],"collection":[{"href":"https:\/\/boreait.com\/fr\/wp-json\/wp\/v2\/product"}],"about":[{"href":"https:\/\/boreait.com\/fr\/wp-json\/wp\/v2\/types\/product"}],"wp:featuredmedia":[{"embeddable":true,"href":"https:\/\/boreait.com\/fr\/wp-json\/wp\/v2\/media\/17055"}],"wp:attachment":[{"href":"https:\/\/boreait.com\/fr\/wp-json\/wp\/v2\/media?parent=16999"}],"wp:term":[{"taxonomy":"product_brand","embeddable":true,"href":"https:\/\/boreait.com\/fr\/wp-json\/wp\/v2\/product_brand?post=16999"},{"taxonomy":"product_cat","embeddable":true,"href":"https:\/\/boreait.com\/fr\/wp-json\/wp\/v2\/product_cat?post=16999"},{"taxonomy":"product_tag","embeddable":true,"href":"https:\/\/boreait.com\/fr\/wp-json\/wp\/v2\/product_tag?post=16999"}],"curies":[{"name":"wp","href":"https:\/\/api.w.org\/{rel}","templated":true}]}}