{"id":16998,"date":"2025-09-16T16:44:37","date_gmt":"2025-09-16T14:44:37","guid":{"rendered":"https:\/\/boreait.com\/fr\/?post_type=product&#038;p=16998"},"modified":"2026-03-10T12:52:43","modified_gmt":"2026-03-10T11:52:43","slug":"memoire-ram-ddr4-4-go-1rx16-pc4-2666v-sc0-11-pour-ordinateur-portable-mise-a-niveau-de-memoire-authentique","status":"publish","type":"product","link":"https:\/\/boreait.com\/fr\/produit\/memoire-ram-ddr4-4-go-1rx16-pc4-2666v-sc0-11-pour-ordinateur-portable-mise-a-niveau-de-memoire-authentique\/","title":{"rendered":"M\u00e9moire RAM DDR4 4 Go 1Rx16 PC4-2666V SC0 11 pour ordinateur portable \u2013 Mise \u00e0 niveau de m\u00e9moire authentique"},"content":{"rendered":"<p class=\"\" data-start=\"573\" data-end=\"833\">Mettez \u00e0 niveau la m\u00e9moire de votre ordinateur portable avec cette <strong data-start=\"612\" data-end=\"661\">RAM DDR4 2666 MHz 4 Go (1Rx16 PC4-2666V SC0 11)<\/strong> pour des vitesses plus rapides et un multit\u00e2che am\u00e9lior\u00e9. Que vous travailliez, regardiez du streaming ou jouiez, cette <strong data-start=\"758\" data-end=\"789\">RAM hautes performances pour ordinateur portable<\/strong> garantit des performances fluides et efficaces.<\/p>\n<p class=\"\" data-start=\"835\" data-end=\"1231\">\ud83d\udd39 <strong data-start=\"838\" data-end=\"855\">Caract\u00e9ristiques principales\u00a0:<\/strong><br data-start=\"855\" data-end=\"858\" \/>\u2714 <strong data-start=\"860\" data-end=\"873\">Capacit\u00e9\u00a0:<\/strong> 4\u00a0Go DDR4 \u2013 Id\u00e9al pour les calculs de base et le multit\u00e2che<br data-start=\"927\" data-end=\"930\" \/>\u2714 <strong data-start=\"932\" data-end=\"942\">Vitesse\u00a0:<\/strong> <strong data-start=\"943\" data-end=\"973\">2\u00a0666\u00a0MHz (PC4-2\u00a0666V SC0) 11)<\/strong> \u2013 Am\u00e9liore la r\u00e9activit\u00e9 du syst\u00e8me<br data-start=\"1006\" data-end=\"1009\" \/>\u2714 <strong data-start=\"1011\" data-end=\"1027\">Facteur de forme\u00a0:<\/strong> SO-DIMM \u2013 Con\u00e7u pour les <strong data-start=\"1051\" data-end=\"1078\">ordinateurs portables et PC compacts<\/strong><br data-start=\"1078\" data-end=\"1081\" \/>\u2714 <strong data-start=\"1083\" data-end=\"1108\">Rang et Configuration\u00a0: 1Rx16 \u2013 Optimis\u00e9 pour les cartes m\u00e8res d&rsquo;ordinateurs portables modernes.<br data-start=\"1157\" data-end=\"1160\" \/>\u2714 <strong data-start=\"1162\" data-end=\"1183\">\u00c9conomie d&rsquo;\u00e9nergie\u00a0: Faible consommation d&rsquo;\u00e9nergie pour une autonomie prolong\u00e9e.<\/p>\n<p class=\"\" data-start=\"1233\" data-end=\"1256\">\ud83d\udca1 <strong data-start=\"1236\" data-end=\"1254\">Compatibilit\u00e9\u00a0:<\/strong><\/p>\n<ul data-start=\"1257\" data-end=\"1440\">\n<li class=\"\" data-start=\"1257\" data-end=\"1324\">\n<p class=\"\" data-start=\"1259\" data-end=\"1324\">Compatible avec <strong data-start=\"1275\" data-end=\"1322\">Ordinateurs portables compatibles avec la RAM DDR4 2666 MHz SO-DIMM<\/strong><\/p>\n<\/li>\n<li class=\"\" data-start=\"1325\" data-end=\"1440\">\n<p class=\"\" data-start=\"1327\" data-end=\"1440\">Compatible avec les grandes marques comme HP, Dell, Lenovo, ASUS, Acer, etc. (V\u00e9rifiez les sp\u00e9cifications de votre syst\u00e8me avant d&rsquo;acheter)<\/p>\n<\/li>\n<\/ul>\n<p class=\"\" data-start=\"1442\" data-end=\"1543\">\ud83d\udcf8 <strong data-start=\"1445\" data-end=\"1461\">Photos r\u00e9elles\u00a0:<\/strong> Les images de cette annonce montrent l&rsquo;article exact que vous recevrez\u00a0\u2013 aucune surprise\u00a0!<\/p>\n<p class=\"\" data-start=\"1545\" data-end=\"1643\">\u2753 <strong data-start=\"1547\" data-end=\"1561\">Besoin d&rsquo;aide\u00a0?<\/strong> Si vous avez des questions concernant la compatibilit\u00e9, n&rsquo;h\u00e9sitez pas \u00e0 nous <strong data-start=\"1626\" data-end=\"1640\">envoyer un message<\/strong>.<\/p>\n<p class=\"\" data-start=\"1645\" data-end=\"1781\">\ud83d\udce6 <strong data-start=\"1648\" data-end=\"1676\">Livraison rapide dans le monde entier\u00a0!<\/strong> Mettez \u00e0 niveau la m\u00e9moire de votre ordinateur portable d\u00e8s aujourd&rsquo;hui et profitez de performances plus rapides avec <strong data-start=\"1746\" data-end=\"1778\">ce module de RAM DDR4 d&rsquo;origine<\/strong>.<\/p>\n","protected":false},"excerpt":{"rendered":"<p>Optimisez les performances de votre ordinateur portable avec cette <strong data-start=\"337\" data-end=\"386\">RAM DDR4 4 Go 2666 MHz (1Rx16 PC4-2666V SC0 11)<\/strong>. Une m\u00e9moire fiable et rapide pour un multit\u00e2che plus fluide. <strong data-start=\"443\" data-end=\"490\">Photos authentiques\u00a0: ce que vous voyez est ce que vous obtenez\u00a0!<\/strong><\/p>\n","protected":false},"featured_media":17054,"template":"","meta":[],"product_brand":[],"product_cat":[76,72],"product_tag":[],"class_list":{"0":"post-16998","1":"product","2":"type-product","3":"status-publish","4":"has-post-thumbnail","6":"product_cat-ddr4","7":"product_cat-ram-memory","9":"first","10":"instock","11":"taxable","12":"shipping-taxable","13":"purchasable","14":"product-type-simple"},"_links":{"self":[{"href":"https:\/\/boreait.com\/fr\/wp-json\/wp\/v2\/product\/16998","targetHints":{"allow":["GET"]}}],"collection":[{"href":"https:\/\/boreait.com\/fr\/wp-json\/wp\/v2\/product"}],"about":[{"href":"https:\/\/boreait.com\/fr\/wp-json\/wp\/v2\/types\/product"}],"wp:featuredmedia":[{"embeddable":true,"href":"https:\/\/boreait.com\/fr\/wp-json\/wp\/v2\/media\/17054"}],"wp:attachment":[{"href":"https:\/\/boreait.com\/fr\/wp-json\/wp\/v2\/media?parent=16998"}],"wp:term":[{"taxonomy":"product_brand","embeddable":true,"href":"https:\/\/boreait.com\/fr\/wp-json\/wp\/v2\/product_brand?post=16998"},{"taxonomy":"product_cat","embeddable":true,"href":"https:\/\/boreait.com\/fr\/wp-json\/wp\/v2\/product_cat?post=16998"},{"taxonomy":"product_tag","embeddable":true,"href":"https:\/\/boreait.com\/fr\/wp-json\/wp\/v2\/product_tag?post=16998"}],"curies":[{"name":"wp","href":"https:\/\/api.w.org\/{rel}","templated":true}]}}