{"id":16988,"date":"2025-09-16T16:44:13","date_gmt":"2025-09-16T14:44:13","guid":{"rendered":"https:\/\/boreait.com\/fr\/?post_type=product&#038;p=16988"},"modified":"2025-09-16T16:46:09","modified_gmt":"2025-09-16T14:46:09","slug":"carte-de-jonction-robuste-pour-ordinateur-portable-dell-latitude-7424-5424-5420-0pt0y1-piece-dorigine","status":"publish","type":"product","link":"https:\/\/boreait.com\/fr\/produit\/carte-de-jonction-robuste-pour-ordinateur-portable-dell-latitude-7424-5424-5420-0pt0y1-piece-dorigine\/","title":{"rendered":"Carte de jonction robuste pour ordinateur portable Dell Latitude 7424\/5424\/5420 (0PT0Y1) \u2013 Pi\u00e8ce d&rsquo;origine"},"content":{"rendered":"<p class=\"\" data-start=\"554\" data-end=\"794\">Restaurez votre <strong data-start=\"567\" data-end=\"603\">ordinateur portable Dell Latitude 7424 5424 5420Rugged<\/strong> avec cette <strong data-start=\"614\" data-end=\"648\">carte de jonction de circuit authentique<\/strong>. Con\u00e7ue pour la durabilit\u00e9 et la fiabilit\u00e9, cette <strong data-start=\"693\" data-end=\"715\">pi\u00e8ce Dell d&rsquo;origine<\/strong> garantit une connectivit\u00e9 optimale et des performances optimales pour votre ordinateur portable robuste.<\/p>\n<p class=\"\" data-start=\"796\" data-end=\"1190\">\ud83d\udd39 <strong data-start=\"799\" data-end=\"816\">Principales caract\u00e9ristiques\u00a0:<\/strong><br data-start=\"816\" data-end=\"819\" \/>\u2714 <strong data-start=\"821\" data-end=\"842\">Pi\u00e8ce Dell d&rsquo;origine 0PT0Y1<\/strong> \u2013 Compatibilit\u00e9 et fiabilit\u00e9 garanties<br data-start=\"882\" data-end=\"885\" \/>\u2714 <strong data-start=\"887\" data-end=\"917\">Con\u00e7ue pour les mod\u00e8les Latitude <\/strong>7424 5424 5420 \u2013 Parfaitement compatible avec <strong data-start=\"936\" data-end=\"959\">Ordinateurs portables robustes Dell<\/strong><br data-start=\"959\" data-end=\"962\" \/>\u2714 <strong data-start=\"964\" data-end=\"1000\">Carte de jonction de circuit essentielle<\/strong> \u2013 G\u00e8re les connexions d&rsquo;alimentation et de composants<br data-start=\"1042\" data-end=\"1045\" \/>\u2714 <strong data-start=\"1047\" data-end=\"1079\">Con\u00e7u pour les environnements difficiles<\/strong> \u2013 Conception robuste pour les conditions extr\u00eames<br data-start=\"1118\" data-end=\"1121\" \/>\u2714 <strong data-start=\"1123\" data-end=\"1143\">Remplacement facile<\/strong> \u2013 Remplacez rapidement votre carte ancienne ou endommag\u00e9e<\/p>\n<p class=\"\" data-start=\"1192\" data-end=\"1215\">\ud83d\udca1 <strong data-start=\"1195\" data-end=\"1213\">Compatibilit\u00e9\u00a0:<\/strong><\/p>\n<ul data-start=\"1216\" data-end=\"1360\">\n<li class=\"\" data-start=\"1216\" data-end=\"1308\">\n<p class=\"\" data-start=\"1218\" data-end=\"1308\">Sp\u00e9cialement con\u00e7u pour le <strong data-start=\"1235\" data-end=\"1271\">Dell Latitude 5424 Rugged Series<\/strong> (v\u00e9rifiez votre mod\u00e8le avant l&rsquo;achat)<\/p>\n<\/li>\n<li class=\"\" data-start=\"1309\" data-end=\"1360\">\n<p class=\"\" data-start=\"1311\" data-end=\"1360\">Con\u00e7u pour r\u00e9pondre aux sp\u00e9cifications d&rsquo;origine de Dell<\/p>\n<\/li>\n<\/ul>\n<p class=\"\" data-start=\"1362\" data-end=\"1463\">\ud83d\udcf8 <strong data-start=\"1365\" data-end=\"1381\">Photos r\u00e9elles\u00a0:<\/strong> Les images de cette annonce montrent l&rsquo;article exact que vous recevrez\u00a0; aucune surprise\u00a0!<\/p>\n<p class=\"\" data-start=\"1465\" data-end=\"1619\">\u2753 <strong data-start=\"1467\" data-end=\"1481\">Besoin d&rsquo;aide\u00a0?<\/strong> Bien que nous ne fournissions pas d&rsquo;instructions d&rsquo;installation, n&rsquo;h\u00e9sitez pas \u00e0 <strong data-start=\"1545\" data-end=\"1559\">nous contacter par message<\/strong> si vous avez besoin d&rsquo;aide avant ou apr\u00e8s votre achat.<\/p>\n<p class=\"\" data-start=\"1621\" data-end=\"1746\">\ud83d\udce6 <strong data-start=\"1624\" data-end=\"1652\">Livraison rapide dans le monde entier\u00a0!<\/strong> Remettez votre Dell Latitude 5424 en service gr\u00e2ce \u00e0 ce <strong data-start=\"1706\" data-end=\"1743\">carte de circuit imprim\u00e9 de remplacement authentique<\/strong>.<\/p>\n","protected":false},"excerpt":{"rendered":"<p>Carte de jonction robuste d&rsquo;origine pour Dell Latitude 7424 5424 5420, id\u00e9ale pour remplacer une pi\u00e8ce endommag\u00e9e ou d\u00e9fectueuse. Photos r\u00e9elles\u00a0: ce que vous voyez est ce que vous obtenez\u00a0!<\/p>\n","protected":false},"featured_media":17052,"template":"","meta":[],"product_brand":[],"product_cat":[63],"product_tag":[53],"class_list":{"0":"post-16988","1":"product","2":"type-product","3":"status-publish","4":"has-post-thumbnail","6":"product_cat-motherboards-board-parts","7":"product_tag-dell","9":"first","10":"instock","11":"taxable","12":"shipping-taxable","13":"purchasable","14":"product-type-simple"},"_links":{"self":[{"href":"https:\/\/boreait.com\/fr\/wp-json\/wp\/v2\/product\/16988","targetHints":{"allow":["GET"]}}],"collection":[{"href":"https:\/\/boreait.com\/fr\/wp-json\/wp\/v2\/product"}],"about":[{"href":"https:\/\/boreait.com\/fr\/wp-json\/wp\/v2\/types\/product"}],"wp:featuredmedia":[{"embeddable":true,"href":"https:\/\/boreait.com\/fr\/wp-json\/wp\/v2\/media\/17052"}],"wp:attachment":[{"href":"https:\/\/boreait.com\/fr\/wp-json\/wp\/v2\/media?parent=16988"}],"wp:term":[{"taxonomy":"product_brand","embeddable":true,"href":"https:\/\/boreait.com\/fr\/wp-json\/wp\/v2\/product_brand?post=16988"},{"taxonomy":"product_cat","embeddable":true,"href":"https:\/\/boreait.com\/fr\/wp-json\/wp\/v2\/product_cat?post=16988"},{"taxonomy":"product_tag","embeddable":true,"href":"https:\/\/boreait.com\/fr\/wp-json\/wp\/v2\/product_tag?post=16988"}],"curies":[{"name":"wp","href":"https:\/\/api.w.org\/{rel}","templated":true}]}}