{"id":16987,"date":"2025-09-16T16:44:13","date_gmt":"2025-09-16T14:44:13","guid":{"rendered":"https:\/\/boreait.com\/fr\/?post_type=product&#038;p=16987"},"modified":"2025-09-16T16:46:05","modified_gmt":"2025-09-16T14:46:05","slug":"carte-daccueil-robuste-d6rv6-pour-dell-latitude-5424-et-7424-piece-de-rechange-dorigine-pour-ordinateur-portable","status":"publish","type":"product","link":"https:\/\/boreait.com\/fr\/produit\/carte-daccueil-robuste-d6rv6-pour-dell-latitude-5424-et-7424-piece-de-rechange-dorigine-pour-ordinateur-portable\/","title":{"rendered":"Carte d&rsquo;accueil robuste D6RV6 pour Dell Latitude 5424 et 7424 \u2013 Pi\u00e8ce de rechange d&rsquo;origine pour ordinateur portable"},"content":{"rendered":"<p class=\"\" data-start=\"571\" data-end=\"900\">Mettez \u00e0 niveau ou remplacez votre <strong data-start=\"595\" data-end=\"638\">carte d&rsquo;accueil robuste Dell Latitude 5424 7424<\/strong> par cette <strong data-start=\"649\" data-end=\"671\">pi\u00e8ce Dell d&rsquo;origine<\/strong>, garantissant une connectivit\u00e9 et des performances transparentes. Con\u00e7ue sp\u00e9cifiquement pour les <strong data-start=\"747\" data-end=\"784\">ordinateurs portables robustes Dell Latitude 5424<\/strong>, cette carte d&rsquo;accueil offre une connexion stable et efficace \u00e0 votre ordinateur portable dans les environnements exigeants.<\/p>\n<p class=\"\" data-start=\"902\" data-end=\"1237\">\ud83d\udd39 <strong data-start=\"905\" data-end=\"922\">Principales caract\u00e9ristiques\u00a0:<\/strong><br data-start=\"922\" data-end=\"925\" \/>\u2714 <strong data-start=\"927\" data-end=\"948\">Pi\u00e8ce Dell d&rsquo;origine<\/strong> D6RV6 \u2013 Compatibilit\u00e9 et durabilit\u00e9 garanties<br data-start=\"997\" data-end=\"1000\" \/>\u2714 <strong data-start=\"1002\" data-end=\"1033\">Con\u00e7ue pour les ordinateurs portables robustes<\/strong> \u2013 Con\u00e7ue pour r\u00e9sister aux conditions difficiles<br data-start=\"1071\" data-end=\"1074\" \/>\u2714 <strong data-start=\"1076\" data-end=\"1101\">Optimis\u00e9 pour la station d&rsquo;accueil<\/strong> \u2013 Permet une int\u00e9gration transparente avec les stations d&rsquo;accueil Dell.<br data-start=\"1159\" data-end=\"1162\" \/>\u2714 <strong data-start=\"1164\" data-end=\"1185\">Installation facile<\/strong> \u2013 Remplacement direct des cartes d\u00e9fectueuses ou manquantes.<\/p>\n<p class=\"\" data-start=\"1239\" data-end=\"1262\">\ud83d\udca1 <strong data-start=\"1242\" data-end=\"1260\">Compatibilit\u00e9\u00a0:<\/strong><\/p>\n<ul data-start=\"1263\" data-end=\"1398\">\n<li class=\"\" data-start=\"1263\" data-end=\"1338\">\n<p class=\"\" data-start=\"1265\" data-end=\"1338\"><strong data-start=\"1265\" data-end=\"1301\">Ordinateur portable robuste Dell Latitude 5424 7424<\/strong> (V\u00e9rifiez votre mod\u00e8le avant l&rsquo;achat)<\/p>\n<\/li>\n<li class=\"\" data-start=\"1339\" data-end=\"1398\">\n<p class=\"\" data-start=\"1341\" data-end=\"1398\">Con\u00e7u pour une utilisation avec les <strong data-start=\"1363\" data-end=\"1396\">stations d&rsquo;accueil robustes Dell<\/strong><\/p>\n<\/li>\n<\/ul>\n<p class=\"\" data-start=\"1400\" data-end=\"1517\">\ud83d\udcf8 <strong data-start=\"1403\" data-end=\"1419\">Photos r\u00e9elles\u00a0:<\/strong> Les images de cette annonce montrent exactement <strong data-start=\"1462\" data-end=\"1479\">carte d&rsquo;accueil<\/strong> que vous recevrez \u2013 photos non contractuelles\u00a0!<\/p>\n<p class=\"\" data-start=\"1519\" data-end=\"1637\">\u2753 <strong data-start=\"1521\" data-end=\"1535\">Besoin d&rsquo;aide\u00a0?<\/strong> Nous ne fournissons pas d&rsquo;instructions d&rsquo;installation, mais n&rsquo;h\u00e9sitez pas \u00e0 <strong data-start=\"1597\" data-end=\"1611\">nous contacter par message<\/strong> si vous avez besoin d&rsquo;aide.<\/p>\n<p class=\"\" data-start=\"1639\" data-end=\"1769\">\ud83d\udce6 <strong data-start=\"1642\" data-end=\"1670\">Livraison rapide dans le monde entier\u00a0!<\/strong> Remettez votre ordinateur portable robuste en parfait \u00e9tat gr\u00e2ce \u00e0 cette <strong data-start=\"1722\" data-end=\"1766\">station d&rsquo;accueil Dell Latitude 5424 7424 d&rsquo;origine tableau<\/strong>.<\/p>\n","protected":false},"excerpt":{"rendered":"<p>Restaurez la fonctionnalit\u00e9 de la station d&rsquo;accueil avec cette <strong data-start=\"347\" data-end=\"398\">carte d&rsquo;accueil robuste et authentique pour Dell Latitude 5424 7424<\/strong>. Con\u00e7ue pour la durabilit\u00e9 et la fiabilit\u00e9. <strong data-start=\"441\" data-end=\"488\">Photos r\u00e9elles\u00a0: vous obtenez exactement ce qui est affich\u00e9\u00a0!<\/strong><\/p>\n","protected":false},"featured_media":17051,"template":"","meta":[],"product_brand":[],"product_cat":[63],"product_tag":[53],"class_list":{"0":"post-16987","1":"product","2":"type-product","3":"status-publish","4":"has-post-thumbnail","6":"product_cat-motherboards-board-parts","7":"product_tag-dell","9":"first","10":"instock","11":"taxable","12":"shipping-taxable","13":"purchasable","14":"product-type-simple"},"_links":{"self":[{"href":"https:\/\/boreait.com\/fr\/wp-json\/wp\/v2\/product\/16987","targetHints":{"allow":["GET"]}}],"collection":[{"href":"https:\/\/boreait.com\/fr\/wp-json\/wp\/v2\/product"}],"about":[{"href":"https:\/\/boreait.com\/fr\/wp-json\/wp\/v2\/types\/product"}],"wp:featuredmedia":[{"embeddable":true,"href":"https:\/\/boreait.com\/fr\/wp-json\/wp\/v2\/media\/17051"}],"wp:attachment":[{"href":"https:\/\/boreait.com\/fr\/wp-json\/wp\/v2\/media?parent=16987"}],"wp:term":[{"taxonomy":"product_brand","embeddable":true,"href":"https:\/\/boreait.com\/fr\/wp-json\/wp\/v2\/product_brand?post=16987"},{"taxonomy":"product_cat","embeddable":true,"href":"https:\/\/boreait.com\/fr\/wp-json\/wp\/v2\/product_cat?post=16987"},{"taxonomy":"product_tag","embeddable":true,"href":"https:\/\/boreait.com\/fr\/wp-json\/wp\/v2\/product_tag?post=16987"}],"curies":[{"name":"wp","href":"https:\/\/api.w.org\/{rel}","templated":true}]}}