{"id":16985,"date":"2025-09-16T16:44:12","date_gmt":"2025-09-16T14:44:12","guid":{"rendered":"https:\/\/boreait.com\/fr\/?post_type=product&#038;p=16985"},"modified":"2025-09-16T16:46:00","modified_gmt":"2025-09-16T14:46:00","slug":"porte-dacces-au-stockage-robuste-pour-dell-latitude-5424-piece-dorigine-pour-ordinateur-portable","status":"publish","type":"product","link":"https:\/\/boreait.com\/fr\/produit\/porte-dacces-au-stockage-robuste-pour-dell-latitude-5424-piece-dorigine-pour-ordinateur-portable\/","title":{"rendered":"Porte d&rsquo;acc\u00e8s au stockage robuste pour Dell Latitude 5424 \u2013 Pi\u00e8ce d&rsquo;origine pour ordinateur portable"},"content":{"rendered":"<p class=\"\" data-start=\"604\" data-end=\"685\"><strong data-start=\"607\" data-end=\"683\">Trappe d&rsquo;acc\u00e8s au stockage pour Dell Latitude 5424 Rugged \u2013 Pi\u00e8ce de rechange d&rsquo;origine<\/strong><\/p>\n<p class=\"\" data-start=\"687\" data-end=\"967\">Maintenez votre <strong data-start=\"697\" data-end=\"733\">ordinateur portable Dell Latitude 5424 Rugged<\/strong> en parfait \u00e9tat gr\u00e2ce \u00e0 cette <strong data-start=\"761\" data-end=\"793\">trappe d&rsquo;acc\u00e8s au stockage d&rsquo;origine<\/strong>. Cette <strong data-start=\"800\" data-end=\"817\">pi\u00e8ce Dell OEM<\/strong> est con\u00e7ue pour prot\u00e9ger efficacement le disque de stockage de votre ordinateur portable contre la poussi\u00e8re, l&rsquo;humidit\u00e9 et les dommages, garantissant ainsi une durabilit\u00e9 optimale dans des conditions difficiles.<\/p>\n<p class=\"\" data-start=\"969\" data-end=\"1347\">\ud83d\udd39 <strong data-start=\"972\" data-end=\"989\">Caract\u00e9ristiques principales\u00a0:<\/strong><br data-start=\"989\" data-end=\"992\" \/>\u2714 <strong data-start=\"994\" data-end=\"1015\">Pi\u00e8ce Dell d&rsquo;origine<\/strong> \u2013 Ajustement et qualit\u00e9 parfaits<br data-start=\"1041\" data-end=\"1044\" \/>\u2714 <strong data-start=\"1046\" data-end=\"1088\">Con\u00e7u pour le Dell Latitude 5424 Rugged<\/strong> \u2013 Compatibilit\u00e9 totale garantie<br data-start=\"1117\" data-end=\"1120\" \/>\u2714 <strong data-start=\"1122\" data-end=\"1148\">Prot\u00e8ge le lecteur de stockage<\/strong> \u2013 Prot\u00e8ge contre la poussi\u00e8re, les chocs et l&rsquo;exposition \u00e0 l&rsquo;environnement<br data-start=\"1207\" data-end=\"1210\" \/>\u2714 <strong data-start=\"1212\" data-end=\"1233\">Installation facile<\/strong> \u2013 Remplacez votre porte ancienne ou manquante en quelques minutes<br data-start=\"1280\" data-end=\"1283\" \/>\u2714 <strong data-start=\"1285\" data-end=\"1305\">Durable et Robuste \u2013 Con\u00e7u pour r\u00e9sister aux environnements difficiles.<\/p>\n<p class=\"\" data-start=\"1349\" data-end=\"1372\">\ud83d\udca1 <strong data-start=\"1352\" data-end=\"1370\">Compatibilit\u00e9\u00a0:<\/strong><\/p>\n<ul data-start=\"1373\" data-end=\"1459\">\n<li class=\"\" data-start=\"1373\" data-end=\"1413\">\n<p class=\"\" data-start=\"1375\" data-end=\"1413\"><strong data-start=\"1375\" data-end=\"1404\">Dell Latitude 5424 Rugged<\/strong> series<\/p>\n<\/li>\n<li class=\"\" data-start=\"1414\" data-end=\"1459\">\n<p class=\"\" data-start=\"1416\" data-end=\"1459\">V\u00e9rifiez le mod\u00e8le de votre ordinateur portable avant d&rsquo;acheter<\/p>\n<\/li>\n<\/ul>\n<p class=\"\" data-start=\"1461\" data-end=\"1562\">\ud83d\udcf8 <strong data-start=\"1464\" data-end=\"1480\">Photos r\u00e9elles\u00a0:<\/strong> Les images de cette annonce montrent l&rsquo;article exact que vous recevrez\u00a0; aucune surprise\u00a0!<\/p>\n<p class=\"\" data-start=\"1564\" data-end=\"1707\">\u2753 <strong data-start=\"1566\" data-end=\"1580\">Besoin d&rsquo;aide\u00a0?<\/strong> Nous ne fournissons pas d&rsquo;instructions d&rsquo;installation, mais n&rsquo;h\u00e9sitez pas \u00e0 <strong data-start=\"1642\" data-end=\"1656\">nous contacter par message<\/strong> pour toute question avant ou apr\u00e8s votre achat.<\/p>\n<p class=\"\" data-start=\"1709\" data-end=\"1837\">\ud83d\udce6 <strong data-start=\"1712\" data-end=\"1740\">Exp\u00e9dition rapide dans le monde entier\u00a0!<\/strong> Retrouvez une protection compl\u00e8te pour votre ordinateur portable gr\u00e2ce \u00e0 cette <strong data-start=\"1791\" data-end=\"1834\">porte d&rsquo;acc\u00e8s de stockage robuste Dell d&rsquo;origine<\/strong>.<\/p>\n","protected":false},"excerpt":{"rendered":"<p class=\"\" data-start=\"307\" data-end=\"523\">Remplacez votre <strong data-start=\"339\" data-end=\"388\">porte d&rsquo;acc\u00e8s au stockage robuste Dell Latitude 5424<\/strong> endommag\u00e9e ou manquante par cette <strong data-start=\"399\" data-end=\"419\">pi\u00e8ce d&rsquo;origine OEM<\/strong>. Elle assure une protection optimale du stockage de votre ordinateur portable. <strong data-start=\"474\" data-end=\"521\">Photos r\u00e9elles\u00a0: ce que vous voyez est ce que vous obtenez\u00a0!<\/strong><\/p>\n","protected":false},"featured_media":17049,"template":"","meta":[],"product_brand":[],"product_cat":[52],"product_tag":[53],"class_list":{"0":"post-16985","1":"product","2":"type-product","3":"status-publish","4":"has-post-thumbnail","6":"product_cat-laptop-housing","7":"product_tag-dell","9":"first","10":"instock","11":"taxable","12":"shipping-taxable","13":"purchasable","14":"product-type-simple"},"_links":{"self":[{"href":"https:\/\/boreait.com\/fr\/wp-json\/wp\/v2\/product\/16985","targetHints":{"allow":["GET"]}}],"collection":[{"href":"https:\/\/boreait.com\/fr\/wp-json\/wp\/v2\/product"}],"about":[{"href":"https:\/\/boreait.com\/fr\/wp-json\/wp\/v2\/types\/product"}],"wp:featuredmedia":[{"embeddable":true,"href":"https:\/\/boreait.com\/fr\/wp-json\/wp\/v2\/media\/17049"}],"wp:attachment":[{"href":"https:\/\/boreait.com\/fr\/wp-json\/wp\/v2\/media?parent=16985"}],"wp:term":[{"taxonomy":"product_brand","embeddable":true,"href":"https:\/\/boreait.com\/fr\/wp-json\/wp\/v2\/product_brand?post=16985"},{"taxonomy":"product_cat","embeddable":true,"href":"https:\/\/boreait.com\/fr\/wp-json\/wp\/v2\/product_cat?post=16985"},{"taxonomy":"product_tag","embeddable":true,"href":"https:\/\/boreait.com\/fr\/wp-json\/wp\/v2\/product_tag?post=16985"}],"curies":[{"name":"wp","href":"https:\/\/api.w.org\/{rel}","templated":true}]}}