{"id":16983,"date":"2025-09-16T16:44:12","date_gmt":"2025-09-16T14:44:12","guid":{"rendered":"https:\/\/boreait.com\/fr\/?post_type=product&#038;p=16983"},"modified":"2025-09-16T16:45:57","modified_gmt":"2025-09-16T14:45:57","slug":"housse-robuste-pour-port-hdmi-et-serie-dell-latitude-5424-housse-dorigine-pour-ordinateur-portable","status":"publish","type":"product","link":"https:\/\/boreait.com\/fr\/produit\/housse-robuste-pour-port-hdmi-et-serie-dell-latitude-5424-housse-dorigine-pour-ordinateur-portable\/","title":{"rendered":"Housse robuste pour port HDMI et s\u00e9rie Dell Latitude 5424 \u2013 Housse d&rsquo;origine pour ordinateur portable"},"content":{"rendered":"<p class=\"\" data-start=\"551\" data-end=\"825\">Assurez-vous que votre <strong data-start=\"563\" data-end=\"599\">ordinateur portable Dell Latitude 5424 Rugged<\/strong> reste prot\u00e9g\u00e9 avec cette <strong data-start=\"626\" data-end=\"661\">porte de port HDMI et s\u00e9rie authentique<\/strong>. Con\u00e7ue sp\u00e9cifiquement pour les <strong data-start=\"689\" data-end=\"725\">mod\u00e8les Dell Latitude 5424 Rugged<\/strong>, cette protection durable prot\u00e8ge les ports de votre ordinateur portable de la poussi\u00e8re, des d\u00e9bris et des dommages accidentels.<\/p>\n<p class=\"\" data-start=\"827\" data-end=\"1155\">\ud83d\udd39 <strong data-start=\"830\" data-end=\"847\">Principales caract\u00e9ristiques\u00a0:<\/strong><br data-start=\"847\" data-end=\"850\" \/>\u2714 <strong data-start=\"852\" data-end=\"873\">Pi\u00e8ce Dell d&rsquo;origine<\/strong> \u2013 Garantit un ajustement parfait et une durabilit\u00e9 optimale<br data-start=\"910\" data-end=\"913\" \/>\u2714 <strong data-start=\"915\" data-end=\"947\">Prot\u00e8ge les ports HDMI et Ports s\u00e9rie<\/strong> \u2013 Prot\u00e8ge de la poussi\u00e8re et de l&rsquo;humidit\u00e9<br data-start=\"977\" data-end=\"980\" \/>\u2714 <strong data-start=\"982\" data-end=\"1002\">Robuste et Durable<\/strong> \u2013 Con\u00e7u pour les environnements extr\u00eames<br data-start=\"1034\" data-end=\"1037\" \/>\u2714 <strong data-start=\"1039\" data-end=\"1075\">Ajustement parfait pour le Dell Latitude 5424<\/strong> \u2013 Aucune modification n\u00e9cessaire<br data-start=\"1101\" data-end=\"1104\" \/>\u2714 <strong data-start=\"1106\" data-end=\"1125\">Facile \u00e0 remplacer<\/strong> \u2013 Il suffit de le clipser<\/p>\n<p class=\"\" data-start=\"1157\" data-end=\"1180\">\ud83d\udca1 <strong data-start=\"1160\" data-end=\"1178\">Compatibilit\u00e9\u00a0:<\/strong><\/p>\n<ul data-start=\"1181\" data-end=\"1318\">\n<li class=\"\" data-start=\"1181\" data-end=\"1248\">\n<p class=\"\" data-start=\"1183\" data-end=\"1248\">Sp\u00e9cialement con\u00e7u pour les ordinateurs portables <strong data-start=\"1209\" data-end=\"1238\">Dell Latitude 5424 Rugged<\/strong><\/p>\n<\/li>\n<li class=\"\" data-start=\"1249\" data-end=\"1318\">\n<p class=\"\" data-start=\"1251\" data-end=\"1318\">V\u00e9rifiez le mod\u00e8le de votre ordinateur portable avant l&rsquo;achat pour vous assurer de sa compatibilit\u00e9.<\/p>\n<\/li>\n<\/ul>\n<p class=\"\" data-start=\"1320\" data-end=\"1423\">\ud83d\udcf8 <strong data-start=\"1323\" data-end=\"1339\">Photos r\u00e9elles\u00a0:<\/strong> Les photos de cette annonce montrent l&rsquo;article exact que vous recevrez\u00a0; aucune surprise\u00a0!<\/p>\n<p class=\"\" data-start=\"1425\" data-end=\"1571\">\u2753 <strong data-start=\"1427\" data-end=\"1441\">Besoin d&rsquo;aide\u00a0?<\/strong> Nous ne fournissons pas d&rsquo;instructions d&rsquo;installation, mais vous pouvez <strong data-start=\"1498\" data-end=\"1512\">nous contacter par message<\/strong> si vous avez des questions avant ou apr\u00e8s votre achat.<\/p>\n<p class=\"\" data-start=\"1573\" data-end=\"1700\">\ud83d\udce6 <strong data-start=\"1576\" data-end=\"1604\">Livraison rapide dans le monde entier\u00a0!<\/strong> Procurez-vous votre <strong data-start=\"1614\" data-end=\"1660\">porte port HDMI et s\u00e9rie Dell Latitude 5424<\/strong> d\u00e8s aujourd&rsquo;hui et prot\u00e9gez votre ordinateur portable.<\/p>\n","protected":false},"excerpt":{"rendered":"<p>V\u00e9ritable <strong data-start=\"322\" data-end=\"375\">porte port HDMI et s\u00e9rie robuste Dell Latitude 5424<\/strong>. Prot\u00e8ge les ports de la poussi\u00e8re, de la salet\u00e9 et des dommages. <strong data-start=\"421\" data-end=\"468\">Photos r\u00e9elles\u00a0: ce que vous voyez est ce que vous obtenez\u00a0!<\/strong><\/p>\n","protected":false},"featured_media":17047,"template":"","meta":[],"product_brand":[],"product_cat":[52],"product_tag":[53],"class_list":{"0":"post-16983","1":"product","2":"type-product","3":"status-publish","4":"has-post-thumbnail","6":"product_cat-laptop-housing","7":"product_tag-dell","9":"first","10":"instock","11":"taxable","12":"shipping-taxable","13":"purchasable","14":"product-type-simple"},"_links":{"self":[{"href":"https:\/\/boreait.com\/fr\/wp-json\/wp\/v2\/product\/16983","targetHints":{"allow":["GET"]}}],"collection":[{"href":"https:\/\/boreait.com\/fr\/wp-json\/wp\/v2\/product"}],"about":[{"href":"https:\/\/boreait.com\/fr\/wp-json\/wp\/v2\/types\/product"}],"wp:featuredmedia":[{"embeddable":true,"href":"https:\/\/boreait.com\/fr\/wp-json\/wp\/v2\/media\/17047"}],"wp:attachment":[{"href":"https:\/\/boreait.com\/fr\/wp-json\/wp\/v2\/media?parent=16983"}],"wp:term":[{"taxonomy":"product_brand","embeddable":true,"href":"https:\/\/boreait.com\/fr\/wp-json\/wp\/v2\/product_brand?post=16983"},{"taxonomy":"product_cat","embeddable":true,"href":"https:\/\/boreait.com\/fr\/wp-json\/wp\/v2\/product_cat?post=16983"},{"taxonomy":"product_tag","embeddable":true,"href":"https:\/\/boreait.com\/fr\/wp-json\/wp\/v2\/product_tag?post=16983"}],"curies":[{"name":"wp","href":"https:\/\/api.w.org\/{rel}","templated":true}]}}