{"id":16982,"date":"2025-09-16T16:44:12","date_gmt":"2025-09-16T14:44:12","guid":{"rendered":"https:\/\/boreait.com\/fr\/?post_type=product&#038;p=16982"},"modified":"2025-09-16T16:45:52","modified_gmt":"2025-09-16T14:45:52","slug":"lecteur-dempreintes-digitales-robuste-pour-dell-latitude-5424-piece-biometrique-dorigine-pour-ordinateur-portable","status":"publish","type":"product","link":"https:\/\/boreait.com\/fr\/produit\/lecteur-dempreintes-digitales-robuste-pour-dell-latitude-5424-piece-biometrique-dorigine-pour-ordinateur-portable\/","title":{"rendered":"Lecteur d&#8217;empreintes digitales robuste pour Dell Latitude 5424 \u2013 Pi\u00e8ce biom\u00e9trique d&rsquo;origine pour ordinateur portable"},"content":{"rendered":"<p class=\"\" data-start=\"557\" data-end=\"844\">Am\u00e9liorez la s\u00e9curit\u00e9 de votre ordinateur portable <strong data-start=\"586\" data-end=\"615\">Dell Latitude 5424 Rugged<\/strong> avec ce <strong data-start=\"633\" data-end=\"664\">lecteur d&#8217;empreintes digitales d&rsquo;origine<\/strong>. Con\u00e7u pour la durabilit\u00e9 et la pr\u00e9cision, ce lecteur biom\u00e9trique garantit des <strong data-start=\"735\" data-end=\"762\">connexions rapides et s\u00e9curis\u00e9es<\/strong>, ce qui en fait une mise \u00e0 niveau essentielle pour les professionnels et les utilisateurs soucieux de leur s\u00e9curit\u00e9.<\/p>\n<p class=\"\" data-start=\"846\" data-end=\"1262\">\ud83d\udd39 <strong data-start=\"849\" data-end=\"866\">Principales caract\u00e9ristiques\u00a0:<\/strong><br data-start=\"866\" data-end=\"869\" \/>\u2714 <strong data-start=\"871\" data-end=\"892\">Pi\u00e8ce Dell d&rsquo;origine<\/strong> \u2013 Assure une compatibilit\u00e9 et une fiabilit\u00e9 totales<br data-start=\"937\" data-end=\"940\" \/>\u2714 <strong data-start=\"942\" data-end=\"964\">S\u00e9curit\u00e9 biom\u00e9trique<\/strong> \u2013 Permet une authentification par empreinte digitale rapide et s\u00e9curis\u00e9e<br data-start=\"1017\" data-end=\"1020\" \/>\u2714 <strong data-start=\"1022\" data-end=\"1037\">Ajustement parfait<\/strong> \u2013 Con\u00e7u sp\u00e9cifiquement pour les ordinateurs portables <strong data-start=\"1066\" data-end=\"1095\">Dell Latitude 5424 Rugged<\/strong><br data-start=\"1103\" data-end=\"1106\" \/>\u2714 <strong data-start=\"1108\" data-end=\"1129\">Installation facile<\/strong> \u2013 Remplacez votre ancien lecteur d&#8217;empreintes digitales ou celui qui ne fonctionne plus sans tracas<br data-start=\"1195\" data-end=\"1198\" \/>\u2714 <strong data-start=\"1200\" data-end=\"1220\">Durable et Robuste \u2013 Con\u00e7u pour r\u00e9sister aux environnements difficiles.<\/p>\n<p class=\"\" data-start=\"1264\" data-end=\"1287\">\ud83d\udca1 <strong data-start=\"1267\" data-end=\"1285\">Compatibilit\u00e9\u00a0:<\/strong><\/p>\n<ul data-start=\"1288\" data-end=\"1472\">\n<li class=\"\" data-start=\"1288\" data-end=\"1391\">\n<p class=\"\" data-start=\"1290\" data-end=\"1391\">Sp\u00e9cialement con\u00e7u pour le <strong data-start=\"1316\" data-end=\"1345\">Dell Latitude 5424 Rugged<\/strong> (V\u00e9rifiez le mod\u00e8le de votre ordinateur portable avant l&rsquo;achat)<\/p>\n<\/li>\n<li class=\"\" data-start=\"1392\" data-end=\"1472\">\n<p class=\"\" data-start=\"1394\" data-end=\"1472\">Pi\u00e8ce d&rsquo;origine garantissant une <strong data-start=\"1411\" data-end=\"1435\">int\u00e9gration parfaite<\/strong> au syst\u00e8me de s\u00e9curit\u00e9 de votre ordinateur portable.<\/p>\n<\/li>\n<\/ul>\n<p class=\"\" data-start=\"1474\" data-end=\"1598\">\ud83d\udcf8 <strong data-start=\"1477\" data-end=\"1493\">Photos r\u00e9elles\u00a0:<\/strong> Les photos de cette annonce montrent le <strong data-start=\"1532\" data-end=\"1560\">lecteur d&#8217;empreintes digitales exact<\/strong> que vous recevrez\u00a0\u2013 aucune image d&rsquo;archive\u00a0!<\/p>\n<p class=\"\" data-start=\"1600\" data-end=\"1736\">\u2753 <strong data-start=\"1602\" data-end=\"1616\">Besoin d&rsquo;aide\u00a0?<\/strong> Nous ne fournissons pas d&rsquo;instructions d&rsquo;installation, mais n&rsquo;h\u00e9sitez pas \u00e0 nous contacter. data-start=\u00a0\u00bb1678&Prime; data-end=\u00a0\u00bb1692&Prime;>Contactez-nous<\/strong> pour toute assistance avant ou apr\u00e8s-vente.<\/p>\n<p class=\"\" data-start=\"1738\" data-end=\"1860\">\ud83d\udce6 <strong data-start=\"1741\" data-end=\"1769\">Livraison rapide dans le monde entier\u00a0!<\/strong> Retrouvez la s\u00e9curit\u00e9 biom\u00e9trique de votre ordinateur portable gr\u00e2ce \u00e0 ce <strong data-start=\"1822\" data-end=\"1857\">lecteur d&#8217;empreintes digitales Dell d&rsquo;origine<\/strong>.<\/p>\n","protected":false},"excerpt":{"rendered":"<p>Am\u00e9liorez votre ordinateur portable Dell Latitude 5424 Rugged avec ce lecteur d&#8217;empreintes digitales authentique pour une connexion biom\u00e9trique s\u00e9curis\u00e9e. De vraies photos\u00a0: vous obtenez ce que vous voyez\u00a0!<\/p>\n","protected":false},"featured_media":17038,"template":"","meta":[],"product_brand":[],"product_cat":[63],"product_tag":[53],"class_list":{"0":"post-16982","1":"product","2":"type-product","3":"status-publish","4":"has-post-thumbnail","6":"product_cat-motherboards-board-parts","7":"product_tag-dell","9":"first","10":"instock","11":"taxable","12":"shipping-taxable","13":"purchasable","14":"product-type-simple"},"_links":{"self":[{"href":"https:\/\/boreait.com\/fr\/wp-json\/wp\/v2\/product\/16982","targetHints":{"allow":["GET"]}}],"collection":[{"href":"https:\/\/boreait.com\/fr\/wp-json\/wp\/v2\/product"}],"about":[{"href":"https:\/\/boreait.com\/fr\/wp-json\/wp\/v2\/types\/product"}],"wp:featuredmedia":[{"embeddable":true,"href":"https:\/\/boreait.com\/fr\/wp-json\/wp\/v2\/media\/17038"}],"wp:attachment":[{"href":"https:\/\/boreait.com\/fr\/wp-json\/wp\/v2\/media?parent=16982"}],"wp:term":[{"taxonomy":"product_brand","embeddable":true,"href":"https:\/\/boreait.com\/fr\/wp-json\/wp\/v2\/product_brand?post=16982"},{"taxonomy":"product_cat","embeddable":true,"href":"https:\/\/boreait.com\/fr\/wp-json\/wp\/v2\/product_cat?post=16982"},{"taxonomy":"product_tag","embeddable":true,"href":"https:\/\/boreait.com\/fr\/wp-json\/wp\/v2\/product_tag?post=16982"}],"curies":[{"name":"wp","href":"https:\/\/api.w.org\/{rel}","templated":true}]}}