{"id":16981,"date":"2025-09-16T16:44:12","date_gmt":"2025-09-16T14:44:12","guid":{"rendered":"https:\/\/boreait.com\/fr\/?post_type=product&#038;p=16981"},"modified":"2025-09-16T16:45:49","modified_gmt":"2025-09-16T14:45:49","slug":"carte-gps-dell-rugged-5420-piece-dorigine-pour-ordinateur-portable-0dxrjf-dxrjf","status":"publish","type":"product","link":"https:\/\/boreait.com\/fr\/produit\/carte-gps-dell-rugged-5420-piece-dorigine-pour-ordinateur-portable-0dxrjf-dxrjf\/","title":{"rendered":"Carte GPS Dell Rugged 5420 \u2013 Pi\u00e8ce d&rsquo;origine pour ordinateur portable \u2013 0DXRJF DXRJF"},"content":{"rendered":"<p class=\"\" data-start=\"533\" data-end=\"841\">Am\u00e9liorez votre <strong data-start=\"546\" data-end=\"568\">Dell Rugged 5420<\/strong> avec cette <strong data-start=\"579\" data-end=\"604\">carte GPS OEM authentique<\/strong>, con\u00e7ue pour fournir un suivi de localisation pr\u00e9cis pour les applications professionnelles, de navigation et de s\u00e9curit\u00e9. Ce module est un <strong data-start=\"723\" data-end=\"745\">remplacement direct<\/strong> de la pi\u00e8ce d&rsquo;origine, garantissant une compatibilit\u00e9 totale et une int\u00e9gration parfaite avec votre ordinateur portable.<\/p>\n<p class=\"\" data-start=\"843\" data-end=\"1199\">\ud83d\udd39 <strong data-start=\"846\" data-end=\"863\">Principales caract\u00e9ristiques\u00a0:<\/strong><br data-start=\"863\" data-end=\"866\" \/>\u2714 <strong data-start=\"868\" data-end=\"893\">Pi\u00e8ce d&rsquo;origine Dell OEM 0DXRJF DXRJF<\/strong> \u2013 Fiabilit\u00e9 et compatibilit\u00e9 totale garanties<br data-start=\"938\" data-end=\"941\" \/>\u2714 <strong data-start=\"943\" data-end=\"964\">Fonctionnalit\u00e9 GPS<\/strong> \u2013 Permet un positionnement et un suivi pr\u00e9cis<br data-start=\"1008\" data-end=\"1011\" \/>\u2714 <strong data-start=\"1013\" data-end=\"1055\">Mod\u00e8le\u00a0: Con\u00e7u pour Dell Rugged 5420<\/strong> \u2013 Ajustement de pr\u00e9cision OEM<br data-start=\"1075\" data-end=\"1078\" \/>\u2714 <strong data-start=\"1080\" data-end=\"1101\">Installation facile<\/strong> \u2013 Remplacement plug-and-play direct<br data-start=\"1136\" data-end=\"1139\" \/>\u2714 <strong data-start=\"1141\" data-end=\"1164\">Compact et Efficace &#8211; Impact minimal sur l&rsquo;autonomie de la batterie.<\/p>\n<p class=\"\" data-start=\"1201\" data-end=\"1224\">\ud83d\udca1 <strong data-start=\"1204\" data-end=\"1222\">Compatibilit\u00e9\u00a0:<\/strong><\/p>\n<ul data-start=\"1225\" data-end=\"1357\">\n<li class=\"\" data-start=\"1225\" data-end=\"1295\">\n<p class=\"\" data-start=\"1227\" data-end=\"1295\"><strong data-start=\"1227\" data-end=\"1249\">Dell Rugged 5420<\/strong> (V\u00e9rifiez le mod\u00e8le de votre ordinateur portable avant l&rsquo;achat)<\/p>\n<\/li>\n<li class=\"\" data-start=\"1296\" data-end=\"1357\">\n<p class=\"\" data-start=\"1298\" data-end=\"1357\">Connexion interne standard pour ordinateurs portables Dell \u00e9quip\u00e9s d&rsquo;un GPS<\/p>\n<\/li>\n<\/ul>\n<p class=\"\" data-start=\"1359\" data-end=\"1468\">\ud83d\udcf8 <strong data-start=\"1362\" data-end=\"1378\">Photos r\u00e9elles\u00a0:<\/strong> Les images de cette annonce montrent la carte GPS exacte que vous recevrez\u00a0; aucune photo d&rsquo;archive\u00a0!<\/p>\n<p class=\"\" data-start=\"1470\" data-end=\"1622\">\u2753 <strong data-start=\"1472\" data-end=\"1486\">Besoin d&rsquo;aide\u00a0?<\/strong> Nous ne fournissons pas d&rsquo;instructions d&rsquo;installation, mais n&rsquo;h\u00e9sitez pas \u00e0 <strong data-start=\"1548\" data-end=\"1562\">nous contacter<\/strong> si vous avez besoin d&rsquo;aide avant ou apr\u00e8s votre achat.<\/p>\n<p class=\"\" data-start=\"1624\" data-end=\"1739\">\ud83d\udce6 <strong data-start=\"1627\" data-end=\"1655\">Livraison rapide dans le monde entier\u00a0!<\/strong> \u00c9quipez votre ordinateur portable de la fonctionnalit\u00e9 GPS gr\u00e2ce \u00e0 cette <strong data-start=\"1715\" data-end=\"1736\">pi\u00e8ce Dell d&rsquo;origine<\/strong>.<\/p>\n","protected":false},"excerpt":{"rendered":"<p>Am\u00e9liorez votre <strong data-start=\"313\" data-end=\"335\">Dell Rugged 5420<\/strong> avec cette <strong data-start=\"346\" data-end=\"371\">carte GPS OEM d&rsquo;origine<\/strong> pour un suivi pr\u00e9cis de la localisation. <strong data-start=\"403\" data-end=\"450\">Photos r\u00e9elles\u00a0: ce que vous voyez est ce que vous obtenez\u00a0!<\/strong><\/p>\n","protected":false},"featured_media":17036,"template":"","meta":[],"product_brand":[],"product_cat":[63],"product_tag":[53],"class_list":{"0":"post-16981","1":"product","2":"type-product","3":"status-publish","4":"has-post-thumbnail","6":"product_cat-motherboards-board-parts","7":"product_tag-dell","9":"first","10":"instock","11":"taxable","12":"shipping-taxable","13":"purchasable","14":"product-type-simple"},"_links":{"self":[{"href":"https:\/\/boreait.com\/fr\/wp-json\/wp\/v2\/product\/16981","targetHints":{"allow":["GET"]}}],"collection":[{"href":"https:\/\/boreait.com\/fr\/wp-json\/wp\/v2\/product"}],"about":[{"href":"https:\/\/boreait.com\/fr\/wp-json\/wp\/v2\/types\/product"}],"wp:featuredmedia":[{"embeddable":true,"href":"https:\/\/boreait.com\/fr\/wp-json\/wp\/v2\/media\/17036"}],"wp:attachment":[{"href":"https:\/\/boreait.com\/fr\/wp-json\/wp\/v2\/media?parent=16981"}],"wp:term":[{"taxonomy":"product_brand","embeddable":true,"href":"https:\/\/boreait.com\/fr\/wp-json\/wp\/v2\/product_brand?post=16981"},{"taxonomy":"product_cat","embeddable":true,"href":"https:\/\/boreait.com\/fr\/wp-json\/wp\/v2\/product_cat?post=16981"},{"taxonomy":"product_tag","embeddable":true,"href":"https:\/\/boreait.com\/fr\/wp-json\/wp\/v2\/product_tag?post=16981"}],"curies":[{"name":"wp","href":"https:\/\/api.w.org\/{rel}","templated":true}]}}