{"id":16971,"date":"2025-09-16T16:43:48","date_gmt":"2025-09-16T14:43:48","guid":{"rendered":"https:\/\/boreait.com\/fr\/?post_type=product&#038;p=16971"},"modified":"2025-09-16T16:45:38","modified_gmt":"2025-09-16T14:45:38","slug":"voyant-detat-de-la-batterie-du-dell-latitude-5420-ivd04-0801-9021e00-oem","status":"publish","type":"product","link":"https:\/\/boreait.com\/fr\/produit\/voyant-detat-de-la-batterie-du-dell-latitude-5420-ivd04-0801-9021e00-oem\/","title":{"rendered":"Voyant d&rsquo;\u00e9tat de la batterie du Dell Latitude 5420 IVD04 0801-9021E00 OEM"},"content":{"rendered":"<p class=\"\" data-start=\"409\" data-end=\"716\">Remplacez un voyant d&rsquo;\u00e9tat de batterie d\u00e9fectueux ou manquant par ce <strong data-start=\"468\" data-end=\"514\">t\u00e9moin d&rsquo;\u00e9tat de batterie LED d&rsquo;occasion d&rsquo;origine Dell<\/strong> pour le <strong data-start=\"523\" data-end=\"550\">Latitude 14 Rugged 5420<\/strong>. Les r\u00e9f\u00e9rences sont les suivantes\u00a0: <strong data-start=\"573\" data-end=\"582\">IVD04<\/strong> et <strong data-start=\"587\" data-end=\"603\">0801-9021E00<\/strong>. Cette pi\u00e8ce Dell d&rsquo;origine est id\u00e9ale pour restaurer l&rsquo;int\u00e9gralit\u00e9 des fonctionnalit\u00e9s des voyants et la surveillance de la batterie sur les syst\u00e8mes robustes.<\/p>\n<p class=\"\" data-start=\"718\" data-end=\"742\">\u2705 <strong data-start=\"720\" data-end=\"740\">Compatible avec\u00a0:<\/strong><\/p>\n<ul data-start=\"743\" data-end=\"773\">\n<li class=\"\" data-start=\"743\" data-end=\"773\">\n<p class=\"\" data-start=\"745\" data-end=\"773\">Dell Latitude 14 Rugged 5420<\/p>\n<\/li>\n<\/ul>\n<p class=\"\" data-start=\"775\" data-end=\"796\">\u2705 <strong data-start=\"777\" data-end=\"794\">R\u00e9f\u00e9rences\u00a0:<\/strong><\/p>\n<ul data-start=\"797\" data-end=\"821\">\n<li class=\"\" data-start=\"797\" data-end=\"806\">\n<p class=\"\" data-start=\"799\" data-end=\"806\">IVD04<\/p>\n<\/li>\n<li class=\"\" data-start=\"807\" data-end=\"821\">\n<p class=\"\" data-start=\"809\" data-end=\"821\">0801-9021E00<\/p>\n<\/li>\n<\/ul>\n<p class=\"\" data-start=\"823\" data-end=\"842\">\u2705 <strong data-start=\"825\" data-end=\"840\">Points forts\u00a0:<\/strong><\/p>\n<ul data-start=\"843\" data-end=\"1008\">\n<li class=\"\" data-start=\"843\" data-end=\"871\">\n<p class=\"\" data-start=\"845\" data-end=\"871\">Pi\u00e8ce d&rsquo;origine pour ordinateur portable Dell<\/p>\n<\/li>\n<li class=\"\" data-start=\"872\" data-end=\"914\">\n<p class=\"\" data-start=\"874\" data-end=\"914\">Indique la charge et l&rsquo;\u00e9tat de la batterie<\/p>\n<\/li>\n<li class=\"\" data-start=\"915\" data-end=\"960\">\n<p class=\"\" data-start=\"917\" data-end=\"960\">Enti\u00e8rement test\u00e9, d&rsquo;occasion, mais en excellent \u00e9tat<\/p>\n<\/li>\n<li class=\"\" data-start=\"961\" data-end=\"1008\">\n<p class=\"\" data-start=\"963\" data-end=\"1008\">Facile \u00e0 installer pour la r\u00e9paration d&rsquo;un ordinateur portable Techniciens<\/p>\n<\/li>\n<\/ul>\n<p class=\"\" data-start=\"1010\" data-end=\"1137\">Id\u00e9al pour les r\u00e9parations professionnelles et ceux qui recherchent des <strong data-start=\"1070\" data-end=\"1091\">pi\u00e8ces d\u00e9tach\u00e9es pour ordinateurs portables Dell<\/strong> de qualit\u00e9, avec la fiabilit\u00e9 OEM. Livraison rapide depuis l&rsquo;Europe.<\/p>\n","protected":false},"excerpt":{"rendered":"<p>Indicateur d&rsquo;\u00e9tat de batterie LED OEM d&rsquo;occasion (IVD04 \/ 0801-9021E00) pour Dell Latitude 14 Rugged 5420. Une pi\u00e8ce de rechange fiable pour ordinateur portable Dell.<\/p>\n","protected":false},"featured_media":17032,"template":"","meta":[],"product_brand":[],"product_cat":[56],"product_tag":[53],"class_list":{"0":"post-16971","1":"product","2":"type-product","3":"status-publish","4":"has-post-thumbnail","6":"product_cat-cables","7":"product_tag-dell","9":"first","10":"instock","11":"taxable","12":"shipping-taxable","13":"purchasable","14":"product-type-simple"},"_links":{"self":[{"href":"https:\/\/boreait.com\/fr\/wp-json\/wp\/v2\/product\/16971","targetHints":{"allow":["GET"]}}],"collection":[{"href":"https:\/\/boreait.com\/fr\/wp-json\/wp\/v2\/product"}],"about":[{"href":"https:\/\/boreait.com\/fr\/wp-json\/wp\/v2\/types\/product"}],"wp:featuredmedia":[{"embeddable":true,"href":"https:\/\/boreait.com\/fr\/wp-json\/wp\/v2\/media\/17032"}],"wp:attachment":[{"href":"https:\/\/boreait.com\/fr\/wp-json\/wp\/v2\/media?parent=16971"}],"wp:term":[{"taxonomy":"product_brand","embeddable":true,"href":"https:\/\/boreait.com\/fr\/wp-json\/wp\/v2\/product_brand?post=16971"},{"taxonomy":"product_cat","embeddable":true,"href":"https:\/\/boreait.com\/fr\/wp-json\/wp\/v2\/product_cat?post=16971"},{"taxonomy":"product_tag","embeddable":true,"href":"https:\/\/boreait.com\/fr\/wp-json\/wp\/v2\/product_tag?post=16971"}],"curies":[{"name":"wp","href":"https:\/\/api.w.org\/{rel}","templated":true}]}}