{"id":16956,"date":"2025-09-16T16:43:21","date_gmt":"2025-09-16T14:43:21","guid":{"rendered":"https:\/\/boreait.com\/fr\/?post_type=product&#038;p=16956"},"modified":"2025-09-16T16:45:19","modified_gmt":"2025-09-16T14:45:19","slug":"risen-dvd-pc-neuf-et-scelle-rpg-fantastique-epique-par-deep-silver","status":"publish","type":"product","link":"https:\/\/boreait.com\/fr\/produit\/risen-dvd-pc-neuf-et-scelle-rpg-fantastique-epique-par-deep-silver\/","title":{"rendered":"Risen (DVD PC) &#8211; Neuf et scell\u00e9 | RPG fantastique \u00e9pique par Deep Silver"},"content":{"rendered":"<p class=\"\" data-start=\"501\" data-end=\"534\"><strong data-start=\"501\" data-end=\"534\">Risen (DVD PC) \u2013 Neuf et scell\u00e9<\/strong><\/p>\n<p class=\"\" data-start=\"536\" data-end=\"840\">Plongez dans l&rsquo;univers sombre et immersif de <em data-start=\"578\" data-end=\"585\">Risen<\/em>, un jeu de r\u00f4le fantastique de Deep Silver et Piranha Bytes, cr\u00e9ateurs de la c\u00e9l\u00e8bre s\u00e9rie Gothic. Situ\u00e9 sur l&rsquo;\u00eele de Faranga, une terre frapp\u00e9e par de myst\u00e9rieux tremblements de terre et peupl\u00e9e de b\u00eates ancestrales, vos actions fa\u00e7onneront le destin du monde.<\/p>\n<p class=\"\" data-start=\"842\" data-end=\"862\">\u2694\ufe0f <strong data-start=\"845\" data-end=\"862\">Caract\u00e9ristiques principales\u00a0:<\/strong><\/p>\n<ul data-start=\"863\" data-end=\"1191\">\n<li class=\"\" data-start=\"863\" data-end=\"953\">\n<p class=\"\" data-start=\"865\" data-end=\"953\">Choisissez votre destin\u00a0: devenez un ma\u00eetre \u00e9p\u00e9iste, un combattant au b\u00e2ton exp\u00e9riment\u00e9 ou un puissant mage.<\/p>\n<\/li>\n<li class=\"\" data-start=\"954\" data-end=\"1003\">\n<p class=\"\" data-start=\"956\" data-end=\"1003\">Plus de 60 heures de jeu immersif en monde ouvert.<\/p>\n<\/li>\n<li class=\"\" data-start=\"1004\" data-end=\"1071\">\n<p class=\"\" data-start=\"1006\" data-end=\"1071\">D&rsquo;innombrables qu\u00eates secondaires, cr\u00e9atures dangereuses et tr\u00e9sors cach\u00e9s.<\/p>\n<\/li>\n<li class=\"\" data-start=\"1072\" data-end=\"1133\">\n<p class=\"\" data-start=\"1074\" data-end=\"1133\">Une exp\u00e9rience narrative profonde o\u00f9 chaque d\u00e9cision compte.<\/p>\n<\/li>\n<li class=\"\" data-start=\"1134\" data-end=\"1191\">\n<p class=\"\" data-start=\"1136\" data-end=\"1191\">Optimis\u00e9 pour DirectX 9.0c | Compatible avec PC Windows.<\/p>\n<\/li>\n<\/ul>\n<p class=\"\" data-start=\"1193\" data-end=\"1298\">\ud83c\udf81 <strong data-start=\"1196\" data-end=\"1209\">\u00c9tat<\/strong>\u00a0: Neuf et scell\u00e9.<br data-start=\"1240\" data-end=\"1243\" \/>\ud83d\udcc0 <strong data-start=\"1246\" data-end=\"1258\">Plateforme<\/strong>\u00a0: PC DVD<br data-start=\"1266\" data-end=\"1269\" \/>\ud83d\udc64 <strong data-start=\"1272\" data-end=\"1286\">Classification d&rsquo;\u00e2ge<\/strong>\u00a0: 16 ans et plus (PEGI)<\/p>\n<p class=\"\" data-start=\"1300\" data-end=\"1384\">Parfait pour les collectionneurs ou les fans de RPG \u00e0 la recherche d&rsquo;un jeu captivant et atmosph\u00e9rique aventure.<\/p>\n","protected":false},"excerpt":{"rendered":"<p>Embarquez pour un voyage \u00e9pique dans <em data-start=\"276\" data-end=\"283\">Risen<\/em>, un RPG r\u00e9aliste et atmosph\u00e9rique se d\u00e9roulant sur une \u00eele myst\u00e9rieuse. Affrontez des cr\u00e9atures mortelles, forgez votre destin et fa\u00e7onnez le monde qui vous entoure. Version DVD PC neuve et scell\u00e9e.<\/p>\n","protected":false},"featured_media":17020,"template":"","meta":[],"product_brand":[],"product_cat":[113],"product_tag":[],"class_list":{"0":"post-16956","1":"product","2":"type-product","3":"status-publish","4":"has-post-thumbnail","6":"product_cat-vintage-antiques-retro","8":"first","9":"instock","10":"taxable","11":"shipping-taxable","12":"purchasable","13":"product-type-simple"},"_links":{"self":[{"href":"https:\/\/boreait.com\/fr\/wp-json\/wp\/v2\/product\/16956","targetHints":{"allow":["GET"]}}],"collection":[{"href":"https:\/\/boreait.com\/fr\/wp-json\/wp\/v2\/product"}],"about":[{"href":"https:\/\/boreait.com\/fr\/wp-json\/wp\/v2\/types\/product"}],"wp:featuredmedia":[{"embeddable":true,"href":"https:\/\/boreait.com\/fr\/wp-json\/wp\/v2\/media\/17020"}],"wp:attachment":[{"href":"https:\/\/boreait.com\/fr\/wp-json\/wp\/v2\/media?parent=16956"}],"wp:term":[{"taxonomy":"product_brand","embeddable":true,"href":"https:\/\/boreait.com\/fr\/wp-json\/wp\/v2\/product_brand?post=16956"},{"taxonomy":"product_cat","embeddable":true,"href":"https:\/\/boreait.com\/fr\/wp-json\/wp\/v2\/product_cat?post=16956"},{"taxonomy":"product_tag","embeddable":true,"href":"https:\/\/boreait.com\/fr\/wp-json\/wp\/v2\/product_tag?post=16956"}],"curies":[{"name":"wp","href":"https:\/\/api.w.org\/{rel}","templated":true}]}}