{"id":16955,"date":"2025-09-16T16:43:21","date_gmt":"2025-09-16T14:43:21","guid":{"rendered":"https:\/\/boreait.com\/fr\/?post_type=product&#038;p=16955"},"modified":"2025-09-16T16:45:12","modified_gmt":"2025-09-16T14:45:12","slug":"secret-files-tunguska-dvd-pc-jeu-daventure-graphique-neuf-et-scelle","status":"publish","type":"product","link":"https:\/\/boreait.com\/fr\/produit\/secret-files-tunguska-dvd-pc-jeu-daventure-graphique-neuf-et-scelle\/","title":{"rendered":"Secret Files: Tunguska (DVD PC) &#8211; Jeu d&rsquo;aventure graphique neuf et scell\u00e9"},"content":{"rendered":"<p class=\"\" data-start=\"594\" data-end=\"907\">Plongez dans un monde passionnant de conspirations, de mythes et de secrets mondiaux avec <em data-start=\"670\" data-end=\"694\">Secret Files: Tunguska<\/em>. Dans cette aventure point-and-click salu\u00e9e par la critique, vous accompagnerez Nina et Max dans un voyage \u00e9poustouflant pour d\u00e9couvrir la v\u00e9rit\u00e9 sur la myst\u00e9rieuse disparition de son p\u00e8re et l&rsquo;\u00e9v\u00e9nement r\u00e9el de Toungouska.<\/p>\n<p class=\"\" data-start=\"909\" data-end=\"1142\">Avec plus de 80 lieux d\u00e9taill\u00e9s, 25 personnages 3D r\u00e9alistes et des effets d&rsquo;ambiance comme l&rsquo;\u00e9clairage, les ombres et la m\u00e9t\u00e9o en temps r\u00e9el, ce jeu offre une exp\u00e9rience immersive et cin\u00e9matographique qui mettra \u00e0 l&rsquo;\u00e9preuve vos instincts de d\u00e9tective.<\/p>\n<p class=\"\" data-start=\"1144\" data-end=\"1160\">\ud83d\udd0d <strong data-start=\"1147\" data-end=\"1160\">Caract\u00e9ristiques\u00a0:<\/strong><\/p>\n<ul data-start=\"1161\" data-end=\"1431\">\n<li class=\"\" data-start=\"1161\" data-end=\"1205\">\n<p class=\"\" data-start=\"1163\" data-end=\"1205\">\u00c9nigmes complexes et sc\u00e9nario captivant<\/p>\n<\/li>\n<li class=\"\" data-start=\"1206\" data-end=\"1246\">\n<p class=\"\" data-start=\"1208\" data-end=\"1246\">Plus de 80 arri\u00e8re-plans magnifiquement rendus<\/p>\n<\/li>\n<li class=\"\" data-start=\"1247\" data-end=\"1289\">\n<p class=\"\" data-start=\"1249\" data-end=\"1289\">Effets d&rsquo;\u00e9clairage et de m\u00e9t\u00e9o en temps r\u00e9el<\/p>\n<\/li>\n<li class=\"\" data-start=\"1290\" data-end=\"1334\">\n<p class=\"\" data-start=\"1292\" data-end=\"1334\">Doublonnage int\u00e9gral avec animations faciales<\/p>\n<\/li>\n<li class=\"\" data-start=\"1335\" data-end=\"1386\">\n<p class=\"\" data-start=\"1337\" data-end=\"1386\">Environnements d\u00e9roulants et cin\u00e9matiques<\/p>\n<\/li>\n<li class=\"\" data-start=\"1387\" data-end=\"1431\">\n<p class=\"\" data-start=\"1389\" data-end=\"1431\">Inspir\u00e9 du v\u00e9ritable ph\u00e9nom\u00e8ne de la Toungouska<\/p>\n<\/li>\n<\/ul>\n<p class=\"\" data-start=\"1433\" data-end=\"1460\">\ud83c\udfae <strong data-start=\"1436\" data-end=\"1460\">Configuration requise\u00a0:<\/strong><\/p>\n<ul data-start=\"1461\" data-end=\"1672\">\n<li class=\"\" data-start=\"1461\" data-end=\"1497\">\n<p class=\"\" data-start=\"1463\" data-end=\"1497\">Syst\u00e8mes d&rsquo;exploitation pris en charge\u00a0: Windows XP \/ Vista<\/p>\n<\/li>\n<li class=\"\" data-start=\"1498\" data-end=\"1518\">\n<p class=\"\" data-start=\"1500\" data-end=\"1518\">Processeur\u00a0: 1\u00a0GHz<\/p>\n<\/li>\n<li class=\"\" data-start=\"1519\" data-end=\"1560\">\n<p class=\"\" data-start=\"1521\" data-end=\"1560\">RAM\u00a0: 512\u00a0Mo (Vista\u00a0: 1\u00a0Go recommand\u00e9)<\/p>\n<\/li>\n<li class=\"\" data-start=\"1561\" data-end=\"1621\">\n<p class=\"\" data-start=\"1563\" data-end=\"1621\">Carte graphique\u00a0: 32\u00a0Mo (carte d\u00e9di\u00e9e, pas de carte graphique int\u00e9gr\u00e9e)<\/p>\n<\/li>\n<li class=\"\" data-start=\"1622\" data-end=\"1646\">\n<p class=\"\" data-start=\"1624\" data-end=\"1646\">Disque dur\u00a0: 2\u00a0Go d\u2019espace libre<\/p>\n<\/li>\n<li class=\"\" data-start=\"1647\" data-end=\"1672\">\n<p class=\"\" data-start=\"1649\" data-end=\"1672\">DirectX 9.0 ou sup\u00e9rieur<\/p>\n<\/li>\n<\/ul>\n<p class=\"\" data-start=\"1674\" data-end=\"1803\">\u2705 <strong data-start=\"1676\" data-end=\"1690\">\u00c9tat\u00a0:<\/strong> Neuf, non ouvert, scell\u00e9 en usine<br data-start=\"1726\" data-end=\"1729\" \/>\ud83d\udcc0 <strong data-start=\"1732\" data-end=\"1745\">Plateforme\u00a0:<\/strong> PC DVD-ROM<br data-start=\"1756\" data-end=\"1759\" \/>\ud83d\udce6 Exp\u00e9di\u00e9 avec soin dans un emballage protecteur<\/p>\n<p class=\"\" data-start=\"1805\" data-end=\"1944\">Que vous soyez amateur de jeux d&rsquo;aventure classiques ou de myst\u00e8res historiques, <em data-start=\"1884\" data-end=\"1908\">Secret Files\u00a0: Tunguska<\/em> est un jeu incontournable pour votre collection.<\/p>\n","protected":false},"excerpt":{"rendered":"<p>D\u00e9couvrez un myst\u00e8re captivant dans <em data-start=\"292\" data-end=\"316\">Secret Files: Tunguska<\/em>, un jeu d&rsquo;aventure graphique classique en pointer-cliquer inspir\u00e9 des \u00e9v\u00e9nements r\u00e9els de Tunguska. Neuf, scell\u00e9 et pr\u00eat \u00e0 jouer sur Windows XP\/Vista.<\/p>\n","protected":false},"featured_media":17018,"template":"","meta":[],"product_brand":[],"product_cat":[113],"product_tag":[],"class_list":{"0":"post-16955","1":"product","2":"type-product","3":"status-publish","4":"has-post-thumbnail","6":"product_cat-vintage-antiques-retro","8":"first","9":"instock","10":"taxable","11":"shipping-taxable","12":"purchasable","13":"product-type-simple"},"_links":{"self":[{"href":"https:\/\/boreait.com\/fr\/wp-json\/wp\/v2\/product\/16955","targetHints":{"allow":["GET"]}}],"collection":[{"href":"https:\/\/boreait.com\/fr\/wp-json\/wp\/v2\/product"}],"about":[{"href":"https:\/\/boreait.com\/fr\/wp-json\/wp\/v2\/types\/product"}],"wp:featuredmedia":[{"embeddable":true,"href":"https:\/\/boreait.com\/fr\/wp-json\/wp\/v2\/media\/17018"}],"wp:attachment":[{"href":"https:\/\/boreait.com\/fr\/wp-json\/wp\/v2\/media?parent=16955"}],"wp:term":[{"taxonomy":"product_brand","embeddable":true,"href":"https:\/\/boreait.com\/fr\/wp-json\/wp\/v2\/product_brand?post=16955"},{"taxonomy":"product_cat","embeddable":true,"href":"https:\/\/boreait.com\/fr\/wp-json\/wp\/v2\/product_cat?post=16955"},{"taxonomy":"product_tag","embeddable":true,"href":"https:\/\/boreait.com\/fr\/wp-json\/wp\/v2\/product_tag?post=16955"}],"curies":[{"name":"wp","href":"https:\/\/api.w.org\/{rel}","templated":true}]}}