{"id":16954,"date":"2025-09-16T16:43:21","date_gmt":"2025-09-16T14:43:21","guid":{"rendered":"https:\/\/boreait.com\/fr\/?post_type=product&#038;p=16954"},"modified":"2025-09-16T16:45:00","modified_gmt":"2025-09-16T14:45:00","slug":"diablo-ii-lord-of-destruction-pc-mac-neuf-et-scelle-blizzard","status":"publish","type":"product","link":"https:\/\/boreait.com\/fr\/produit\/diablo-ii-lord-of-destruction-pc-mac-neuf-et-scelle-blizzard\/","title":{"rendered":"Diablo II Lord of Destruction &#8211; PC\/MAC &#8211; NEUF ET SCELL\u00c9 Blizzard"},"content":{"rendered":"<p class=\"\" data-start=\"446\" data-end=\"666\">D\u00e9couvrez le monde l\u00e9gendaire de Sanctuaire dans sa version la plus compl\u00e8te avec <strong data-start=\"521\" data-end=\"555\">Diablo II\u00a0: Seigneur de la Destruction<\/strong>, l&rsquo;extension officielle du jeu encens\u00e9 par la critique Diablo II, d\u00e9velopp\u00e9e par <strong data-start=\"637\" data-end=\"663\">Blizzard Entertainment<\/strong>.<\/p>\n<p class=\"\" data-start=\"668\" data-end=\"850\">Ceci est un <strong data-start=\"678\" data-end=\"700\">exemplaire 100\u00a0% original<\/strong>, issu de la <strong data-start=\"714\" data-end=\"735\">s\u00e9rie Best-Seller<\/strong>, et il est <strong data-start=\"747\" data-end=\"779\">neuf et scell\u00e9 en usine<\/strong> \u2013 jamais ouvert. Un v\u00e9ritable bijou pour les collectionneurs ou les passionn\u00e9s de jeux r\u00e9tro.<\/p>\n<h4 class=\"\" data-start=\"852\" data-end=\"866\">Caract\u00e9ristiques\u00a0:<\/h4>\n<ul data-start=\"867\" data-end=\"1272\">\n<li class=\"\" data-start=\"867\" data-end=\"946\">\n<p class=\"\" data-start=\"869\" data-end=\"946\">Deux classes de personnages jouables suppl\u00e9mentaires\u00a0: l&rsquo;<strong data-start=\"916\" data-end=\"928\">Assassin<\/strong> et le <strong data-start=\"937\" data-end=\"946\">Druide<\/strong><\/p>\n<\/li>\n<li class=\"\" data-start=\"947\" data-end=\"1006\">\n<p class=\"\" data-start=\"949\" data-end=\"1006\">Graphismes am\u00e9lior\u00e9s Prise en charge d&rsquo;une r\u00e9solution allant jusqu&rsquo;\u00e0 <strong data-start=\"984\" data-end=\"1006\">800&#215;600<\/strong><\/p>\n<\/li>\n<li class=\"\" data-start=\"1007\" data-end=\"1084\">\n<p class=\"\" data-start=\"1009\" data-end=\"1084\">Un cinqui\u00e8me acte in\u00e9dit avec des batailles \u00e9piques, des forteresses fortifi\u00e9es et des si\u00e8ges<\/p>\n<\/li>\n<li class=\"\" data-start=\"1085\" data-end=\"1149\">\n<p class=\"\" data-start=\"1087\" data-end=\"1149\">Des centaines de nouveaux objets, dont des \u00e9quipements magiques, uniques et des ensembles<\/p>\n<\/li>\n<li class=\"\" data-start=\"1150\" data-end=\"1201\">\n<p class=\"\" data-start=\"1152\" data-end=\"1201\">Un coffre \u00e9tendu pour une meilleure gestion de l&rsquo;inventaire<\/p>\n<\/li>\n<li class=\"\" data-start=\"1202\" data-end=\"1272\">\n<p class=\"\" data-start=\"1204\" data-end=\"1272\">Multijoueur en ligne via <strong data-start=\"1227\" data-end=\"1241\">Battle.net<\/strong> (jouable sur les serveurs europ\u00e9ens)<\/p>\n<\/li>\n<\/ul>\n<p class=\"\" data-start=\"1274\" data-end=\"1380\">Cette copie est compatible avec le <strong data-start=\"1303\" data-end=\"1320\">CD-ROM PC\/MAC<\/strong> et n\u00e9cessite le jeu de base original <strong data-start=\"1348\" data-end=\"1361\">Diablo II<\/strong> pour jouer.<\/p>\n<p class=\"\" data-start=\"1382\" data-end=\"1434\">Class\u00e9 <strong data-start=\"1388\" data-end=\"1395\">16+<\/strong>. Prise en charge audio Dolby Digital incluse.<\/p>\n<p class=\"\" data-start=\"1436\" data-end=\"1616\">\ud83d\udd25 Que vous souhaitiez compl\u00e9ter votre collection Blizzard, revisiter l&rsquo;un des plus grands RPG de tous les temps ou simplement poss\u00e9der un morceau scell\u00e9 de l&rsquo;histoire du jeu vid\u00e9o, saisissez votre chance.<\/p>\n<p class=\"\" data-start=\"1618\" data-end=\"1683\"><strong data-start=\"1618\" data-end=\"1683\">Remarque\u00a0: Article neuf, scell\u00e9 en usine. Jamais ouvert.<\/strong><\/p>\n","protected":false},"excerpt":{"rendered":"<p>Extension originale de Diablo II\u00a0: Lord of Destruction par Blizzard Entertainment. Sous blister, jamais ouvert. Un incontournable pour les collectionneurs et les fans du c\u00e9l\u00e8bre RPG d&rsquo;action. Compatible PC\/MAC.<\/p>\n","protected":false},"featured_media":17012,"template":"","meta":[],"product_brand":[],"product_cat":[113],"product_tag":[],"class_list":{"0":"post-16954","1":"product","2":"type-product","3":"status-publish","4":"has-post-thumbnail","6":"product_cat-vintage-antiques-retro","8":"first","9":"instock","10":"taxable","11":"shipping-taxable","12":"purchasable","13":"product-type-simple"},"_links":{"self":[{"href":"https:\/\/boreait.com\/fr\/wp-json\/wp\/v2\/product\/16954","targetHints":{"allow":["GET"]}}],"collection":[{"href":"https:\/\/boreait.com\/fr\/wp-json\/wp\/v2\/product"}],"about":[{"href":"https:\/\/boreait.com\/fr\/wp-json\/wp\/v2\/types\/product"}],"wp:featuredmedia":[{"embeddable":true,"href":"https:\/\/boreait.com\/fr\/wp-json\/wp\/v2\/media\/17012"}],"wp:attachment":[{"href":"https:\/\/boreait.com\/fr\/wp-json\/wp\/v2\/media?parent=16954"}],"wp:term":[{"taxonomy":"product_brand","embeddable":true,"href":"https:\/\/boreait.com\/fr\/wp-json\/wp\/v2\/product_brand?post=16954"},{"taxonomy":"product_cat","embeddable":true,"href":"https:\/\/boreait.com\/fr\/wp-json\/wp\/v2\/product_cat?post=16954"},{"taxonomy":"product_tag","embeddable":true,"href":"https:\/\/boreait.com\/fr\/wp-json\/wp\/v2\/product_tag?post=16954"}],"curies":[{"name":"wp","href":"https:\/\/api.w.org\/{rel}","templated":true}]}}