{"id":16953,"date":"2025-09-16T16:43:21","date_gmt":"2025-09-16T14:43:21","guid":{"rendered":"https:\/\/boreait.com\/fr\/?post_type=product&#038;p=16953"},"modified":"2025-09-16T16:44:54","modified_gmt":"2025-09-16T14:44:54","slug":"service-a-cafe-the-vintage-en-porcelaine-de-yougoslavie-de-zajecar-6-tasses-et-soucoupes","status":"publish","type":"product","link":"https:\/\/boreait.com\/fr\/produit\/service-a-cafe-the-vintage-en-porcelaine-de-yougoslavie-de-zajecar-6-tasses-et-soucoupes\/","title":{"rendered":"Service \u00e0 caf\u00e9\/th\u00e9 vintage en porcelaine de Yougoslavie de Zajecar \u2013 6 tasses et soucoupes"},"content":{"rendered":"<p class=\"\" data-start=\"475\" data-end=\"849\">Ajoutez un charme intemporel \u00e0 votre table avec cet exquis <strong data-start=\"528\" data-end=\"560\">service \u00e0 caf\u00e9\/th\u00e9 vintage en porcelaine<\/strong> de <strong data-start=\"566\" data-end=\"577\">Zaje\u010dar<\/strong>, Yougoslavie. Cet ensemble complet comprend <strong data-start=\"618\" data-end=\"656\">6 tasses \u00e0 expresso d\u00e9licatement travaill\u00e9es<\/strong> et leurs soucoupes assorties, chacune repr\u00e9sentant des <strong data-start=\"694\" data-end=\"732\">sc\u00e8nes romantiques du XVIIIe si\u00e8cle<\/strong> repr\u00e9sentant un couple dans un jardin, entour\u00e9 d&rsquo;un riche feuillage et orn\u00e9 de <strong data-start=\"802\" data-end=\"823\">fins accents d&rsquo;or<\/strong> sur les bords et les anses.<\/p>\n<p class=\"\" data-start=\"851\" data-end=\"1090\">Fabriqu\u00e9 avant la dissolution de la Yougoslavie, cet ensemble refl\u00e8te l&rsquo;\u00e9l\u00e9gance et la qualit\u00e9 de la porcelaine d&rsquo;Europe de l&rsquo;Est du milieu du XXe si\u00e8cle. La marque du fabricant sur le dessous confirme son authenticit\u00e9\u00a0: <strong data-start=\"1062\" data-end=\"1089\">TP Zaje\u010dar \u2013 Yougoslavie<\/strong>.<\/p>\n<p class=\"\" data-start=\"1092\" data-end=\"1249\"><strong data-start=\"1092\" data-end=\"1106\">\u00c9tat\u00a0:<\/strong><br data-start=\"1106\" data-end=\"1109\" \/>Toutes les pi\u00e8ces sont en excellent \u00e9tat vintage, sans \u00e9clats ni fissures. Une l\u00e9g\u00e8re usure des garnitures dor\u00e9es est possible, li\u00e9e \u00e0 l&rsquo;\u00e2ge et \u00e0 l&rsquo;utilisation.<\/p>\n<p class=\"\" data-start=\"1251\" data-end=\"1266\"><strong data-start=\"1251\" data-end=\"1264\">Contient\u00a0:<\/strong><\/p>\n<ul data-start=\"1267\" data-end=\"1353\">\n<li class=\"\" data-start=\"1267\" data-end=\"1286\">\n<p class=\"\" data-start=\"1269\" data-end=\"1286\">6 tasses \u00e0 expresso<\/p>\n<\/li>\n<li class=\"\" data-start=\"1287\" data-end=\"1309\">\n<p class=\"\" data-start=\"1289\" data-end=\"1309\">6 soucoupes assorties<\/p>\n<\/li>\n<li class=\"\" data-start=\"1310\" data-end=\"1353\">\n<p class=\"\" data-start=\"1312\" data-end=\"1353\">Design vintage original \u2013 mod\u00e8le n\u00b0 160<\/p>\n<\/li>\n<\/ul>\n<p class=\"\" data-start=\"1355\" data-end=\"1518\">Parfait pour les collectionneurs, les amateurs de vintage ou tous ceux qui appr\u00e9cient l&rsquo;artisanat europ\u00e9en raffin\u00e9. Utilisez-le pour exposer ou pour ajouter une touche de charme \u00e0 vos rituels caf\u00e9.<\/p>\n<p class=\"\" data-start=\"1520\" data-end=\"1568\">\ud83d\udce6 <strong data-start=\"1523\" data-end=\"1568\">Exp\u00e9di\u00e9 avec soin et emballage protecteur.<\/strong><\/p>\n","protected":false},"excerpt":{"rendered":"<p>Magnifique service \u00e0 caf\u00e9 vintage en porcelaine de Zaje\u010dar, Yougoslavie. Comprend 6 tasses finement d\u00e9cor\u00e9es avec leurs soucoupes assorties, orn\u00e9es de sc\u00e8nes romantiques de style rococo et d&rsquo;\u00e9l\u00e9gants d\u00e9tails dor\u00e9s. Un objet de collection id\u00e9al ou un cadeau raffin\u00e9.<\/p>\n","protected":false},"featured_media":17009,"template":"","meta":[],"product_brand":[],"product_cat":[113],"product_tag":[],"class_list":{"0":"post-16953","1":"product","2":"type-product","3":"status-publish","4":"has-post-thumbnail","6":"product_cat-vintage-antiques-retro","8":"first","9":"instock","10":"taxable","11":"shipping-taxable","12":"purchasable","13":"product-type-simple"},"_links":{"self":[{"href":"https:\/\/boreait.com\/fr\/wp-json\/wp\/v2\/product\/16953","targetHints":{"allow":["GET"]}}],"collection":[{"href":"https:\/\/boreait.com\/fr\/wp-json\/wp\/v2\/product"}],"about":[{"href":"https:\/\/boreait.com\/fr\/wp-json\/wp\/v2\/types\/product"}],"wp:featuredmedia":[{"embeddable":true,"href":"https:\/\/boreait.com\/fr\/wp-json\/wp\/v2\/media\/17009"}],"wp:attachment":[{"href":"https:\/\/boreait.com\/fr\/wp-json\/wp\/v2\/media?parent=16953"}],"wp:term":[{"taxonomy":"product_brand","embeddable":true,"href":"https:\/\/boreait.com\/fr\/wp-json\/wp\/v2\/product_brand?post=16953"},{"taxonomy":"product_cat","embeddable":true,"href":"https:\/\/boreait.com\/fr\/wp-json\/wp\/v2\/product_cat?post=16953"},{"taxonomy":"product_tag","embeddable":true,"href":"https:\/\/boreait.com\/fr\/wp-json\/wp\/v2\/product_tag?post=16953"}],"curies":[{"name":"wp","href":"https:\/\/api.w.org\/{rel}","templated":true}]}}