{"id":16952,"date":"2025-09-16T16:43:21","date_gmt":"2025-09-16T14:43:21","guid":{"rendered":"https:\/\/boreait.com\/fr\/?post_type=product&#038;p=16952"},"modified":"2025-09-16T16:44:47","modified_gmt":"2025-09-16T14:44:47","slug":"support-pour-4-bougies-en-fer-forge-decor-rustique-en-metal-noir-fabrique-a-la-main-en-europe","status":"publish","type":"product","link":"https:\/\/boreait.com\/fr\/produit\/support-pour-4-bougies-en-fer-forge-decor-rustique-en-metal-noir-fabrique-a-la-main-en-europe\/","title":{"rendered":"Support pour 4 bougies en fer forg\u00e9 \u2013 D\u00e9cor rustique en m\u00e9tal noir \u2013 Fabriqu\u00e9 \u00e0 la main en Europe"},"content":{"rendered":"<p class=\"\" data-start=\"434\" data-end=\"664\">Ajoutez du charme et du caract\u00e8re \u00e0 votre espace avec ce magnifique bougeoir en fer forg\u00e9. Con\u00e7u pour accueillir quatre bougies piliers, ce support robuste en m\u00e9tal noir est id\u00e9al pour cr\u00e9er une atmosph\u00e8re chaleureuse et rustique dans n&rsquo;importe quelle pi\u00e8ce.<\/p>\n<p class=\"\" data-start=\"666\" data-end=\"953\">Ses pieds incurv\u00e9s offrent une stabilit\u00e9 et une esth\u00e9tique antique unique, ce qui le rend id\u00e9al pour la d\u00e9coration int\u00e9rieure, les centres de table, les c\u00e9r\u00e9monies ou m\u00eame les rassemblements en plein air. Que vous d\u00e9coriez pour une soir\u00e9e chaleureuse ou que vous organisiez un \u00e9v\u00e9nement sp\u00e9cial, ce bougeoir est \u00e0 la fois fonctionnel et d\u00e9coratif.<\/p>\n<p class=\"\" data-start=\"955\" data-end=\"968\"><strong data-start=\"955\" data-end=\"968\">Caract\u00e9ristiques\u00a0:<\/strong><\/p>\n<ul data-start=\"969\" data-end=\"1224\">\n<li class=\"\" data-start=\"969\" data-end=\"1010\">\n<p class=\"\" data-start=\"971\" data-end=\"1010\">Peut contenir 4 bougies piliers (non incluses)<\/p>\n<\/li>\n<li class=\"\" data-start=\"1011\" data-end=\"1043\">\n<p class=\"\" data-start=\"1013\" data-end=\"1043\">Fabriqu\u00e9 en fer forg\u00e9 durable Fer<\/p>\n<\/li>\n<li class=\"\" data-start=\"1044\" data-end=\"1067\">\n<p class=\"\" data-start=\"1046\" data-end=\"1067\">Finition noire rustique<\/p>\n<\/li>\n<li class=\"\" data-start=\"1068\" data-end=\"1116\">\n<p class=\"\" data-start=\"1070\" data-end=\"1116\">Pieds incurv\u00e9s pour plus de stabilit\u00e9 et un style vintage<\/p>\n<\/li>\n<li class=\"\" data-start=\"1117\" data-end=\"1169\">\n<p class=\"\" data-start=\"1119\" data-end=\"1169\">Id\u00e9al pour la maison, les mariages, les c\u00e9r\u00e9monies et les \u00e9v\u00e9nements<\/p>\n<\/li>\n<li class=\"\" data-start=\"1170\" data-end=\"1224\">\n<p class=\"\" data-start=\"1172\" data-end=\"1224\">Dimensions\u00a0: Hauteur\u00a0: 15\u00a0cm (6\u00a0po), diam\u00e8tre\u00a0: 23\u00a0cm (9\u00a0po)<\/p>\n<\/li>\n<\/ul>\n<p class=\"\" data-start=\"1226\" data-end=\"1307\">Transformez n&rsquo;importe quel espace avec une touche d&rsquo;\u00e9l\u00e9gance intemporelle et la lueur vacillante des bougies.<\/p>\n","protected":false},"excerpt":{"rendered":"<p>Bougeoir \u00e9l\u00e9gant et robuste en fer forg\u00e9 pour quatre bougies piliers. Id\u00e9al pour une d\u00e9coration rustique, des centres de table ou des ambiances spirituelles. Finition en m\u00e9tal noir avec pieds recourb\u00e9s pour une touche vintage.<\/p>\n","protected":false},"featured_media":17008,"template":"","meta":[],"product_brand":[],"product_cat":[113],"product_tag":[],"class_list":{"0":"post-16952","1":"product","2":"type-product","3":"status-publish","4":"has-post-thumbnail","6":"product_cat-vintage-antiques-retro","8":"first","9":"instock","10":"taxable","11":"shipping-taxable","12":"purchasable","13":"product-type-simple"},"_links":{"self":[{"href":"https:\/\/boreait.com\/fr\/wp-json\/wp\/v2\/product\/16952","targetHints":{"allow":["GET"]}}],"collection":[{"href":"https:\/\/boreait.com\/fr\/wp-json\/wp\/v2\/product"}],"about":[{"href":"https:\/\/boreait.com\/fr\/wp-json\/wp\/v2\/types\/product"}],"wp:featuredmedia":[{"embeddable":true,"href":"https:\/\/boreait.com\/fr\/wp-json\/wp\/v2\/media\/17008"}],"wp:attachment":[{"href":"https:\/\/boreait.com\/fr\/wp-json\/wp\/v2\/media?parent=16952"}],"wp:term":[{"taxonomy":"product_brand","embeddable":true,"href":"https:\/\/boreait.com\/fr\/wp-json\/wp\/v2\/product_brand?post=16952"},{"taxonomy":"product_cat","embeddable":true,"href":"https:\/\/boreait.com\/fr\/wp-json\/wp\/v2\/product_cat?post=16952"},{"taxonomy":"product_tag","embeddable":true,"href":"https:\/\/boreait.com\/fr\/wp-json\/wp\/v2\/product_tag?post=16952"}],"curies":[{"name":"wp","href":"https:\/\/api.w.org\/{rel}","templated":true}]}}