{"id":16951,"date":"2025-09-16T16:43:20","date_gmt":"2025-09-16T14:43:20","guid":{"rendered":"https:\/\/boreait.com\/fr\/?post_type=product&#038;p=16951"},"modified":"2025-09-16T16:44:43","modified_gmt":"2025-09-16T14:44:43","slug":"menagere-a-gateaux-plaquee-or-seneca-15-pieces-hartvergoldet-neuf","status":"publish","type":"product","link":"https:\/\/boreait.com\/fr\/produit\/menagere-a-gateaux-plaquee-or-seneca-15-pieces-hartvergoldet-neuf\/","title":{"rendered":"M\u00e9nag\u00e8re \u00e0 g\u00e2teaux plaqu\u00e9e or Seneca, 15 pi\u00e8ces \u2013 Hartvergoldet, neuf"},"content":{"rendered":"<p class=\"\" data-start=\"451\" data-end=\"758\">Ajoutez une touche d&rsquo;\u00e9l\u00e9gance intemporelle \u00e0 votre table avec ce luxueux ensemble de couverts \u00e0 g\u00e2teau plaqu\u00e9s or de 15 pi\u00e8ces de <strong data-start=\"559\" data-end=\"569\">Seneca<\/strong>. Marqu\u00e9e <strong data-start=\"578\" data-end=\"595\">Hartvergoldet<\/strong> (plaqu\u00e9 or dur), chaque pi\u00e8ce pr\u00e9sente un motif de rose d\u00e9taill\u00e9 et une finition raffin\u00e9e, id\u00e9ale pour les occasions sp\u00e9ciales, les c\u00e9l\u00e9brations ou comme cadeau raffin\u00e9.<\/p>\n<p class=\"\" data-start=\"760\" data-end=\"885\">Ce <strong data-start=\"765\" data-end=\"796\">service \u00e0 caf\u00e9 et \u00e0 g\u00e2teaux festif<\/strong> (Festliche Kaffeetafelgarnitur) comprend tout le n\u00e9cessaire pour servir les desserts avec style\u00a0:<\/p>\n<ul data-start=\"886\" data-end=\"1015\">\n<li class=\"\" data-start=\"886\" data-end=\"917\">\n<p class=\"\" data-start=\"888\" data-end=\"917\">6 fourchettes \u00e0 dessert plaqu\u00e9es or<\/p>\n<\/li>\n<li class=\"\" data-start=\"918\" data-end=\"945\">\n<p class=\"\" data-start=\"920\" data-end=\"945\">6 cuill\u00e8res \u00e0 caf\u00e9 plaqu\u00e9es or<\/p>\n<\/li>\n<li class=\"\" data-start=\"946\" data-end=\"969\">\n<p class=\"\" data-start=\"948\" data-end=\"969\">1 grande pelle \u00e0 g\u00e2teau<\/p>\n<\/li>\n<li class=\"\" data-start=\"970\" data-end=\"990\">\n<p class=\"\" data-start=\"972\" data-end=\"990\">1 couteau \u00e0 tarte\/g\u00e2teau<\/p>\n<\/li>\n<li class=\"\" data-start=\"991\" data-end=\"1015\">\n<p class=\"\" data-start=\"993\" data-end=\"1015\">1 sucre ou cr\u00e8me Louche<\/p>\n<\/li>\n<\/ul>\n<p class=\"\" data-start=\"1017\" data-end=\"1033\">\ud83d\udc8e <strong data-start=\"1020\" data-end=\"1033\">Caract\u00e9ristiques\u00a0:<\/strong><\/p>\n<ul data-start=\"1034\" data-end=\"1265\">\n<li class=\"\" data-start=\"1034\" data-end=\"1089\">\n<p class=\"\" data-start=\"1036\" data-end=\"1089\">Finition plaqu\u00e9e or (Hartvergoldet) de haute qualit\u00e9<\/strong><\/p>\n<\/li>\n<li class=\"\" data-start=\"1090\" data-end=\"1132\">\n<p class=\"\" data-start=\"1092\" data-end=\"1132\">Motif de rose orn\u00e9 <strong data-start=\"1099\" data-end=\"1114\">sur chaque poign\u00e9e<\/strong><\/p>\n<\/li>\n<li class=\"\" data-start=\"1133\" data-end=\"1183\">\n<p class=\"\" data-start=\"1135\" data-end=\"1183\">Livr\u00e9 dans sa bo\u00eete d&rsquo;origine avec emballage de protection<\/p>\n<\/li>\n<li class=\"\" data-start=\"1184\" data-end=\"1212\">\n<p class=\"\" data-start=\"1186\" data-end=\"1212\"><strong data-start=\"1186\" data-end=\"1210\">Neuf et jamais utilis\u00e9<\/strong><\/p>\n<\/li>\n<li class=\"\" data-start=\"1213\" data-end=\"1265\">\n<p class=\"\" data-start=\"1215\" data-end=\"1265\">Fabriqu\u00e9 par <strong data-start=\"1223\" data-end=\"1233\">Seneca<\/strong>, r\u00e9put\u00e9 pour son \u00e9l\u00e9gance traditionnelle.<\/p>\n<\/li>\n<\/ul>\n<p class=\"\" data-start=\"1267\" data-end=\"1418\">Id\u00e9al pour les mariages, les anniversaires, les go\u00fbters ou pour les collectionneurs de vaisselle vintage raffin\u00e9e. Sublimez la pr\u00e9sentation de vos desserts avec une touche dor\u00e9e.<\/p>\n","protected":false},"excerpt":{"rendered":"<p>\u00c9l\u00e9gant ensemble de couverts \u00e0 g\u00e2teau plaqu\u00e9s or de 15 pi\u00e8ces par Seneca. Comprend fourchettes, cuill\u00e8res, pelles \u00e0 g\u00e2teau et louche \u00e0 sucre. Parfait pour les moments festifs autour d&rsquo;un caf\u00e9 ou d&rsquo;un g\u00e2teau. Neuf et jamais utilis\u00e9.<\/p>\n","protected":false},"featured_media":17006,"template":"","meta":[],"product_brand":[],"product_cat":[113],"product_tag":[],"class_list":{"0":"post-16951","1":"product","2":"type-product","3":"status-publish","4":"has-post-thumbnail","6":"product_cat-vintage-antiques-retro","8":"first","9":"instock","10":"taxable","11":"shipping-taxable","12":"purchasable","13":"product-type-simple"},"_links":{"self":[{"href":"https:\/\/boreait.com\/fr\/wp-json\/wp\/v2\/product\/16951","targetHints":{"allow":["GET"]}}],"collection":[{"href":"https:\/\/boreait.com\/fr\/wp-json\/wp\/v2\/product"}],"about":[{"href":"https:\/\/boreait.com\/fr\/wp-json\/wp\/v2\/types\/product"}],"wp:featuredmedia":[{"embeddable":true,"href":"https:\/\/boreait.com\/fr\/wp-json\/wp\/v2\/media\/17006"}],"wp:attachment":[{"href":"https:\/\/boreait.com\/fr\/wp-json\/wp\/v2\/media?parent=16951"}],"wp:term":[{"taxonomy":"product_brand","embeddable":true,"href":"https:\/\/boreait.com\/fr\/wp-json\/wp\/v2\/product_brand?post=16951"},{"taxonomy":"product_cat","embeddable":true,"href":"https:\/\/boreait.com\/fr\/wp-json\/wp\/v2\/product_cat?post=16951"},{"taxonomy":"product_tag","embeddable":true,"href":"https:\/\/boreait.com\/fr\/wp-json\/wp\/v2\/product_tag?post=16951"}],"curies":[{"name":"wp","href":"https:\/\/api.w.org\/{rel}","templated":true}]}}