{"id":16950,"date":"2025-09-16T16:43:20","date_gmt":"2025-09-16T14:43:20","guid":{"rendered":"https:\/\/boreait.com\/fr\/?post_type=product&#038;p=16950"},"modified":"2025-09-16T16:44:34","modified_gmt":"2025-09-16T14:44:34","slug":"coffret-a-whisky-vintage-devalbor-cerve-italy-windrose-8-pieces-neuf-dans-sa-boite","status":"publish","type":"product","link":"https:\/\/boreait.com\/fr\/produit\/coffret-a-whisky-vintage-devalbor-cerve-italy-windrose-8-pieces-neuf-dans-sa-boite\/","title":{"rendered":"Coffret \u00e0 whisky Vintage Devalbor Cerve Italy Windrose 8 pi\u00e8ces &#8211; Neuf dans sa bo\u00eete"},"content":{"rendered":"<p class=\"\" data-start=\"473\" data-end=\"749\">Apportez une \u00e9l\u00e9gance italienne intemporelle \u00e0 votre collection d&rsquo;articles de bar avec ce superbe <strong data-start=\"551\" data-end=\"611\">ensemble de whisky vintage Devalbor by Cerve \u00ab\u00a0Windrose\u00a0\u00bb 8 pi\u00e8ces<\/strong>. Fabriqu\u00e9 en Italie et conserv\u00e9 dans un <strong data-start=\"644\" data-end=\"678\">\u00e9tat impeccable et jamais utilis\u00e9<\/strong>, cet ensemble rare est un v\u00e9ritable bijou pour les collectionneurs et les amateurs de style r\u00e9tro.<\/p>\n<p class=\"\" data-start=\"751\" data-end=\"872\">L&rsquo;ensemble comprend\u00a0:<br data-start=\"768\" data-end=\"771\" \/>\u2022 6 verres \u00e0 whisky finement travaill\u00e9s<br data-start=\"805\" data-end=\"808\" \/>\u2022 1 seau \u00e0 glace en verre assorti<br data-start=\"837\" data-end=\"840\" \/>\u2022 1 jeu de pinces en plastique transparent<\/p>\n<p class=\"\" data-start=\"874\" data-end=\"1167\">Chaque pi\u00e8ce pr\u00e9sente un d\u00e9licat <strong data-start=\"905\" data-end=\"945\">motif floral avec des roses rouges et dor\u00e9es<\/strong>, encadr\u00e9 de subtiles touches dor\u00e9es qui refl\u00e8tent l&rsquo;art du <strong data-start=\"1006\" data-end=\"1032\">design italien classique<\/strong>. Toutes les pi\u00e8ces sont soigneusement conserv\u00e9es dans leur <strong data-start=\"1072\" data-end=\"1112\">emballage et bo\u00eete d&rsquo;origine en polystyr\u00e8ne<\/strong>, qui mettent en valeur le nom et la pr\u00e9sentation \u00ab\u00a0Windrose\u00a0\u00bb.<\/p>\n<p class=\"\" data-start=\"1169\" data-end=\"1325\">Que vous soyez amateur de vintage, collectionneur de verres ou que vous souhaitiez simplement ajouter une touche de charme nostalgique \u00e0 votre bar, cet ensemble est la trouvaille id\u00e9ale.<\/p>\n<p class=\"\" data-start=\"1327\" data-end=\"1481\">\u2705 Fabriqu\u00e9 en Italie<br data-start=\"1342\" data-end=\"1345\" \/>\u2705 Vintage authentique (jamais utilis\u00e9)<br data-start=\"1373\" data-end=\"1376\" \/>\u2705 Emballage d&rsquo;origine inclus<br data-start=\"1405\" data-end=\"1408\" \/>\u2705 \u00c9l\u00e9gant Motif floral avec bordure dor\u00e9e<br data-start=\"1446\" data-end=\"1449\" \/>\u2705 Id\u00e9al pour offrir ou exposer<\/p>\n<p class=\"\" data-start=\"1483\" data-end=\"1559\">Ne manquez pas cette magnifique pi\u00e8ce d&rsquo;artisanat italien\u00a0!<\/p>\n","protected":false},"excerpt":{"rendered":"<p>\u00c9l\u00e9gant service \u00e0 whisky vintage 8 pi\u00e8ces par Devalbor Cerve Italie \u2013 jamais utilis\u00e9, dans sa bo\u00eete d&rsquo;origine. Comprend 6 verres \u00e0 whisky \u00e0 motif floral, un seau \u00e0 glace assorti et une pince. Une pi\u00e8ce de collection rare au design italien raffin\u00e9.<\/p>\n","protected":false},"featured_media":16995,"template":"","meta":[],"product_brand":[],"product_cat":[113],"product_tag":[],"class_list":{"0":"post-16950","1":"product","2":"type-product","3":"status-publish","4":"has-post-thumbnail","6":"product_cat-vintage-antiques-retro","8":"first","9":"instock","10":"taxable","11":"shipping-taxable","12":"purchasable","13":"product-type-simple"},"_links":{"self":[{"href":"https:\/\/boreait.com\/fr\/wp-json\/wp\/v2\/product\/16950","targetHints":{"allow":["GET"]}}],"collection":[{"href":"https:\/\/boreait.com\/fr\/wp-json\/wp\/v2\/product"}],"about":[{"href":"https:\/\/boreait.com\/fr\/wp-json\/wp\/v2\/types\/product"}],"wp:featuredmedia":[{"embeddable":true,"href":"https:\/\/boreait.com\/fr\/wp-json\/wp\/v2\/media\/16995"}],"wp:attachment":[{"href":"https:\/\/boreait.com\/fr\/wp-json\/wp\/v2\/media?parent=16950"}],"wp:term":[{"taxonomy":"product_brand","embeddable":true,"href":"https:\/\/boreait.com\/fr\/wp-json\/wp\/v2\/product_brand?post=16950"},{"taxonomy":"product_cat","embeddable":true,"href":"https:\/\/boreait.com\/fr\/wp-json\/wp\/v2\/product_cat?post=16950"},{"taxonomy":"product_tag","embeddable":true,"href":"https:\/\/boreait.com\/fr\/wp-json\/wp\/v2\/product_tag?post=16950"}],"curies":[{"name":"wp","href":"https:\/\/api.w.org\/{rel}","templated":true}]}}