{"id":16949,"date":"2025-09-16T16:43:20","date_gmt":"2025-09-16T14:43:20","guid":{"rendered":"https:\/\/boreait.com\/fr\/?post_type=product&#038;p=16949"},"modified":"2025-09-16T16:44:29","modified_gmt":"2025-09-16T14:44:29","slug":"ensemble-de-bouteilles-a-huilier-vintage-en-verre-avec-bouchons-18-cm","status":"publish","type":"product","link":"https:\/\/boreait.com\/fr\/produit\/ensemble-de-bouteilles-a-huilier-vintage-en-verre-avec-bouchons-18-cm\/","title":{"rendered":"Ensemble de bouteilles \u00e0 huilier vintage en verre avec bouchons, 18 cm"},"content":{"rendered":"<p class=\"\" data-start=\"484\" data-end=\"749\">Ajoutez une touche d&rsquo;\u00e9l\u00e9gance vintage \u00e0 votre cuisine ou \u00e0 votre table \u00e0 manger avec ce magnifique ensemble de deux huiliers en verre. Chaque huilier pr\u00e9sente un design classique avec un bouchon en verre \u00e0 facettes et une anse incurv\u00e9e pour un versement facile. Id\u00e9al pour l&rsquo;huile, le vinaigre ou pour la d\u00e9coration.<\/p>\n<p class=\"\" data-start=\"751\" data-end=\"771\">\ud83d\udfe2 <strong data-start=\"754\" data-end=\"771\">Caract\u00e9ristiques principales\u00a0:<\/strong><\/p>\n<ul data-start=\"772\" data-end=\"1085\">\n<li class=\"\" data-start=\"772\" data-end=\"827\">\n<p class=\"\" data-start=\"774\" data-end=\"827\">Coffret comprenant 2 bouteilles en verre avec bouchons assortis<\/p>\n<\/li>\n<li class=\"\" data-start=\"828\" data-end=\"877\">\n<p class=\"\" data-start=\"830\" data-end=\"877\">D&rsquo;occasion<\/p>\n<\/li>\n<li class=\"\" data-start=\"878\" data-end=\"913\">\n<p class=\"\" data-start=\"880\" data-end=\"913\">Support\/plateau en m\u00e9tal inclus<\/p>\n<\/li>\n<li class=\"\" data-start=\"914\" data-end=\"957\">\n<p class=\"\" data-start=\"916\" data-end=\"957\">Hauteur totale\u00a0: 18\u00a0cm (environ 7\u00a0pouces)<\/p>\n<\/li>\n<li class=\"\" data-start=\"958\" data-end=\"1000\">\n<p class=\"\" data-start=\"960\" data-end=\"1000\">Poids total\u00a0: 600\u00a0g (environ 1,32\u00a0lb)<\/p>\n<\/li>\n<li class=\"\" data-start=\"1001\" data-end=\"1033\">\n<p class=\"\" data-start=\"1003\" data-end=\"1033\">Design \u00e9l\u00e9gant de style vintage<\/p>\n<\/li>\n<li class=\"\" data-start=\"1034\" data-end=\"1085\">\n<p class=\"\" data-start=\"1036\" data-end=\"1085\">Id\u00e9al pour les collectionneurs, la d\u00e9coration de cuisine ou un usage quotidien<\/p>\n<\/li>\n<\/ul>\n<p class=\"\" data-start=\"1087\" data-end=\"1225\">C&rsquo;est un ajout d\u00e9coratif et fonctionnel \u00e0 toute cuisine, que vous receviez des invit\u00e9s ou que vous souhaitiez simplement rehausser votre exp\u00e9rience culinaire.<\/p>\n","protected":false},"excerpt":{"rendered":"<p>Ensemble \u00e9l\u00e9gant de deux bouteilles \u00e0 huilier en verre de style vintage avec bouchons \u00e0 facettes.<\/p>\n","protected":false},"featured_media":16993,"template":"","meta":[],"product_brand":[],"product_cat":[113],"product_tag":[],"class_list":{"0":"post-16949","1":"product","2":"type-product","3":"status-publish","4":"has-post-thumbnail","6":"product_cat-vintage-antiques-retro","8":"first","9":"instock","10":"taxable","11":"shipping-taxable","12":"purchasable","13":"product-type-simple"},"_links":{"self":[{"href":"https:\/\/boreait.com\/fr\/wp-json\/wp\/v2\/product\/16949","targetHints":{"allow":["GET"]}}],"collection":[{"href":"https:\/\/boreait.com\/fr\/wp-json\/wp\/v2\/product"}],"about":[{"href":"https:\/\/boreait.com\/fr\/wp-json\/wp\/v2\/types\/product"}],"wp:featuredmedia":[{"embeddable":true,"href":"https:\/\/boreait.com\/fr\/wp-json\/wp\/v2\/media\/16993"}],"wp:attachment":[{"href":"https:\/\/boreait.com\/fr\/wp-json\/wp\/v2\/media?parent=16949"}],"wp:term":[{"taxonomy":"product_brand","embeddable":true,"href":"https:\/\/boreait.com\/fr\/wp-json\/wp\/v2\/product_brand?post=16949"},{"taxonomy":"product_cat","embeddable":true,"href":"https:\/\/boreait.com\/fr\/wp-json\/wp\/v2\/product_cat?post=16949"},{"taxonomy":"product_tag","embeddable":true,"href":"https:\/\/boreait.com\/fr\/wp-json\/wp\/v2\/product_tag?post=16949"}],"curies":[{"name":"wp","href":"https:\/\/api.w.org\/{rel}","templated":true}]}}