{"id":16948,"date":"2025-09-16T16:43:20","date_gmt":"2025-09-16T14:43:20","guid":{"rendered":"https:\/\/boreait.com\/fr\/?post_type=product&#038;p=16948"},"modified":"2025-09-16T16:44:25","modified_gmt":"2025-09-16T14:44:25","slug":"bocal-en-verre-vintage-milano-avec-couvercle-28-cm-11-jamais-utilise-italie","status":"publish","type":"product","link":"https:\/\/boreait.com\/fr\/produit\/bocal-en-verre-vintage-milano-avec-couvercle-28-cm-11-jamais-utilise-italie\/","title":{"rendered":"Bocal en verre vintage Milano avec couvercle \u2013 28 cm (11&Prime;) \u2013 Jamais utilis\u00e9 \u2013 Italie"},"content":{"rendered":"<p class=\"\" data-start=\"489\" data-end=\"692\">Ajoutez une touche d&rsquo;\u00e9l\u00e9gance italienne \u00e0 votre cuisine ou \u00e0 votre \u00e9tag\u00e8re avec ce magnifique bocal en verre vintage du service \u00e0 cocktails <strong data-start=\"601\" data-end=\"629\">Milano Servizio Cocktail<\/strong> de <strong data-start=\"637\" data-end=\"669\">Vetreria di Borgonovo S.p.A.<\/strong>, fabriqu\u00e9 \u00e0 la main en Italie.<\/p>\n<p class=\"\" data-start=\"694\" data-end=\"899\">Cette offre comprend <strong data-start=\"716\" data-end=\"762\">uniquement le grand bocal en verre avec couvercle assorti<\/strong>\u00a0; les verres ne sont pas inclus. Cette pi\u00e8ce n&rsquo;a <strong data-start=\"804\" data-end=\"823\">jamais \u00e9t\u00e9 utilis\u00e9e<\/strong> et est en <strong data-start=\"834\" data-end=\"857\">excellent \u00e9tat<\/strong>, sans \u00e9clat, fissure ni signe d&rsquo;usure.<\/p>\n<p class=\"\" data-start=\"901\" data-end=\"1036\">Avec son design cannel\u00e9 classique et sa construction robuste, elle est parfaite pour ranger biscuits, bonbons, produits secs ou simplement comme objet d\u00e9coratif.<\/p>\n<p class=\"\" data-start=\"1038\" data-end=\"1051\"><strong data-start=\"1038\" data-end=\"1051\">Caract\u00e9ristiques\u00a0:<\/strong><\/p>\n<ul data-start=\"1052\" data-end=\"1313\">\n<li class=\"\" data-start=\"1052\" data-end=\"1083\">\n<p class=\"\" data-start=\"1054\" data-end=\"1083\">Verrerie italienne authentique<\/p>\n<\/li>\n<li class=\"\" data-start=\"1084\" data-end=\"1113\">\n<p class=\"\" data-start=\"1086\" data-end=\"1113\">Hauteur\u00a0: 28\u00a0cm (11\u00a0pouces)<\/p>\n<\/li>\n<li class=\"\" data-start=\"1114\" data-end=\"1143\">\n<p class=\"\" data-start=\"1116\" data-end=\"1143\">Poids\u00a0: 2,2\u00a0kg (4,85\u00a0lb)<\/p>\n<\/li>\n<li class=\"\" data-start=\"1144\" data-end=\"1190\">\n<p class=\"\" data-start=\"1146\" data-end=\"1190\">Fabricant\u00a0: Vetreria di Borgonovo S.p.A.<\/p>\n<\/li>\n<li class=\"\" data-start=\"1191\" data-end=\"1229\">\n<p class=\"\" data-start=\"1193\" data-end=\"1229\">Origine\u00a0: Borgonovo, Plaisance, Italie<\/p>\n<\/li>\n<li class=\"\" data-start=\"1230\" data-end=\"1263\">\n<p class=\"\" data-start=\"1232\" data-end=\"1263\">Mat\u00e9riau\u00a0: Verre press\u00e9 transparent<\/p>\n<\/li>\n<li class=\"\" data-start=\"1264\" data-end=\"1280\">\n<p class=\"\" data-start=\"1266\" data-end=\"1280\">Couvercle inclus<\/p>\n<\/li>\n<li class=\"\" data-start=\"1281\" data-end=\"1298\">\n<p class=\"\" data-start=\"1283\" data-end=\"1298\">Style vintage<\/p>\n<\/li>\n<li class=\"\" data-start=\"1299\" data-end=\"1313\">\n<p class=\"\" data-start=\"1301\" data-end=\"1313\">Jamais utilis\u00e9<\/p>\n<\/li>\n<\/ul>\n<p class=\"\" data-start=\"1315\" data-end=\"1401\">Une pi\u00e8ce magnifique et intemporelle pour les collectionneurs, les d\u00e9corateurs ou les amateurs de verrerie fine.<\/p>\n","protected":false},"excerpt":{"rendered":"<p>\u00c9l\u00e9gant bocal en verre vintage italien de la marque Vetreria di Borgonovo. Il mesure 28 cm de haut et p\u00e8se 2,2 kg. Jamais utilis\u00e9, sans \u00e9clats ni fissures. Bocal et couvercle inclus, sans verres.<\/p>\n","protected":false},"featured_media":16989,"template":"","meta":[],"product_brand":[],"product_cat":[113],"product_tag":[],"class_list":{"0":"post-16948","1":"product","2":"type-product","3":"status-publish","4":"has-post-thumbnail","6":"product_cat-vintage-antiques-retro","8":"first","9":"instock","10":"taxable","11":"shipping-taxable","12":"purchasable","13":"product-type-simple"},"_links":{"self":[{"href":"https:\/\/boreait.com\/fr\/wp-json\/wp\/v2\/product\/16948","targetHints":{"allow":["GET"]}}],"collection":[{"href":"https:\/\/boreait.com\/fr\/wp-json\/wp\/v2\/product"}],"about":[{"href":"https:\/\/boreait.com\/fr\/wp-json\/wp\/v2\/types\/product"}],"wp:featuredmedia":[{"embeddable":true,"href":"https:\/\/boreait.com\/fr\/wp-json\/wp\/v2\/media\/16989"}],"wp:attachment":[{"href":"https:\/\/boreait.com\/fr\/wp-json\/wp\/v2\/media?parent=16948"}],"wp:term":[{"taxonomy":"product_brand","embeddable":true,"href":"https:\/\/boreait.com\/fr\/wp-json\/wp\/v2\/product_brand?post=16948"},{"taxonomy":"product_cat","embeddable":true,"href":"https:\/\/boreait.com\/fr\/wp-json\/wp\/v2\/product_cat?post=16948"},{"taxonomy":"product_tag","embeddable":true,"href":"https:\/\/boreait.com\/fr\/wp-json\/wp\/v2\/product_tag?post=16948"}],"curies":[{"name":"wp","href":"https:\/\/api.w.org\/{rel}","templated":true}]}}