{"id":16947,"date":"2025-09-16T16:43:20","date_gmt":"2025-09-16T14:43:20","guid":{"rendered":"https:\/\/boreait.com\/fr\/?post_type=product&#038;p=16947"},"modified":"2025-09-16T16:44:16","modified_gmt":"2025-09-16T14:44:16","slug":"ecran-lcd-156-fhd-ips-30-broches-non-tactile-pour-dell-precision-3540-3541-neuf","status":"publish","type":"product","link":"https:\/\/boreait.com\/fr\/produit\/ecran-lcd-156-fhd-ips-30-broches-non-tactile-pour-dell-precision-3540-3541-neuf\/","title":{"rendered":"\u00c9cran LCD 15,6&Prime; FHD IPS 30 broches non tactile pour Dell Precision 3540\/3541 \u2013 Neuf"},"content":{"rendered":"<p>Mod\u00e8le d&rsquo;\u00e9cran LCD\u00a0: B156HAN02.5 \u2013 ENTI\u00c8REMENT COMPATIBLE AVEC LES \u00c9CRANS D&rsquo;ORDINATEUR PORTABLE Dell Precision 3540 et 3541<\/p>\n<p data-start=\"395\" data-end=\"611\">Am\u00e9liorez votre ordinateur portable Dell Precision avec cet <strong data-start=\"440\" data-end=\"485\">\u00e9cran LCD IPS Full HD 15,6 pouces haute qualit\u00e9<\/strong>. Con\u00e7u pour les <strong data-start=\"500\" data-end=\"530\">Dell Precision 3540\/3541<\/strong>, cet \u00e9cran offre des images nettes, des couleurs \u00e9clatantes et de larges angles de vision.<\/p>\n<h4 data-start=\"613\" data-end=\"647\"><strong data-start=\"618\" data-end=\"645\">Caract\u00e9ristiques du produit\u00a0:<\/strong><\/h4>\n<p data-start=\"648\" data-end=\"963\">\u2714 <strong data-start=\"650\" data-end=\"672\">Mod\u00e8les compatibles\u00a0:<\/strong> Dell Precision 3540\/3541<br data-start=\"699\" data-end=\"702\" \/>\u2714 <strong data-start=\"704\" data-end=\"713\">Taille\u00a0:<\/strong> 15,6 pouces<br data-start=\"725\" data-end=\"728\" \/>\u2714 <strong data-start=\"730\" data-end=\"745\">R\u00e9solution\u00a0:<\/strong> Full HD (1\u00a0920 x 1\u00a0080)<br data-start=\"765\" data-end=\"768\" \/>\u2714 <strong data-start=\"770\" data-end=\"785\">Type de dalle\u00a0:<\/strong> IPS (In-Plane Switching)<br data-start=\"810\" data-end=\"813\" data-is-only-node=\"\" \/>\u2714 <strong data-start=\"815\" data-end=\"829\">Connecteur\u00a0: eDP 30 broches<br data-start=\"840\" data-end=\"843\" \/>\u2714 <strong data-start=\"845\" data-end=\"863\">Prise en charge tactile\u00a0: non (non tactile)<br data-start=\"878\" data-end=\"881\" \/>\u2714 <strong data-start=\"883\" data-end=\"896\">Supports\u00a0: non inclus<br data-start=\"909\" data-end=\"912\" \/>\u2714 <strong data-start=\"914\" data-end=\"931\">Installation\u00a0: bandes autocollantes incluses<\/p>\n<p data-start=\"965\" data-end=\"1100\">Ce <strong data-start=\"970\" data-end=\"993\">Ce panneau LCD flambant neuf<\/strong> est id\u00e9al pour remplacer un \u00e9cran endommag\u00e9 ou d\u00e9fectueux. Veuillez v\u00e9rifier la compatibilit\u00e9 avant l&rsquo;achat.<\/p>\n<p data-start=\"1102\" data-end=\"1173\" data-is-last-node=\"\" data-is-only-node=\"\">\ud83d\udca1 <strong data-start=\"1105\" data-end=\"1114\">Remarque\u00a0:<\/strong> Une installation par un professionnel est recommand\u00e9e pour un r\u00e9sultat optimal.<\/p>\n","protected":false},"excerpt":{"rendered":"<p>Tout nouvel \u00e9cran LCD IPS Full HD 15,6 pouces pour Dell Precision 3540\/3541. Il est \u00e9quip\u00e9 d&rsquo;un connecteur eDP 30 broches, d&rsquo;un \u00e9cran non tactile et de bandes autocollantes pour une installation facile. Supports non inclus.<\/p>\n","protected":false},"featured_media":16978,"template":"","meta":[],"product_brand":[],"product_cat":[105,95],"product_tag":[53],"class_list":{"0":"post-16947","1":"product","2":"type-product","3":"status-publish","4":"has-post-thumbnail","6":"product_cat-15-6-new-laptop-screens-lcd-panels","7":"product_cat-new-laptop-screens-lcd-panels","8":"product_tag-dell","10":"first","11":"instock","12":"taxable","13":"shipping-taxable","14":"purchasable","15":"product-type-simple"},"_links":{"self":[{"href":"https:\/\/boreait.com\/fr\/wp-json\/wp\/v2\/product\/16947","targetHints":{"allow":["GET"]}}],"collection":[{"href":"https:\/\/boreait.com\/fr\/wp-json\/wp\/v2\/product"}],"about":[{"href":"https:\/\/boreait.com\/fr\/wp-json\/wp\/v2\/types\/product"}],"wp:featuredmedia":[{"embeddable":true,"href":"https:\/\/boreait.com\/fr\/wp-json\/wp\/v2\/media\/16978"}],"wp:attachment":[{"href":"https:\/\/boreait.com\/fr\/wp-json\/wp\/v2\/media?parent=16947"}],"wp:term":[{"taxonomy":"product_brand","embeddable":true,"href":"https:\/\/boreait.com\/fr\/wp-json\/wp\/v2\/product_brand?post=16947"},{"taxonomy":"product_cat","embeddable":true,"href":"https:\/\/boreait.com\/fr\/wp-json\/wp\/v2\/product_cat?post=16947"},{"taxonomy":"product_tag","embeddable":true,"href":"https:\/\/boreait.com\/fr\/wp-json\/wp\/v2\/product_tag?post=16947"}],"curies":[{"name":"wp","href":"https:\/\/api.w.org\/{rel}","templated":true}]}}