{"id":16946,"date":"2025-09-16T16:43:20","date_gmt":"2025-09-16T14:43:20","guid":{"rendered":"https:\/\/boreait.com\/fr\/?post_type=product&#038;p=16946"},"modified":"2025-09-16T16:44:16","modified_gmt":"2025-09-16T14:44:16","slug":"ecran-lcd-156-fhd-ips-30-broches-non-tactile-pour-dell-latitude-5500-5501-neuf","status":"publish","type":"product","link":"https:\/\/boreait.com\/fr\/produit\/ecran-lcd-156-fhd-ips-30-broches-non-tactile-pour-dell-latitude-5500-5501-neuf\/","title":{"rendered":"\u00c9cran LCD 15,6&Prime; FHD IPS 30 broches non tactile pour Dell Latitude 5500 5501 \u2013 Neuf"},"content":{"rendered":"<p><strong>Mod\u00e8le d&rsquo;\u00e9cran LCD actuel\u00a0: B156HAN02.5 \u2013 ENTI\u00c8REMENT COMPATIBLE AVEC L&rsquo;\u00c9CRAN D&rsquo;ORDINATEUR PORTABLE Dell Latitude 5500 5501<\/strong><\/p>\n<p data-start=\"424\" data-end=\"712\">Remplacez l&rsquo;\u00e9cran de votre ordinateur portable endommag\u00e9 ou d\u00e9fectueux par cette <strong data-start=\"479\" data-end=\"523\">panneau LCD IPS Full HD 15,6 pouces de haute qualit\u00e9<\/strong>, sp\u00e9cialement con\u00e7u pour le <strong data-start=\"551\" data-end=\"580\">Dell Latitude 5500\/5501<\/strong>. Offrant des images nettes, de larges angles de vision et des couleurs \u00e9clatantes, cet \u00e9cran am\u00e9liore les performances d&rsquo;affichage de votre ordinateur portable.<\/p>\n<h4 data-start=\"714\" data-end=\"738\"><strong data-start=\"719\" data-end=\"736\">Principales caract\u00e9ristiques\u00a0:<\/strong><\/h4>\n<p data-start=\"739\" data-end=\"1053\">\u2714 <strong data-start=\"741\" data-end=\"763\">Mod\u00e8les compatibles\u00a0:<\/strong> Dell Latitude 5500\/5501<br data-start=\"789\" data-end=\"792\" \/>\u2714 <strong data-start=\"794\" data-end=\"803\">Taille\u00a0:<\/strong> 15,6 pouces<br data-start=\"815\" data-end=\"818\" \/>\u2714 <strong data-start=\"820\" data-end=\"835\">R\u00e9solution\u00a0:<\/strong> Full HD (1\u00a0920 x 1\u00a0080)<br data-start=\"855\" data-end=\"858\" \/>\u2714 <strong data-start=\"860\" data-end=\"875\">Type de dalle\u00a0:<\/strong> IPS (In-Plane Switching)<br data-start=\"900\" data-end=\"903\" data-is-only-node=\"\" \/>\u2714 <strong data-start=\"905\" data-end=\"919\">Connecteur\u00a0: eDP 30 broches<br data-start=\"930\" data-end=\"933\" \/>\u2714 <strong data-start=\"935\" data-end=\"953\">Prise en charge tactile\u00a0: Non (non tactile)<br data-start=\"968\" data-end=\"971\" \/>\u2714 <strong data-start=\"973\" data-end=\"986\">Supports\u00a0: Non inclus<br data-start=\"999\" data-end=\"1002\" \/>\u2714 <strong data-start=\"1004\" data-end=\"1021\">Installation\u00a0: Bandes autocollantes incluses<\/p>\n<p data-start=\"1055\" data-end=\"1217\">Ce <strong data-start=\"1060\" data-end=\"1080\">\u00c9cran flambant neuf<\/strong>\u00a0: une <strong data-start=\"1089\" data-end=\"1112\">installation facile<\/strong> gr\u00e2ce aux <strong data-start=\"1131\" data-end=\"1155\">bandes autocollantes<\/strong> fournies. Veuillez v\u00e9rifier la compatibilit\u00e9 de votre ordinateur portable avant l&rsquo;achat.<\/p>\n<p data-start=\"1219\" data-end=\"1290\" data-is-last-node=\"\" data-is-only-node=\"\">\ud83d\udca1 <strong data-start=\"1222\" data-end=\"1231\">Remarque\u00a0:<\/strong> Une installation professionnelle est recommand\u00e9e pour un r\u00e9sultat optimal.<\/p>\n","protected":false},"excerpt":{"rendered":"<p>Tout nouvel \u00e9cran LCD IPS Full HD 15,6 pouces pour Dell Latitude 5500\/5501. Il est \u00e9quip\u00e9 d&rsquo;un connecteur eDP 30 broches, d&rsquo;un \u00e9cran non tactile et d&rsquo;une pr\u00e9cision des couleurs \u00e9clatante. Supports non inclus\u00a0; bandes autocollantes fournies pour une installation facile.<\/p>\n","protected":false},"featured_media":16978,"template":"","meta":[],"product_brand":[],"product_cat":[105,95],"product_tag":[53],"class_list":{"0":"post-16946","1":"product","2":"type-product","3":"status-publish","4":"has-post-thumbnail","6":"product_cat-15-6-new-laptop-screens-lcd-panels","7":"product_cat-new-laptop-screens-lcd-panels","8":"product_tag-dell","10":"first","11":"instock","12":"taxable","13":"shipping-taxable","14":"purchasable","15":"product-type-simple"},"_links":{"self":[{"href":"https:\/\/boreait.com\/fr\/wp-json\/wp\/v2\/product\/16946","targetHints":{"allow":["GET"]}}],"collection":[{"href":"https:\/\/boreait.com\/fr\/wp-json\/wp\/v2\/product"}],"about":[{"href":"https:\/\/boreait.com\/fr\/wp-json\/wp\/v2\/types\/product"}],"wp:featuredmedia":[{"embeddable":true,"href":"https:\/\/boreait.com\/fr\/wp-json\/wp\/v2\/media\/16978"}],"wp:attachment":[{"href":"https:\/\/boreait.com\/fr\/wp-json\/wp\/v2\/media?parent=16946"}],"wp:term":[{"taxonomy":"product_brand","embeddable":true,"href":"https:\/\/boreait.com\/fr\/wp-json\/wp\/v2\/product_brand?post=16946"},{"taxonomy":"product_cat","embeddable":true,"href":"https:\/\/boreait.com\/fr\/wp-json\/wp\/v2\/product_cat?post=16946"},{"taxonomy":"product_tag","embeddable":true,"href":"https:\/\/boreait.com\/fr\/wp-json\/wp\/v2\/product_tag?post=16946"}],"curies":[{"name":"wp","href":"https:\/\/api.w.org\/{rel}","templated":true}]}}