{"id":16945,"date":"2025-09-16T16:43:20","date_gmt":"2025-09-16T14:43:20","guid":{"rendered":"https:\/\/boreait.com\/fr\/?post_type=product&#038;p=16945"},"modified":"2025-09-16T16:44:15","modified_gmt":"2025-09-16T14:44:15","slug":"ecran-lcd-156-fhd-ips-30-broches-non-tactile-dell-000tn-0f6fjj-pxgvc-neuf","status":"publish","type":"product","link":"https:\/\/boreait.com\/fr\/produit\/ecran-lcd-156-fhd-ips-30-broches-non-tactile-dell-000tn-0f6fjj-pxgvc-neuf\/","title":{"rendered":"\u00c9cran LCD 15,6&Prime; FHD IPS 30 broches non tactile Dell 000TN\/0F6FJJ\/PXGVC \u2013 Neuf"},"content":{"rendered":"<p><strong>Mod\u00e8le d&rsquo;\u00e9cran LCD actuel\u00a0: B156HAN02.5 \u2013 ENTI\u00c8REMENT COMPATIBLE AVEC L&rsquo;\u00c9CRAN D&rsquo;ORDINATEUR PORTABLE Dell 000TN 0F6FJJ PXGVC<\/strong><\/p>\n<p data-start=\"430\" data-end=\"701\">Remplacez l&rsquo;\u00e9cran de votre ordinateur portable endommag\u00e9 ou d\u00e9fectueux par cette <strong data-start=\"498\" data-end=\"529\">panneau LCD IPS Full HD 15,6&Prime;<\/strong> de haute qualit\u00e9, con\u00e7u pour les <strong data-start=\"544\" data-end=\"584\">mod\u00e8les Dell 000TN, 0F6FJJ et PXGVC<\/strong>. Il est \u00e9quip\u00e9 d&rsquo;une <strong data-start=\"600\" data-end=\"625\">connexion eDP 30 broches<\/strong> et d&rsquo;une <strong data-start=\"633\" data-end=\"646\">panneau IPS<\/strong> pour une pr\u00e9cision des couleurs sup\u00e9rieure et des angles de vision larges.<\/p>\n<h4 data-start=\"703\" data-end=\"737\"><strong data-start=\"708\" data-end=\"735\">Sp\u00e9cifications du produit\u00a0:<\/strong><\/h4>\n<p data-start=\"738\" data-end=\"1006\">\u2714 <strong data-start=\"740\" data-end=\"756\">Taille de l&rsquo;\u00e9cran\u00a0:<\/strong> 15,6 pouces<br data-start=\"768\" data-end=\"771\" \/>\u2714 <strong data-start=\"773\" data-end=\"788\">R\u00e9solution\u00a0:<\/strong> Full HD (1920 x 1080)<br data-start=\"808\" data-end=\"811\" \/>\u2714 <strong data-start=\"813\" data-end=\"828\">Type de dalle\u00a0:<\/strong> IPS (In-Plane Switching)<br data-start=\"853\" data-end=\"856\" \/>\u2714 <strong data-start=\"858\" data-end=\"872\">Connecteur\u00a0: eDP 30 broches<br data-start=\"883\" data-end=\"886\" data-is-only-node=\"\" \/>\u2714 <strong data-start=\"888\" data-end=\"906\">Prise en charge tactile\u00a0: non (non tactile)<br data-start=\"921\" data-end=\"924\" \/>\u2714 <strong data-start=\"926\" data-end=\"939\">Supports\u00a0: non inclus<br data-start=\"952\" data-end=\"955\" \/>\u2714 <strong data-start=\"957\" data-end=\"974\">Installation\u00a0: bandes autocollantes incluses<\/p>\n<p data-start=\"1008\" data-end=\"1195\">Ce <strong data-start=\"1013\" data-end=\"1045\">tout neuf L&rsquo;\u00e9cran de remplacement garantit des performances de haute qualit\u00e9 et une installation facile. <strong data-start=\"1113\" data-end=\"1150\">V\u00e9rifiez la compatibilit\u00e9 de votre ordinateur portable<\/strong> avant l&rsquo;achat pour garantir un ajustement parfait.<\/p>\n<p data-start=\"1197\" data-end=\"1268\" data-is-last-node=\"\" data-is-only-node=\"\">\ud83d\udca1 <strong data-start=\"1200\" data-end=\"1209\">Remarque\u00a0:<\/strong> Une installation par un professionnel est recommand\u00e9e pour des r\u00e9sultats optimaux.<\/p>\n","protected":false},"excerpt":{"rendered":"<p>Tout nouvel \u00e9cran LCD IPS Full HD 15,6 pouces compatible avec les mod\u00e8les Dell 000TN, 0F6FJJ et PXGVC. Cet \u00e9cran non tactile \u00e0 30 broches offre des images nettes et des couleurs \u00e9clatantes. Supports non inclus\u00a0: bandes autocollantes fournies pour une installation facile.<\/p>\n","protected":false},"featured_media":16978,"template":"","meta":[],"product_brand":[],"product_cat":[105,95],"product_tag":[53],"class_list":{"0":"post-16945","1":"product","2":"type-product","3":"status-publish","4":"has-post-thumbnail","6":"product_cat-15-6-new-laptop-screens-lcd-panels","7":"product_cat-new-laptop-screens-lcd-panels","8":"product_tag-dell","10":"first","11":"instock","12":"taxable","13":"shipping-taxable","14":"purchasable","15":"product-type-simple"},"_links":{"self":[{"href":"https:\/\/boreait.com\/fr\/wp-json\/wp\/v2\/product\/16945","targetHints":{"allow":["GET"]}}],"collection":[{"href":"https:\/\/boreait.com\/fr\/wp-json\/wp\/v2\/product"}],"about":[{"href":"https:\/\/boreait.com\/fr\/wp-json\/wp\/v2\/types\/product"}],"wp:featuredmedia":[{"embeddable":true,"href":"https:\/\/boreait.com\/fr\/wp-json\/wp\/v2\/media\/16978"}],"wp:attachment":[{"href":"https:\/\/boreait.com\/fr\/wp-json\/wp\/v2\/media?parent=16945"}],"wp:term":[{"taxonomy":"product_brand","embeddable":true,"href":"https:\/\/boreait.com\/fr\/wp-json\/wp\/v2\/product_brand?post=16945"},{"taxonomy":"product_cat","embeddable":true,"href":"https:\/\/boreait.com\/fr\/wp-json\/wp\/v2\/product_cat?post=16945"},{"taxonomy":"product_tag","embeddable":true,"href":"https:\/\/boreait.com\/fr\/wp-json\/wp\/v2\/product_tag?post=16945"}],"curies":[{"name":"wp","href":"https:\/\/api.w.org\/{rel}","templated":true}]}}