{"id":16934,"date":"2025-09-16T16:42:57","date_gmt":"2025-09-16T14:42:57","guid":{"rendered":"https:\/\/boreait.com\/fr\/?post_type=product&#038;p=16934"},"modified":"2025-09-16T16:44:14","modified_gmt":"2025-09-16T14:44:14","slug":"ecran-lcd-156-fhd-ips-30-broches-non-tactile-pour-thinkpad-l15-gen-3-neuf","status":"publish","type":"product","link":"https:\/\/boreait.com\/fr\/produit\/ecran-lcd-156-fhd-ips-30-broches-non-tactile-pour-thinkpad-l15-gen-3-neuf\/","title":{"rendered":"\u00c9cran LCD 15,6&Prime; FHD IPS 30 broches non tactile pour ThinkPad L15 Gen 3 \u2013 Neuf"},"content":{"rendered":"<p><strong>Mod\u00e8le d&rsquo;\u00e9cran LCD actuel\u00a0: B156HAN02.5 \u2013 ENTI\u00c8REMENT COMPATIBLE AVEC L&rsquo;\u00c9CRAN D&rsquo;ORDINATEUR PORTABLE Lenovo THINKPAD L15 (3e G\u00c9N\u00c9RATION) MOD\u00c8LE 21C<\/strong><\/p>\n<p data-start=\"392\" data-end=\"715\">Remplacez l&rsquo;\u00e9cran de votre ordinateur portable endommag\u00e9 ou d\u00e9fectueux par cette <strong data-start=\"447\" data-end=\"478\">panneau LCD IPS Full HD 15,6 pouces<\/strong>, sp\u00e9cialement con\u00e7u pour le <strong data-start=\"506\" data-end=\"549\">Lenovo ThinkPad L15 (3e G\u00e9N\u00c9RATION) Mod\u00e8le 21C<\/strong>. Cet <strong data-start=\"569\" data-end=\"589\">\u00e9cran non tactile<\/strong> de haute qualit\u00e9 offre des images nettes, des couleurs \u00e9clatantes et de larges angles de vision, ce qui en fait le remplacement id\u00e9al de l&rsquo;\u00e9cran de votre ordinateur portable.<\/p>\n<p data-start=\"717\" data-end=\"1070\"><strong data-start=\"717\" data-end=\"738\">Caract\u00e9ristiques du produit\u00a0:<\/strong><br data-start=\"738\" data-end=\"741\" \/>\u2714 <strong data-start=\"743\" data-end=\"764\">Mod\u00e8le compatible\u00a0:<\/strong> Lenovo ThinkPad L15 (3e g\u00e9n\u00e9ration) \u2013 Mod\u00e8le 21C<br data-start=\"806\" data-end=\"809\" \/>\u2714 <strong data-start=\"811\" data-end=\"820\">Taille\u00a0:<\/strong> 15,6 pouces<br data-start=\"832\" data-end=\"835\" \/>\u2714 <strong data-start=\"837\" data-end=\"852\">R\u00e9solution\u00a0:<\/strong> Full HD (1920 x 1080)<br data-start=\"872\" data-end=\"875\" data-is-only-node=\"\" \/>\u2714 <strong data-start=\"877\" data-end=\"892\">Type de panneau\u00a0: IPS (In-Plane Switching)<br data-start=\"917\" data-end=\"920\" \/>\u2714 <strong data-start=\"922\" data-end=\"936\">Connecteur\u00a0: eDP 30 broches<br data-start=\"947\" data-end=\"950\" \/>\u2714 <strong data-start=\"952\" data-end=\"970\">Prise en charge tactile\u00a0: non (non tactile)<br data-start=\"985\" data-end=\"988\" \/>\u2714 <strong data-start=\"990\" data-end=\"1003\">Supports\u00a0: non inclus<br data-start=\"1016\" data-end=\"1019\" \/>\u2714 <strong data-start=\"1021\" data-end=\"1038\">Installation\u00a0: autocollante Bandes adh\u00e9sives incluses<\/p>\n<p data-start=\"1072\" data-end=\"1266\">Cet <strong data-start=\"1077\" data-end=\"1097\">\u00e9cran flambant neuf<\/strong> est facile \u00e0 installer gr\u00e2ce aux <strong data-start=\"1135\" data-end=\"1159\">bandes adh\u00e9sives<\/strong> incluses. Avant d&rsquo;acheter, veuillez v\u00e9rifier le mod\u00e8le de votre ordinateur portable et les sp\u00e9cifications de l&rsquo;\u00e9cran pour vous assurer de la compatibilit\u00e9.<\/p>\n<p data-start=\"1268\" data-end=\"1343\" data-is-last-node=\"\" data-is-only-node=\"\">\ud83d\udca1 <strong data-start=\"1271\" data-end=\"1280\">Remarque\u00a0:<\/strong> Une installation professionnelle est recommand\u00e9e pour des r\u00e9sultats optimaux.<\/p>\n","protected":false},"excerpt":{"rendered":"<p>\u00c9cran LCD IPS Full HD 15,6&Prime; flambant neuf pour <strong data-start=\"188\" data-end=\"223\">Lenovo ThinkPad L15 Gen 3 (21C)<\/strong>. Il est \u00e9quip\u00e9 d&rsquo;une <strong data-start=\"236\" data-end=\"261\">connexion eDP 30 broches<\/strong>, d&rsquo;un <strong data-start=\"263\" data-end=\"284\">\u00e9cran non tactile<\/strong> et de <strong data-start=\"290\" data-end=\"314\">bandes autocollantes<\/strong> pour une installation facile. Supports non inclus.<\/p>\n","protected":false},"featured_media":16978,"template":"","meta":[],"product_brand":[],"product_cat":[105,95],"product_tag":[62],"class_list":{"0":"post-16934","1":"product","2":"type-product","3":"status-publish","4":"has-post-thumbnail","6":"product_cat-15-6-new-laptop-screens-lcd-panels","7":"product_cat-new-laptop-screens-lcd-panels","8":"product_tag-lenovo","10":"first","11":"instock","12":"taxable","13":"shipping-taxable","14":"purchasable","15":"product-type-simple"},"_links":{"self":[{"href":"https:\/\/boreait.com\/fr\/wp-json\/wp\/v2\/product\/16934","targetHints":{"allow":["GET"]}}],"collection":[{"href":"https:\/\/boreait.com\/fr\/wp-json\/wp\/v2\/product"}],"about":[{"href":"https:\/\/boreait.com\/fr\/wp-json\/wp\/v2\/types\/product"}],"wp:featuredmedia":[{"embeddable":true,"href":"https:\/\/boreait.com\/fr\/wp-json\/wp\/v2\/media\/16978"}],"wp:attachment":[{"href":"https:\/\/boreait.com\/fr\/wp-json\/wp\/v2\/media?parent=16934"}],"wp:term":[{"taxonomy":"product_brand","embeddable":true,"href":"https:\/\/boreait.com\/fr\/wp-json\/wp\/v2\/product_brand?post=16934"},{"taxonomy":"product_cat","embeddable":true,"href":"https:\/\/boreait.com\/fr\/wp-json\/wp\/v2\/product_cat?post=16934"},{"taxonomy":"product_tag","embeddable":true,"href":"https:\/\/boreait.com\/fr\/wp-json\/wp\/v2\/product_tag?post=16934"}],"curies":[{"name":"wp","href":"https:\/\/api.w.org\/{rel}","templated":true}]}}