{"id":16933,"date":"2025-09-16T16:42:56","date_gmt":"2025-09-16T14:42:56","guid":{"rendered":"https:\/\/boreait.com\/fr\/?post_type=product&#038;p=16933"},"modified":"2025-09-16T16:44:08","modified_gmt":"2025-09-16T14:44:08","slug":"ecran-lcd-156-fhd-ips-30-broches-non-tactile-lp156wfc-spm1-neuf","status":"publish","type":"product","link":"https:\/\/boreait.com\/fr\/produit\/ecran-lcd-156-fhd-ips-30-broches-non-tactile-lp156wfc-spm1-neuf\/","title":{"rendered":"\u00c9cran LCD 15,6&Prime; FHD IPS 30 broches non tactile LP156WFC SPM1 \u2013 Neuf"},"content":{"rendered":"<p><strong>Mod\u00e8le d&rsquo;\u00e9cran LCD actuel\u00a0: B156HAN02.5 \u2013 ENTI\u00c8REMENT COMPATIBLE AVEC L&rsquo;\u00c9CRAN D&rsquo;ORDINATEUR PORTABLE LP156WFC SPM1<\/strong><\/p>\n<p data-start=\"432\" data-end=\"689\">Remplacez l&rsquo;\u00e9cran de votre ordinateur portable endommag\u00e9 ou d\u00e9fectueux par l&rsquo;<strong data-start=\"486\" data-end=\"533\">\u00e9cran LCD IPS Full HD LP156WFC SPM1 15,6&Prime;<\/strong>. Cet \u00e9cran de haute qualit\u00e9 offre une <strong data-start=\"568\" data-end=\"592\">r\u00e9solution de 1920 x 1080<\/strong>, des <strong data-start=\"594\" data-end=\"612\">couleurs \u00e9clatantes<\/strong> et des <strong data-start=\"618\" data-end=\"641\">angles de vision larges<\/strong>, ce qui en fait une solution id\u00e9ale pour votre appareil.<\/p>\n<h4 data-start=\"691\" data-end=\"715\"><strong data-start=\"696\" data-end=\"713\">Principales caract\u00e9ristiques\u00a0:<\/strong><\/h4>\n<p data-start=\"716\" data-end=\"984\">\u2714 <strong data-start=\"718\" data-end=\"734\">Taille de l&rsquo;\u00e9cran\u00a0:<\/strong> 15,6 pouces<br data-start=\"746\" data-end=\"749\" \/>\u2714 <strong data-start=\"751\" data-end=\"766\">R\u00e9solution\u00a0:<\/strong> Full HD (1920 x 1080)<br data-start=\"786\" data-end=\"789\" \/>\u2714 <strong data-start=\"791\" data-end=\"806\">Type de dalle\u00a0:<\/strong> IPS (In-Plane Switching)<br data-start=\"831\" data-end=\"834\" \/>\u2714 <strong data-start=\"836\" data-end=\"850\">Connecteur\u00a0: eDP 30 broches<br data-start=\"861\" data-end=\"864\" data-is-only-node=\"\" \/>\u2714 <strong data-start=\"866\" data-end=\"884\">Prise en charge tactile\u00a0: non (non tactile)<br data-start=\"899\" data-end=\"902\" \/>\u2714 <strong data-start=\"904\" data-end=\"917\">Supports\u00a0: non inclus<br data-start=\"930\" data-end=\"933\" \/>\u2714 <strong data-start=\"935\" data-end=\"952\">Installation\u00a0: bandes autocollantes incluses<\/p>\n<p data-start=\"986\" data-end=\"1194\">Con\u00e7u pour une <strong data-start=\"1001\" data-end=\"1026\">installation transparente<\/strong>, Cet <strong data-start=\"1033\" data-end=\"1057\">\u00e9cran LCD flambant neuf<\/strong> est id\u00e9al pour restaurer les performances d&rsquo;affichage de votre ordinateur portable. <strong data-start=\"1126\" data-end=\"1149\">V\u00e9rifiez la compatibilit\u00e9<\/strong> avant l&rsquo;achat pour garantir un ajustement parfait.<\/p>\n<p data-start=\"1196\" data-end=\"1267\" data-is-last-node=\"\" data-is-only-node=\"\">\ud83d\udca1 <strong data-start=\"1199\" data-end=\"1208\">Remarque\u00a0:<\/strong> Une installation par un professionnel est recommand\u00e9e pour des r\u00e9sultats optimaux.<\/p>\n","protected":false},"excerpt":{"rendered":"<p>\u00c9cran LCD IPS Full HD 15,6&Prime; (LP156WFC SPM1) flambant neuf avec connecteur eDP 30 broches. Ce panneau de remplacement non tactile garantit une image nette et des angles de vision larges. Livr\u00e9 sans supports, mais avec des bandes autocollantes pour une installation facile.<\/p>\n","protected":false},"featured_media":16978,"template":"","meta":[],"product_brand":[],"product_cat":[105,95],"product_tag":[],"class_list":{"0":"post-16933","1":"product","2":"type-product","3":"status-publish","4":"has-post-thumbnail","6":"product_cat-15-6-new-laptop-screens-lcd-panels","7":"product_cat-new-laptop-screens-lcd-panels","9":"first","10":"instock","11":"taxable","12":"shipping-taxable","13":"purchasable","14":"product-type-simple"},"_links":{"self":[{"href":"https:\/\/boreait.com\/fr\/wp-json\/wp\/v2\/product\/16933","targetHints":{"allow":["GET"]}}],"collection":[{"href":"https:\/\/boreait.com\/fr\/wp-json\/wp\/v2\/product"}],"about":[{"href":"https:\/\/boreait.com\/fr\/wp-json\/wp\/v2\/types\/product"}],"wp:featuredmedia":[{"embeddable":true,"href":"https:\/\/boreait.com\/fr\/wp-json\/wp\/v2\/media\/16978"}],"wp:attachment":[{"href":"https:\/\/boreait.com\/fr\/wp-json\/wp\/v2\/media?parent=16933"}],"wp:term":[{"taxonomy":"product_brand","embeddable":true,"href":"https:\/\/boreait.com\/fr\/wp-json\/wp\/v2\/product_brand?post=16933"},{"taxonomy":"product_cat","embeddable":true,"href":"https:\/\/boreait.com\/fr\/wp-json\/wp\/v2\/product_cat?post=16933"},{"taxonomy":"product_tag","embeddable":true,"href":"https:\/\/boreait.com\/fr\/wp-json\/wp\/v2\/product_tag?post=16933"}],"curies":[{"name":"wp","href":"https:\/\/api.w.org\/{rel}","templated":true}]}}