{"id":16932,"date":"2025-09-16T16:42:56","date_gmt":"2025-09-16T14:42:56","guid":{"rendered":"https:\/\/boreait.com\/fr\/?post_type=product&#038;p=16932"},"modified":"2025-09-16T16:44:07","modified_gmt":"2025-09-16T14:44:07","slug":"ecran-lcd-156-fhd-ips-30-broches-non-tactile-nv156fhm-n52-n4l-n4h-neuf","status":"publish","type":"product","link":"https:\/\/boreait.com\/fr\/produit\/ecran-lcd-156-fhd-ips-30-broches-non-tactile-nv156fhm-n52-n4l-n4h-neuf\/","title":{"rendered":"\u00c9cran LCD 15,6&Prime; FHD IPS 30 broches non tactile NV156FHM-N52\/N4L\/N4H \u2013 Neuf"},"content":{"rendered":"<p>Mod\u00e8le d&rsquo;\u00e9cran LCD actuel\u00a0: B156HAN02.5 \u2013 ENTI\u00c8REMENT COMPATIBLE AVEC L&rsquo;\u00c9CRAN D&rsquo;ORDINATEUR PORTABLE NV156FHM-N52 N4L N4H N63 N4N<\/p>\n<p data-start=\"443\" data-end=\"766\">Am\u00e9liorez l&rsquo;affichage de votre ordinateur portable avec cet <strong data-start=\"496\" data-end=\"528\">\u00e9cran LCD IPS Full HD 15,6&Prime; de haute qualit\u00e9<\/strong> (NV156FHM-N52 \/ N4L \/ N4H \/ N63 \/ N4N). Con\u00e7u pour des <strong data-start=\"582\" data-end=\"618\">images nettes et des couleurs \u00e9clatantes<\/strong>, cet \u00e9cran est \u00e9quip\u00e9 d&rsquo;un <strong data-start=\"643\" data-end=\"667\">connecteur eDP 30 broches<\/strong> et est <strong data-start=\"675\" data-end=\"688\">non tactile<\/strong>, ce qui en fait un excellent remplacement pour un \u00e9cran fissur\u00e9 ou d\u00e9fectueux.<\/p>\n<h4 data-start=\"768\" data-end=\"792\"><strong data-start=\"773\" data-end=\"790\">Caract\u00e9ristiques principales\u00a0:<\/strong><\/h4>\n<p data-start=\"793\" data-end=\"1054\">\u2714 <strong data-start=\"795\" data-end=\"804\">Taille\u00a0:<\/strong> 15,6 pouces<br data-start=\"816\" data-end=\"819\" \/>\u2714 <strong data-start=\"821\" data-end=\"836\">R\u00e9solution\u00a0:<\/strong> Full HD (1920 x 1080)<br data-start=\"856\" data-end=\"859\" \/>\u2714 <strong data-start=\"861\" data-end=\"876\">Panneau Type\u00a0: IPS (In-Plane Switching)<br data-start=\"901\" data-end=\"904\" \/>\u2714 <strong data-start=\"906\" data-end=\"920\">Connecteur\u00a0: eDP 30 broches<br data-start=\"931\" data-end=\"934\" data-is-only-node=\"\" \/>\u2714 <strong data-start=\"936\" data-end=\"954\">Prise en charge tactile\u00a0: non (non tactile)<br data-start=\"969\" data-end=\"972\" \/>\u2714 <strong data-start=\"974\" data-end=\"987\">Supports\u00a0: non inclus<br data-start=\"1000\" data-end=\"1003\" \/>\u2714 <strong data-start=\"1005\" data-end=\"1022\">Installation\u00a0: bandes autocollantes inclus<\/p>\n<p data-start=\"1056\" data-end=\"1241\">Cet <strong data-start=\"1061\" data-end=\"1081\">\u00e9cran flambant neuf<\/strong> s&rsquo;installe facilement gr\u00e2ce aux bandes autocollantes fournies. Veuillez v\u00e9rifier la compatibilit\u00e9 de votre ordinateur portable avant l&rsquo;achat pour garantir un ajustement parfait.<\/p>\n<p data-start=\"1243\" data-end=\"1321\" data-is-last-node=\"\" data-is-only-node=\"\">\ud83d\udca1 <strong data-start=\"1246\" data-end=\"1255\">Remarque\u00a0:<\/strong> Une installation professionnelle est recommand\u00e9e pour des performances optimales.<\/p>\n","protected":false},"excerpt":{"rendered":"<p>\u00c9cran LCD 15,6&Prime; neuf (NV156FHM-N52\/N4L\/N4H\/N63\/N4N) avec dalle IPS Full HD et connecteur eDP 30 broches. Cet \u00e9cran non tactile est livr\u00e9 sans support et est fourni avec des bandes autocollantes pour une installation facile. Id\u00e9al pour remplacer un \u00e9cran d&rsquo;ordinateur portable endommag\u00e9 ou d\u00e9fectueux.<\/p>\n","protected":false},"featured_media":16978,"template":"","meta":[],"product_brand":[],"product_cat":[105,95],"product_tag":[],"class_list":{"0":"post-16932","1":"product","2":"type-product","3":"status-publish","4":"has-post-thumbnail","6":"product_cat-15-6-new-laptop-screens-lcd-panels","7":"product_cat-new-laptop-screens-lcd-panels","9":"first","10":"instock","11":"taxable","12":"shipping-taxable","13":"purchasable","14":"product-type-simple"},"_links":{"self":[{"href":"https:\/\/boreait.com\/fr\/wp-json\/wp\/v2\/product\/16932","targetHints":{"allow":["GET"]}}],"collection":[{"href":"https:\/\/boreait.com\/fr\/wp-json\/wp\/v2\/product"}],"about":[{"href":"https:\/\/boreait.com\/fr\/wp-json\/wp\/v2\/types\/product"}],"wp:featuredmedia":[{"embeddable":true,"href":"https:\/\/boreait.com\/fr\/wp-json\/wp\/v2\/media\/16978"}],"wp:attachment":[{"href":"https:\/\/boreait.com\/fr\/wp-json\/wp\/v2\/media?parent=16932"}],"wp:term":[{"taxonomy":"product_brand","embeddable":true,"href":"https:\/\/boreait.com\/fr\/wp-json\/wp\/v2\/product_brand?post=16932"},{"taxonomy":"product_cat","embeddable":true,"href":"https:\/\/boreait.com\/fr\/wp-json\/wp\/v2\/product_cat?post=16932"},{"taxonomy":"product_tag","embeddable":true,"href":"https:\/\/boreait.com\/fr\/wp-json\/wp\/v2\/product_tag?post=16932"}],"curies":[{"name":"wp","href":"https:\/\/api.w.org\/{rel}","templated":true}]}}