{"id":16931,"date":"2025-09-16T16:42:56","date_gmt":"2025-09-16T14:42:56","guid":{"rendered":"https:\/\/boreait.com\/fr\/?post_type=product&#038;p=16931"},"modified":"2025-09-16T16:44:07","modified_gmt":"2025-09-16T14:44:07","slug":"ecran-lcd-156-fhd-ips-30-broches-non-tactile-b156han02-6-neuf","status":"publish","type":"product","link":"https:\/\/boreait.com\/fr\/produit\/ecran-lcd-156-fhd-ips-30-broches-non-tactile-b156han02-6-neuf\/","title":{"rendered":"\u00c9cran LCD 15,6&Prime; FHD IPS 30 broches non tactile B156HAN02.6 \u2013 Neuf"},"content":{"rendered":"<p><strong>Mod\u00e8le d&rsquo;\u00e9cran LCD actuel\u00a0: B156HAN02.5 \u2013 ENTI\u00c8REMENT COMPATIBLE AVEC L&rsquo;\u00c9CRAN D&rsquo;ORDINATEUR PORTABLE B156HAN02.6<\/strong><\/p>\n<p data-start=\"415\" data-end=\"733\">Am\u00e9liorez la qualit\u00e9 d&rsquo;affichage de votre ordinateur portable avec cet <strong data-start=\"463\" data-end=\"495\">\u00e9cran LCD IPS Full HD 15,6&Prime;<\/strong> (B156HAN02.6). Con\u00e7u pour une clart\u00e9 et une reproduction des couleurs \u00e9clatantes, cet \u00e9cran hautes performances est \u00e9quip\u00e9 d&rsquo;un <strong data-start=\"604\" data-end=\"628\">connecteur eDP 30 broches<\/strong> et d&rsquo;une <strong data-start=\"635\" data-end=\"654\">panneau non tactile<\/strong>, ce qui en fait un remplacement fiable pour votre \u00e9cran endommag\u00e9 ou d\u00e9fectueux.<\/p>\n<h4 data-start=\"735\" data-end=\"759\"><strong data-start=\"740\" data-end=\"757\">Principales caract\u00e9ristiques\u00a0:<\/strong><\/h4>\n<p data-start=\"760\" data-end=\"1074\">\u2714 <strong data-start=\"762\" data-end=\"778\">Taille de l&rsquo;\u00e9cran\u00a0:<\/strong> 15,6 pouces<br data-start=\"790\" data-end=\"793\" \/>\u2714 <strong data-start=\"795\" data-end=\"810\">R\u00e9solution\u00a0:<\/strong> Full HD (1920 x 1080)<br data-start=\"830\" data-end=\"833\" \/>\u2714 <strong data-start=\"835\" data-end=\"850\">Type de dalle\u00a0:<\/strong> IPS (In-Plane Switching) pour une pr\u00e9cision des couleurs sup\u00e9rieure<br data-start=\"903\" data-end=\"906\" \/>\u2714 <strong data-start=\"908\" data-end=\"922\">Connecteur\u00a0:<\/strong> eDP 30 broches<br data-start=\"933\" data-end=\"936\" data-is-only-node=\"\" \/>\u2714 <strong data-start=\"938\" data-end=\"956\">Prise en charge tactile\u00a0:<\/strong> Non (non tactile)<br data-start=\"971\" data-end=\"974\" \/>\u2714 <strong data-start=\"976\" data-end=\"989\">Supports\u00a0:<\/strong> Non inclus<br data-start=\"1002\" data-end=\"1005\" \/>\u2714 <strong data-start=\"1007\" data-end=\"1024\">Installation\u00a0:<\/strong> Bandes autocollantes incluses pour un montage facile<\/p>\n<p data-start=\"1076\" data-end=\"1255\">Ce <strong data-start=\"1081\" data-end=\"1105\">tout nouvel \u00e9cran LCD<\/strong> garantit une installation facile gr\u00e2ce \u00e0 l&rsquo;autocollant inclus Bandes. Veuillez v\u00e9rifier la compatibilit\u00e9 de votre ordinateur portable avant l&rsquo;achat pour garantir un ajustement parfait.<\/p>\n<p data-start=\"1257\" data-end=\"1335\" data-is-last-node=\"\" data-is-only-node=\"\">\ud83d\udca1 <strong data-start=\"1260\" data-end=\"1269\">Remarque\u00a0:<\/strong> Une installation par un professionnel est recommand\u00e9e pour des performances optimales.<\/p>\n","protected":false},"excerpt":{"rendered":"<p>\u00c9cran LCD 15,6&Prime; neuf (B156HAN02.6) avec dalle IPS Full HD et connecteur eDP 30 broches. Cet \u00e9cran non tactile est livr\u00e9 sans support et est fourni avec des bandes autocollantes pour une installation facile. Id\u00e9al pour remplacer un \u00e9cran d&rsquo;ordinateur portable endommag\u00e9 ou d\u00e9fectueux.<\/p>\n","protected":false},"featured_media":16978,"template":"","meta":[],"product_brand":[],"product_cat":[105,95],"product_tag":[],"class_list":{"0":"post-16931","1":"product","2":"type-product","3":"status-publish","4":"has-post-thumbnail","6":"product_cat-15-6-new-laptop-screens-lcd-panels","7":"product_cat-new-laptop-screens-lcd-panels","9":"first","10":"instock","11":"taxable","12":"shipping-taxable","13":"purchasable","14":"product-type-simple"},"_links":{"self":[{"href":"https:\/\/boreait.com\/fr\/wp-json\/wp\/v2\/product\/16931","targetHints":{"allow":["GET"]}}],"collection":[{"href":"https:\/\/boreait.com\/fr\/wp-json\/wp\/v2\/product"}],"about":[{"href":"https:\/\/boreait.com\/fr\/wp-json\/wp\/v2\/types\/product"}],"wp:featuredmedia":[{"embeddable":true,"href":"https:\/\/boreait.com\/fr\/wp-json\/wp\/v2\/media\/16978"}],"wp:attachment":[{"href":"https:\/\/boreait.com\/fr\/wp-json\/wp\/v2\/media?parent=16931"}],"wp:term":[{"taxonomy":"product_brand","embeddable":true,"href":"https:\/\/boreait.com\/fr\/wp-json\/wp\/v2\/product_brand?post=16931"},{"taxonomy":"product_cat","embeddable":true,"href":"https:\/\/boreait.com\/fr\/wp-json\/wp\/v2\/product_cat?post=16931"},{"taxonomy":"product_tag","embeddable":true,"href":"https:\/\/boreait.com\/fr\/wp-json\/wp\/v2\/product_tag?post=16931"}],"curies":[{"name":"wp","href":"https:\/\/api.w.org\/{rel}","templated":true}]}}