{"id":16930,"date":"2025-09-16T16:42:56","date_gmt":"2025-09-16T14:42:56","guid":{"rendered":"https:\/\/boreait.com\/fr\/?post_type=product&#038;p=16930"},"modified":"2025-09-16T16:44:06","modified_gmt":"2025-09-16T14:44:06","slug":"ecran-lcd-156-fhd-ips-30-broches-non-tactile-b156han02-5-hw4a-hwaa-neuf","status":"publish","type":"product","link":"https:\/\/boreait.com\/fr\/produit\/ecran-lcd-156-fhd-ips-30-broches-non-tactile-b156han02-5-hw4a-hwaa-neuf\/","title":{"rendered":"\u00c9cran LCD 15,6&Prime; FHD IPS 30 broches non tactile B156HAN02.5 HW4A HWAA \u2013 Neuf"},"content":{"rendered":"<p>Mod\u00e8le d&rsquo;\u00e9cran LCD actuel\u00a0: B156HAN02.5 \u2013 ENTI\u00c8REMENT COMPATIBLE AVEC LES \u00c9CRANS D&rsquo;ORDINATEUR PORTABLE B156HAN02.5 HW4A HWAA HW2A HWBA HW9A HW0A<\/p>\n<p data-start=\"482\" data-end=\"807\">Am\u00e9liorez votre ordinateur portable avec cet <strong data-start=\"520\" data-end=\"552\">\u00e9cran LCD IPS Full HD 15,6&Prime; haut de gamme<\/strong> (B156HAN02.5, HW4A, HWAA, HW2A, HWBA, HW9A, HW0A). Con\u00e7u pour des <strong data-start=\"617\" data-end=\"653\">images nettes et des couleurs \u00e9clatantes<\/strong>, cet \u00e9cran est \u00e9quip\u00e9 d&rsquo;un <strong data-start=\"678\" data-end=\"702\">connecteur eDP 30 broches<\/strong> et d&rsquo;un <strong data-start=\"709\" data-end=\"730\">\u00c9cran non tactile<\/strong>, ce qui en fait un excellent remplacement pour une dalle endommag\u00e9e ou d\u00e9fectueuse.<\/p>\n<h4 data-start=\"809\" data-end=\"833\"><strong data-start=\"814\" data-end=\"831\">Principales caract\u00e9ristiques\u00a0:<\/strong><\/h4>\n<p data-start=\"834\" data-end=\"1095\">\u2714 <strong data-start=\"836\" data-end=\"845\">Taille\u00a0:<\/strong> 15,6 pouces<br data-start=\"857\" data-end=\"860\" \/>\u2714 <strong data-start=\"862\" data-end=\"877\">R\u00e9solution\u00a0:<\/strong> Full HD (1920 x 1080)<br data-start=\"897\" data-end=\"900\" \/>\u2714 <strong data-start=\"902\" data-end=\"917\">Dalle Type\u00a0: IPS (In-Plane Switching)<br data-start=\"942\" data-end=\"945\" \/>\u2714 <strong data-start=\"947\" data-end=\"961\">Connecteur\u00a0: eDP 30 broches<br data-start=\"972\" data-end=\"975\" data-is-only-node=\"\" \/>\u2714 <strong data-start=\"977\" data-end=\"995\">Prise en charge tactile\u00a0: non (non tactile)<br data-start=\"1010\" data-end=\"1013\" \/>\u2714 <strong data-start=\"1015\" data-end=\"1028\">Supports\u00a0: non inclus<br data-start=\"1041\" data-end=\"1044\" \/>\u2714 <strong data-start=\"1046\" data-end=\"1063\">Installation\u00a0: bandes autocollantes inclus<\/p>\n<p data-start=\"1097\" data-end=\"1268\">Cet <strong data-start=\"1102\" data-end=\"1126\">\u00e9cran LCD flambant neuf<\/strong> s&rsquo;installe facilement gr\u00e2ce aux <strong data-start=\"1178\" data-end=\"1202\">bandes autocollantes<\/strong> incluses. V\u00e9rifiez la compatibilit\u00e9 avec votre mod\u00e8le d&rsquo;ordinateur portable avant l&rsquo;achat.<\/p>\n<p data-start=\"1270\" data-end=\"1345\" data-is-last-node=\"\" data-is-only-node=\"\">\ud83d\udca1 <strong data-start=\"1273\" data-end=\"1282\">Remarque\u00a0:<\/strong> Une installation professionnelle est recommand\u00e9e pour un r\u00e9sultat optimal.<\/p>\n","protected":false},"excerpt":{"rendered":"<p>\u00c9cran LCD 15,6&Prime; neuf (B156HAN02.5, HW4A, HWAA, HW2A, HWBA, HW9A, HW0A) avec \u00e9cran IPS Full HD et connecteur eDP 30 broches. Cet \u00e9cran non tactile est livr\u00e9 sans support et est fourni avec des bandes autocollantes pour une installation facile. Id\u00e9al pour remplacer un \u00e9cran d&rsquo;ordinateur portable endommag\u00e9 ou d\u00e9fectueux.<\/p>\n","protected":false},"featured_media":16978,"template":"","meta":[],"product_brand":[],"product_cat":[105,95],"product_tag":[],"class_list":{"0":"post-16930","1":"product","2":"type-product","3":"status-publish","4":"has-post-thumbnail","6":"product_cat-15-6-new-laptop-screens-lcd-panels","7":"product_cat-new-laptop-screens-lcd-panels","9":"first","10":"instock","11":"taxable","12":"shipping-taxable","13":"purchasable","14":"product-type-simple"},"_links":{"self":[{"href":"https:\/\/boreait.com\/fr\/wp-json\/wp\/v2\/product\/16930","targetHints":{"allow":["GET"]}}],"collection":[{"href":"https:\/\/boreait.com\/fr\/wp-json\/wp\/v2\/product"}],"about":[{"href":"https:\/\/boreait.com\/fr\/wp-json\/wp\/v2\/types\/product"}],"wp:featuredmedia":[{"embeddable":true,"href":"https:\/\/boreait.com\/fr\/wp-json\/wp\/v2\/media\/16978"}],"wp:attachment":[{"href":"https:\/\/boreait.com\/fr\/wp-json\/wp\/v2\/media?parent=16930"}],"wp:term":[{"taxonomy":"product_brand","embeddable":true,"href":"https:\/\/boreait.com\/fr\/wp-json\/wp\/v2\/product_brand?post=16930"},{"taxonomy":"product_cat","embeddable":true,"href":"https:\/\/boreait.com\/fr\/wp-json\/wp\/v2\/product_cat?post=16930"},{"taxonomy":"product_tag","embeddable":true,"href":"https:\/\/boreait.com\/fr\/wp-json\/wp\/v2\/product_tag?post=16930"}],"curies":[{"name":"wp","href":"https:\/\/api.w.org\/{rel}","templated":true}]}}