{"id":16929,"date":"2025-09-16T16:42:56","date_gmt":"2025-09-16T14:42:56","guid":{"rendered":"https:\/\/boreait.com\/fr\/?post_type=product&#038;p=16929"},"modified":"2025-09-16T16:44:06","modified_gmt":"2025-09-16T14:44:06","slug":"ecran-lcd-156-fhd-ips-30-broches-non-tactile-n156hca-e5a-e5b-neuf","status":"publish","type":"product","link":"https:\/\/boreait.com\/fr\/produit\/ecran-lcd-156-fhd-ips-30-broches-non-tactile-n156hca-e5a-e5b-neuf\/","title":{"rendered":"\u00c9cran LCD 15,6&Prime; FHD IPS 30 broches non tactile N156HCA-E5A\/E5B \u2013 Neuf"},"content":{"rendered":"<p>Mod\u00e8le d&rsquo;\u00e9cran LCD actuel\u00a0: B156HAN02.5 \u2013 ENTI\u00c8REMENT COMPATIBLE AVEC L&rsquo;\u00c9CRAN D&rsquo;ORDINATEUR PORTABLE N156HCA-E5A E5B<\/p>\n<p data-start=\"441\" data-end=\"709\">Am\u00e9liorez l&rsquo;affichage de votre ordinateur portable avec cet <strong data-start=\"481\" data-end=\"513\">\u00e9cran LCD IPS Full HD 15,6&Prime;<\/strong> (N156HCA-E5A \/ N156HCA-E5B), con\u00e7u pour des images nettes et des couleurs pr\u00e9cises. Cet \u00e9cran de remplacement est \u00e9quip\u00e9 d&rsquo;un <strong data-start=\"626\" data-end=\"650\">connecteur eDP 30 broches<\/strong>, garantissant une compatibilit\u00e9 parfaite avec les appareils pris en charge.<\/p>\n<h4 data-start=\"711\" data-end=\"735\"><strong data-start=\"716\" data-end=\"733\">Cl\u00e9 Caract\u00e9ristiques\u00a0:<\/strong><\/h4>\n<p data-start=\"736\" data-end=\"997\">\u2714 <strong data-start=\"738\" data-end=\"747\">Taille\u00a0:<\/strong> 15,6 pouces<br data-start=\"759\" data-end=\"762\" \/>\u2714 <strong data-start=\"764\" data-end=\"779\">R\u00e9solution\u00a0:<\/strong> Full HD (1920 x 1080)<br data-start=\"799\" data-end=\"802\" \/>\u2714 <strong data-start=\"804\" data-end=\"819\">Type de dalle\u00a0:<\/strong> IPS (In-Plane Switching)<br data-start=\"844\" data-end=\"847\" \/>\u2714 <strong data-start=\"849\" data-end=\"863\">Connecteur\u00a0:<\/strong> eDP 30 broches<br data-start=\"874\" data-end=\"877\" data-is-only-node=\"\" \/>\u2714 <strong data-start=\"879\" data-end=\"897\">Prise en charge tactile\u00a0:<\/strong> Non (non tactile)<br data-start=\"912\" data-end=\"915\" \/>\u2714 <strong data-start=\"917\" data-end=\"930\">Supports\u00a0:<\/strong> Non inclus<br data-start=\"943\" data-end=\"946\" \/>\u2714 <strong data-start=\"948\" data-end=\"965\">Installation\u00a0:<\/strong> Bandes autocollantes incluses<\/p>\n<p data-start=\"999\" data-end=\"1177\">Cet <strong data-start=\"1004\" data-end=\"1031\">\u00e9cran d&rsquo;ordinateur portable neuf<\/strong> est une excellente solution de remplacement pour les \u00e9crans cass\u00e9s, vacillants ou endommag\u00e9s. L&rsquo;\u00e9cran inclus <strong data-start=\"1113\" data-end=\"1137\">Les bandes autocollantes<\/strong> garantissent une installation facile.<\/p>\n<p data-start=\"1179\" data-end=\"1309\" data-is-last-node=\"\" data-is-only-node=\"\">\ud83d\udca1 <strong data-start=\"1182\" data-end=\"1191\">Remarque\u00a0:<\/strong> Veuillez v\u00e9rifier la compatibilit\u00e9 de votre ordinateur portable avant l&rsquo;achat. Une installation par un professionnel est recommand\u00e9e pour un r\u00e9sultat optimal.<\/p>\n","protected":false},"excerpt":{"rendered":"<p>\u00c9cran LCD IPS Full HD 15,6&Prime; neuf (N156HCA-E5A \/ E5B) avec connexion eDP 30 broches. Cet \u00e9cran non tactile est livr\u00e9 sans support et est fourni avec des bandes autocollantes pour une installation facile. Il est id\u00e9al pour remplacer un \u00e9cran d&rsquo;ordinateur portable endommag\u00e9 ou d\u00e9fectueux.<\/p>\n","protected":false},"featured_media":16978,"template":"","meta":[],"product_brand":[],"product_cat":[105,95],"product_tag":[],"class_list":{"0":"post-16929","1":"product","2":"type-product","3":"status-publish","4":"has-post-thumbnail","6":"product_cat-15-6-new-laptop-screens-lcd-panels","7":"product_cat-new-laptop-screens-lcd-panels","9":"first","10":"instock","11":"taxable","12":"shipping-taxable","13":"purchasable","14":"product-type-simple"},"_links":{"self":[{"href":"https:\/\/boreait.com\/fr\/wp-json\/wp\/v2\/product\/16929","targetHints":{"allow":["GET"]}}],"collection":[{"href":"https:\/\/boreait.com\/fr\/wp-json\/wp\/v2\/product"}],"about":[{"href":"https:\/\/boreait.com\/fr\/wp-json\/wp\/v2\/types\/product"}],"wp:featuredmedia":[{"embeddable":true,"href":"https:\/\/boreait.com\/fr\/wp-json\/wp\/v2\/media\/16978"}],"wp:attachment":[{"href":"https:\/\/boreait.com\/fr\/wp-json\/wp\/v2\/media?parent=16929"}],"wp:term":[{"taxonomy":"product_brand","embeddable":true,"href":"https:\/\/boreait.com\/fr\/wp-json\/wp\/v2\/product_brand?post=16929"},{"taxonomy":"product_cat","embeddable":true,"href":"https:\/\/boreait.com\/fr\/wp-json\/wp\/v2\/product_cat?post=16929"},{"taxonomy":"product_tag","embeddable":true,"href":"https:\/\/boreait.com\/fr\/wp-json\/wp\/v2\/product_tag?post=16929"}],"curies":[{"name":"wp","href":"https:\/\/api.w.org\/{rel}","templated":true}]}}