{"id":16921,"date":"2025-09-16T16:42:33","date_gmt":"2025-09-16T14:42:33","guid":{"rendered":"https:\/\/boreait.com\/fr\/?post_type=product&#038;p=16921"},"modified":"2025-09-16T16:44:05","modified_gmt":"2025-09-16T14:44:05","slug":"ecran-lcd-156-fhd-ips-30-broches-non-tactile-lm156lfdl01-02-neuf","status":"publish","type":"product","link":"https:\/\/boreait.com\/fr\/produit\/ecran-lcd-156-fhd-ips-30-broches-non-tactile-lm156lfdl01-02-neuf\/","title":{"rendered":"\u00c9cran LCD 15,6&Prime; FHD IPS 30 broches non tactile LM156LFDL01\/02 \u2013 Neuf"},"content":{"rendered":"<p>Mod\u00e8le d&rsquo;\u00e9cran LCD actuel\u00a0: B156HAN02.5 \u2013 ENTI\u00c8REMENT COMPATIBLE AVEC LES \u00c9CRANS D&rsquo;ORDINATEUR PORTABLE LM156LFDL01 &#8211; LM156LFDL02<\/p>\n<p data-start=\"442\" data-end=\"743\">Am\u00e9liorez votre ordinateur portable avec cet <strong data-start=\"485\" data-end=\"517\">\u00e9cran LCD IPS Full HD 15,6&Prime;<\/strong> (LM156LFDL01 \/ LM156LFDL02) de haute qualit\u00e9. Con\u00e7u pour offrir des images nettes et des couleurs \u00e9clatantes, cet \u00e9cran est \u00e9quip\u00e9 d&rsquo;une <strong data-start=\"624\" data-end=\"649\">connexion eDP 30 broches<\/strong> et d&rsquo;un <strong data-start=\"656\" data-end=\"677\">\u00e9cran non tactile<\/strong>, ce qui en fait le remplacement id\u00e9al d&rsquo;un \u00e9cran endommag\u00e9 ou d\u00e9fectueux.<\/p>\n<p data-start=\"745\" data-end=\"1022\">Principales caract\u00e9ristiques\u00a0:<br data-start=\"758\" data-end=\"761\" \/>\u2714 <strong data-start=\"763\" data-end=\"772\">Taille\u00a0:<\/strong> 15,6 pouces<br data-start=\"784\" data-end=\"787\" \/>\u2714 <strong data-start=\"789\" data-end=\"804\">R\u00e9solution\u00a0:<\/strong> Full HD (1\u00a0920 x 1\u00a0080)<br data-start=\"824\" data-end=\"827\" \/>\u2714 <strong data-start=\"829\" data-end=\"844\">Type de dalle\u00a0:<\/strong> IPS (In-Plane Switching)<br data-start=\"869\" data-end=\"872\" data-is-only-node=\"\" \/>\u2714 <strong data-start=\"874\" data-end=\"888\">Connecteur\u00a0:<\/strong> 30 broches eDP<br data-start=\"899\" data-end=\"902\" \/>\u2714 <strong data-start=\"904\" data-end=\"922\">Prise en charge tactile\u00a0:<\/strong> Non (non tactile)<br data-start=\"937\" data-end=\"940\" \/>\u2714 <strong data-start=\"942\" data-end=\"955\">Supports\u00a0:<\/strong> Non inclus<br data-start=\"968\" data-end=\"971\" \/>\u2714 <strong data-start=\"973\" data-end=\"990\">Installation\u00a0:<\/strong> Bandes autocollantes incluses<\/p>\n<p data-start=\"1024\" data-end=\"1214\">Cet <strong data-start=\"1029\" data-end=\"1053\">\u00e9cran LCD flambant neuf<\/strong> garantit une installation simple et fluide gr\u00e2ce aux bandes autocollantes fournies. V\u00e9rifiez la compatibilit\u00e9 de votre ordinateur portable avant l&rsquo;achat pour une installation parfaite. Convient.<\/p>\n<p data-start=\"1216\" data-end=\"1287\" data-is-last-node=\"\" data-is-only-node=\"\">\ud83d\udca1 <strong data-start=\"1219\" data-end=\"1228\">Remarque\u00a0:<\/strong> Une installation professionnelle est recommand\u00e9e pour de meilleurs r\u00e9sultats.<\/p>\n","protected":false},"excerpt":{"rendered":"<p>\u00c9cran LCD 15,6&Prime; neuf (LM156LFDL01\/LM156LFDL02) avec dalle IPS Full HD et connecteur eDP 30 broches. Cet \u00e9cran non tactile est livr\u00e9 sans support et est fourni avec des bandes autocollantes pour une installation facile. Id\u00e9al pour remplacer l&rsquo;\u00e9cran de votre ordinateur portable endommag\u00e9 ou d\u00e9fectueux.<\/p>\n","protected":false},"featured_media":16978,"template":"","meta":[],"product_brand":[],"product_cat":[105,95],"product_tag":[],"class_list":{"0":"post-16921","1":"product","2":"type-product","3":"status-publish","4":"has-post-thumbnail","6":"product_cat-15-6-new-laptop-screens-lcd-panels","7":"product_cat-new-laptop-screens-lcd-panels","9":"first","10":"instock","11":"taxable","12":"shipping-taxable","13":"purchasable","14":"product-type-simple"},"_links":{"self":[{"href":"https:\/\/boreait.com\/fr\/wp-json\/wp\/v2\/product\/16921","targetHints":{"allow":["GET"]}}],"collection":[{"href":"https:\/\/boreait.com\/fr\/wp-json\/wp\/v2\/product"}],"about":[{"href":"https:\/\/boreait.com\/fr\/wp-json\/wp\/v2\/types\/product"}],"wp:featuredmedia":[{"embeddable":true,"href":"https:\/\/boreait.com\/fr\/wp-json\/wp\/v2\/media\/16978"}],"wp:attachment":[{"href":"https:\/\/boreait.com\/fr\/wp-json\/wp\/v2\/media?parent=16921"}],"wp:term":[{"taxonomy":"product_brand","embeddable":true,"href":"https:\/\/boreait.com\/fr\/wp-json\/wp\/v2\/product_brand?post=16921"},{"taxonomy":"product_cat","embeddable":true,"href":"https:\/\/boreait.com\/fr\/wp-json\/wp\/v2\/product_cat?post=16921"},{"taxonomy":"product_tag","embeddable":true,"href":"https:\/\/boreait.com\/fr\/wp-json\/wp\/v2\/product_tag?post=16921"}],"curies":[{"name":"wp","href":"https:\/\/api.w.org\/{rel}","templated":true}]}}