{"id":16920,"date":"2025-09-16T16:42:33","date_gmt":"2025-09-16T14:42:33","guid":{"rendered":"https:\/\/boreait.com\/fr\/?post_type=product&#038;p=16920"},"modified":"2025-09-16T16:44:05","modified_gmt":"2025-09-16T14:44:05","slug":"ecran-lcd-b156han02-5-156-fhd-ips-30-broches-non-tactile-neuf-avec-bandes-adhesives","status":"publish","type":"product","link":"https:\/\/boreait.com\/fr\/produit\/ecran-lcd-b156han02-5-156-fhd-ips-30-broches-non-tactile-neuf-avec-bandes-adhesives\/","title":{"rendered":"\u00c9cran LCD B156HAN02.5 15,6&Prime; FHD IPS 30 broches non tactile \u2013 Neuf, avec bandes adh\u00e9sives"},"content":{"rendered":"<p data-start=\"473\" data-end=\"826\">Am\u00e9liorez votre ordinateur portable avec l&rsquo;\u00e9cran LCD B156HAN02.5, une dalle IPS Full HD (1920 x 1080) de 15,6 pouces de haute qualit\u00e9. Cet \u00e9cran offre une clart\u00e9 exceptionnelle, des couleurs \u00e9clatantes et de larges angles de vision, ce qui le rend id\u00e9al pour le travail, les loisirs et une utilisation quotidienne. Il est dot\u00e9 d&rsquo;un connecteur eDP 30 broches et d&rsquo;une conception non tactile pour une compatibilit\u00e9 avec diff\u00e9rents mod\u00e8les d&rsquo;ordinateurs portables.<\/p>\n<p data-start=\"828\" data-end=\"1118\">L&#8217;emballage comprend des bandes autocollantes pour une installation facile sans supports suppl\u00e9mentaires. Que vous remplaciez un \u00e9cran endommag\u00e9 ou que vous le mettiez \u00e0 niveau, cette toute nouvelle dalle LCD garantit une exp\u00e9rience visuelle haut de gamme, durable et fiable.<\/p>\n<p data-start=\"1120\" data-end=\"1141\"><strong data-start=\"1120\" data-end=\"1139\">Caract\u00e9ristiques\u00a0:<\/strong><\/p>\n<ul data-start=\"1142\" data-end=\"1369\">\n<li data-start=\"1142\" data-end=\"1164\">Mod\u00e8le\u00a0: B156HAN02.5<\/li>\n<li data-start=\"1165\" data-end=\"1186\">Taille\u00a0: 15,6 pouces<\/li>\n<li data-start=\"1187\" data-end=\"1222\">R\u00e9solution\u00a0: Full HD (1920 x 1080)<\/li>\n<li data-start=\"1223\" data-end=\"1242\">Type de dalle\u00a0: IPS<\/li>\n<li data-start=\"1243\" data-end=\"1268\">Connecteur\u00a0: eDP 30 broches<\/li>\n<li data-start=\"1269\" data-end=\"1288\">\u00c9cran tactile\u00a0: Non<\/li>\n<li data-start=\"1289\" data-end=\"1350\">Installation\u00a0: Bandes autocollantes incluses (sans support)<\/li>\n<li data-start=\"1351\" data-end=\"1369\">\u00c9tat\u00a0: Neuf<\/li>\n<\/ul>\n<p data-start=\"1371\" data-end=\"1485\" data-is-last-node=\"\" data-is-only-node=\"\">V\u00e9rifiez la compatibilit\u00e9 avant l&rsquo;achat et profitez d&rsquo;un affichage hautes performances avec cet \u00e9cran LCD haut de gamme.<\/p>\n","protected":false},"excerpt":{"rendered":"<p>Nouvel \u00e9cran LCD B156HAN02.5 pour ordinateur portable, dot\u00e9 d&rsquo;une dalle IPS Full HD (1920 x 1080) de 15,6 pouces pour des images nettes et des angles de vision larges. Dot\u00e9 d&rsquo;un connecteur eDP 30 broches, cet \u00e9cran non tactile assure une compatibilit\u00e9 optimale. Des bandes adh\u00e9sives sont incluses pour une installation facile.<\/p>\n","protected":false},"featured_media":16978,"template":"","meta":[],"product_brand":[],"product_cat":[105,95],"product_tag":[],"class_list":{"0":"post-16920","1":"product","2":"type-product","3":"status-publish","4":"has-post-thumbnail","6":"product_cat-15-6-new-laptop-screens-lcd-panels","7":"product_cat-new-laptop-screens-lcd-panels","9":"first","10":"instock","11":"taxable","12":"shipping-taxable","13":"purchasable","14":"product-type-simple"},"_links":{"self":[{"href":"https:\/\/boreait.com\/fr\/wp-json\/wp\/v2\/product\/16920","targetHints":{"allow":["GET"]}}],"collection":[{"href":"https:\/\/boreait.com\/fr\/wp-json\/wp\/v2\/product"}],"about":[{"href":"https:\/\/boreait.com\/fr\/wp-json\/wp\/v2\/types\/product"}],"wp:featuredmedia":[{"embeddable":true,"href":"https:\/\/boreait.com\/fr\/wp-json\/wp\/v2\/media\/16978"}],"wp:attachment":[{"href":"https:\/\/boreait.com\/fr\/wp-json\/wp\/v2\/media?parent=16920"}],"wp:term":[{"taxonomy":"product_brand","embeddable":true,"href":"https:\/\/boreait.com\/fr\/wp-json\/wp\/v2\/product_brand?post=16920"},{"taxonomy":"product_cat","embeddable":true,"href":"https:\/\/boreait.com\/fr\/wp-json\/wp\/v2\/product_cat?post=16920"},{"taxonomy":"product_tag","embeddable":true,"href":"https:\/\/boreait.com\/fr\/wp-json\/wp\/v2\/product_tag?post=16920"}],"curies":[{"name":"wp","href":"https:\/\/api.w.org\/{rel}","templated":true}]}}